{"id":4862,"date":"2021-10-26T10:50:58","date_gmt":"2021-10-26T08:50:58","guid":{"rendered":"https:\/\/farmaciadellago.ch\/privacy-policy\/"},"modified":"2024-10-23T12:00:38","modified_gmt":"2024-10-23T10:00:38","slug":"privacy-policy","status":"publish","type":"page","link":"https:\/\/farmaciadellago.ch\/de\/privacy-policy\/","title":{"rendered":"Datenschutzbestimmungen"},"content":{"rendered":"\t\t<div data-elementor-type=\"wp-page\" data-elementor-id=\"4862\" class=\"elementor elementor-4862 elementor-2737\" data-elementor-post-type=\"page\">\n\t\t\t\t\t\t<section class=\"elementor-section elementor-top-section elementor-element elementor-element-109584d0 elementor-section-boxed elementor-section-height-default elementor-section-height-default\" data-id=\"109584d0\" data-element_type=\"section\" data-e-type=\"section\">\n\t\t\t\t\t\t<div class=\"elementor-container elementor-column-gap-default\">\n\t\t\t\t\t<div class=\"elementor-column elementor-col-100 elementor-top-column elementor-element elementor-element-2840de5e\" data-id=\"2840de5e\" data-element_type=\"column\" data-e-type=\"column\">\n\t\t\t<div class=\"elementor-widget-wrap elementor-element-populated\">\n\t\t\t\t\t\t<div class=\"elementor-element elementor-element-012c39a elementor-widget elementor-widget-heading\" data-id=\"012c39a\" data-element_type=\"widget\" data-e-type=\"widget\" data-widget_type=\"heading.default\">\n\t\t\t\t<div class=\"elementor-widget-container\">\n\t\t\t\t\t<h2 class=\"elementor-heading-title elementor-size-default\">Datenschutzbestimmungen<\/h2>\t\t\t\t<\/div>\n\t\t\t\t<\/div>\n\t\t\t\t<div class=\"elementor-element elementor-element-2be0ce4b elementor-widget elementor-widget-text-editor\" data-id=\"2be0ce4b\" data-element_type=\"widget\" data-e-type=\"widget\" data-widget_type=\"text-editor.default\">\n\t\t\t\t<div class=\"elementor-widget-container\">\n\t\t\t\t\t\t\t\t\t<p>Wir von <strong>Farmacia del Lago<\/strong> verpflichten uns, Ihre Privatsph\u00e4re zu sch\u00fctzen und zu respektieren. In dieser Datenschutzerkl\u00e4rung wird erl\u00e4utert, wie wir Ihre pers\u00f6nlichen Daten erfassen, verwenden und sch\u00fctzen, wenn Sie unsere Website <a href=\"https:\/\/farmaciadellago.ch\/de\/\" target=\"_new\" rel=\"noopener\">farmaciadellago.ch<\/a> besuchen und unsere Dienstleistungen nutzen. Durch die Nutzung unserer Website erkl\u00e4ren Sie sich mit der Erfassung und Verwendung von Informationen in \u00dcbereinstimmung mit dieser Richtlinie einverstanden.  <\/p>\n<h4>1. Datenkontrolleur<\/h4>\n<p>Der Verantwortliche f\u00fcr die personenbezogenen Daten auf dieser Website ist <strong>Homa Pharm Sagl<\/strong>, mit Sitz in c\/o Farmacia del Lago, Piazza della Stazione 8, 6600 Muralto (CH). Wenn Sie Fragen zum Datenschutz haben, k\u00f6nnen Sie uns unter info@farmaciadellago.ch kontaktieren. <\/p>\n<h4>2. Welche Daten wir sammeln<\/h4>\n<p>Wenn Sie unsere Website nutzen, k\u00f6nnen wir die folgenden personenbezogenen Daten erfassen und verarbeiten:<\/p>\n<ul>\n<li><strong>Kontaktinformationen<\/strong>: Name, E-Mail-Adresse, Telefonnummer.<\/li>\n<li><strong>Versand- und Rechnungsinformationen<\/strong>: Adresse, Zahlungsdetails und Bestellhistorie.<\/li>\n<li><strong>Kontoinformationen<\/strong>: Wenn Sie ein Konto registrieren, erfassen wir Ihre Anmeldedaten.<\/li>\n<li><strong>Nutzungsdaten<\/strong>: Informationen dar\u00fcber, wie Sie auf unserer Website surfen, wie z.B. Ihre IP-Adresse, den Browsertyp, die besuchten Seiten und die auf der Website verbrachte Zeit.<\/li>\n<\/ul>\n<h4>3. Wie wir Ihre Daten verwenden<\/h4>\n<p>Wir sammeln Ihre pers\u00f6nlichen Daten f\u00fcr die folgenden Zwecke:<\/p>\n<ul>\n<li><strong>Auftragsabwicklung<\/strong>: Um Ihre Bestellungen zu bearbeiten und abzuschlie\u00dfen, einschlie\u00dflich Versand und Bezahlung.<\/li>\n<li><strong>Kommunikation<\/strong>: Um Ihnen Aktualisierungen zu Ihren Bestellungen zu senden, auf Ihre Anfragen zu antworten und Kundensupport zu leisten.<\/li>\n<li><strong>Marketing<\/strong>: Um Ihnen, vorbehaltlich Ihrer Zustimmung, Newsletter und Werbeangebote zu senden.<\/li>\n<li><strong>Verbesserung der Dienste<\/strong>: Um die Nutzung der Website zu analysieren und die Qualit\u00e4t unserer Dienste und die Benutzererfahrung zu verbessern.<\/li>\n<li>Gesetzliche <strong>Verpflichtungen<\/strong>: Zur Erf\u00fcllung gesetzlicher Verpflichtungen nach Schweizer Recht, wie z.B. steuerliche und buchhalterische Verpflichtungen.<\/li>\n<\/ul>\n<h4>4. Rechtsgrundlagen f\u00fcr die Behandlung<\/h4>\n<p>Wir verarbeiten Ihre personenbezogenen Daten auf den folgenden Rechtsgrundlagen:<\/p>\n<ul>\n<li><strong>Vertragserf\u00fcllung<\/strong>: Wenn die Verarbeitung Ihrer Daten erforderlich ist, um einen Vertrag mit Ihnen zu erf\u00fcllen (z. B. die Lieferung Ihrer Bestellung).<\/li>\n<li><strong>Zustimmung<\/strong>: Wenn Sie uns Ihre Zustimmung gegeben haben, z.B. um den Newsletter zu abonnieren.<\/li>\n<li><strong>Berechtigte<\/strong> Interessen: Wenn es in unserem berechtigten Interesse liegt, unsere Dienste anzubieten, zu verwalten und zu verbessern.<\/li>\n<li><strong>Gesetzliche Verpflichtung<\/strong>: Wenn wir gesetzlich verpflichtet sind, Ihre Daten zu verarbeiten.<\/li>\n<\/ul>\n<h4>5. Teilen Sie Ihre Daten<\/h4>\n<p>Wir verkaufen Ihre pers\u00f6nlichen Daten nicht an Dritte. Wir k\u00f6nnen Ihre Daten jedoch weitergeben an: <\/p>\n<ul>\n<li><strong>Dienstanbieter<\/strong>: Unternehmen, die uns helfen, Zahlungen zu verarbeiten, Bestellungen zu versenden und E-Mail-Kommunikation zu verwalten.<\/li>\n<li><strong>Beh\u00f6rden<\/strong>: Wenn dies gesetzlich vorgeschrieben ist, k\u00f6nnen wir Ihre Daten an die zust\u00e4ndigen Beh\u00f6rden weitergeben.<\/li>\n<\/ul>\n<h4>6. Aufbewahrung von Daten<\/h4>\n<p>Ihre Daten werden sicher in der Schweiz gespeichert. Wir bewahren Ihre Daten so lange auf, wie es zur Erf\u00fcllung der in dieser Datenschutzerkl\u00e4rung beschriebenen Zwecke erforderlich ist oder wie es das Gesetz verlangt. <\/p>\n<h4>7. Ihre Rechte<\/h4>\n<p>Nach Schweizer Recht haben Sie die folgenden Rechte in Bezug auf Ihre pers\u00f6nlichen Daten:<\/p>\n<ul>\n<li><strong>Zugang<\/strong>: Sie haben das Recht, Zugang zu Ihren pers\u00f6nlichen Daten zu verlangen.<\/li>\n<li><strong>Berichtigung<\/strong>: Sie k\u00f6nnen beantragen, dass unrichtige oder unvollst\u00e4ndige Daten berichtigt werden.<\/li>\n<li><strong>L\u00f6schung<\/strong>: Sie k\u00f6nnen die L\u00f6schung Ihrer Daten beantragen, wenn diese nicht mehr ben\u00f6tigt werden.<\/li>\n<li><strong>Einschr\u00e4nkung der Verarbeitung<\/strong>: Sie k\u00f6nnen beantragen, dass die Verarbeitung Ihrer Daten eingeschr\u00e4nkt wird.<\/li>\n<li><strong>Datenportabilit\u00e4t<\/strong>: Sie haben das Recht, Ihre Daten in einem strukturierten, maschinenlesbaren Format zu erhalten.<\/li>\n<li><strong>Widerspruchsrecht<\/strong>: Sie k\u00f6nnen unter bestimmten Umst\u00e4nden Widerspruch gegen die Verarbeitung Ihrer personenbezogenen Daten einlegen.<\/li>\n<\/ul>\n<p>Um diese Rechte auszu\u00fcben, kontaktieren Sie uns bitte unter der oben genannten Adresse.<\/p>\n<h4>8. Cookies und Tracking<\/h4>\n<p>Wir verwenden Cookies und \u00e4hnliche Tracking-Technologien, um Ihre Erfahrung auf unserer Website zu verbessern. Cookies sind kleine Dateien, die auf Ihrem Ger\u00e4t gespeichert werden, um die Leistung und Benutzerfreundlichkeit der Website zu verbessern. Sie k\u00f6nnen Cookies in den Einstellungen Ihres Browsers verwalten oder deaktivieren, dies kann jedoch den Betrieb der Website beeintr\u00e4chtigen.  <\/p>\n<h4>9. Sicherheit<\/h4>\n<p>Wir treffen geeignete technische und organisatorische Ma\u00dfnahmen, um Ihre personenbezogenen Daten vor unbefugtem Zugriff, Ver\u00e4nderung, Weitergabe oder Zerst\u00f6rung zu sch\u00fctzen.<\/p>\n\t\t\t\t\t\t\t\t<\/div>\n\t\t\t\t<\/div>\n\t\t\t\t\t<\/div>\n\t\t<\/div>\n\t\t\t\t\t<\/div>\n\t\t<\/section>\n\t\t\t\t<\/div>\n\t\t","protected":false},"excerpt":{"rendered":"<p>Wir von Farmacia del Lago verpflichten uns, Ihre Privatsph\u00e4re zu sch\u00fctzen und zu respektieren. In dieser Datenschutzerkl\u00e4rung wird erl\u00e4utert, wie wir Ihre pers\u00f6nlichen Daten erfassen, verwenden und sch\u00fctzen, wenn Sie unsere Website farmaciadellago.ch besuchen und unsere Dienstleistungen nutzen. Durch die Nutzung unserer Website erkl\u00e4ren Sie sich mit der Erfassung und Verwendung von Informationen in \u00dcbereinstimmung [&hellip;]<\/p>\n","protected":false},"author":2,"featured_media":0,"parent":0,"menu_order":0,"comment_status":"closed","ping_status":"open","template":"elementor_header_footer","meta":{"_acf_changed":false,"_seopress_robots_primary_cat":"","_seopress_titles_title":"","_seopress_titles_desc":"","_seopress_robots_index":"","footnotes":""},"class_list":["post-4862","page","type-page","status-publish","hentry"],"acf":[],"_links":{"self":[{"href":"https:\/\/farmaciadellago.ch\/de\/wp-json\/wp\/v2\/pages\/4862","targetHints":{"allow":["GET"]}}],"collection":[{"href":"https:\/\/farmaciadellago.ch\/de\/wp-json\/wp\/v2\/pages"}],"about":[{"href":"https:\/\/farmaciadellago.ch\/de\/wp-json\/wp\/v2\/types\/page"}],"author":[{"embeddable":true,"href":"https:\/\/farmaciadellago.ch\/de\/wp-json\/wp\/v2\/users\/2"}],"replies":[{"embeddable":true,"href":"https:\/\/farmaciadellago.ch\/de\/wp-json\/wp\/v2\/comments?post=4862"}],"version-history":[{"count":0,"href":"https:\/\/farmaciadellago.ch\/de\/wp-json\/wp\/v2\/pages\/4862\/revisions"}],"wp:attachment":[{"href":"https:\/\/farmaciadellago.ch\/de\/wp-json\/wp\/v2\/media?parent=4862"}],"curies":[{"name":"wp","href":"https:\/\/api.w.org\/{rel}","templated":true}]}}