{"id":4896,"date":"2021-10-26T10:51:09","date_gmt":"2021-10-26T08:51:09","guid":{"rendered":"https:\/\/farmaciadellago.ch\/allgemeine-bedingungen-zum-laden-des-rezepts\/"},"modified":"2021-10-26T10:51:12","modified_gmt":"2021-10-26T08:51:12","slug":"allgemeine-bedingungen-zum-laden-des-rezepts","status":"publish","type":"page","link":"https:\/\/farmaciadellago.ch\/de\/allgemeine-bedingungen-zum-laden-des-rezepts\/","title":{"rendered":"Allgemeine Bedingungen zum Laden des Rezepts"},"content":{"rendered":"\t\t<div data-elementor-type=\"wp-page\" data-elementor-id=\"4896\" class=\"elementor elementor-4896 elementor-1361\" data-elementor-post-type=\"page\">\n\t\t\t\t\t\t<section class=\"elementor-section elementor-top-section elementor-element elementor-element-3b72ff5 elementor-section-boxed elementor-section-height-default elementor-section-height-default\" data-id=\"3b72ff5\" data-element_type=\"section\" data-e-type=\"section\">\n\t\t\t\t\t\t<div class=\"elementor-container elementor-column-gap-default\">\n\t\t\t\t\t<div class=\"elementor-column elementor-col-100 elementor-top-column elementor-element elementor-element-412b1d0f\" data-id=\"412b1d0f\" data-element_type=\"column\" data-e-type=\"column\">\n\t\t\t<div class=\"elementor-widget-wrap elementor-element-populated\">\n\t\t\t\t\t\t<div class=\"elementor-element elementor-element-c1c687a elementor-widget elementor-widget-text-editor\" data-id=\"c1c687a\" data-element_type=\"widget\" data-e-type=\"widget\" data-widget_type=\"text-editor.default\">\n\t\t\t\t<div class=\"elementor-widget-container\">\n\t\t\t\t\t\t\t\t\t<div class=\"modal-header\">\n<h3 id=\"purchaseLabel\" class=\"modal-title\" data-fontsize=\"18\" data-lineheight=\"28\">Allgemeine Bedingungen zum Laden des Rezepts<\/h3>\n<\/div>\n<div class=\"modal-body\">\n<h4 data-fontsize=\"17\" data-lineheight=\"29\">1. Service<\/h4>\n<p>Der Rezept-Upload-Service ist nur innerhalb der Schweiz m\u00f6glich. Die Reservierung von Produkten ist nur zul\u00e4ssig, wenn der Zweck der eigenen oder privaten Nutzung ist. Die Reservierung ist f\u00fcr den Kunden kostenlos.<\/p>\n<h4 data-fontsize=\"17\" data-lineheight=\"29\">2. Zustandekommen des Vertrages<\/h4>\n<p>Der Kaufvertrag zwischen dem Kunden und der Apotheke kommt erst nach Pr\u00fcfung und Validierung durch den Apotheker zustande<strong> das Originalrezept.<\/strong> Der Vertragsschluss erfolgt unter dem Vorbehalt der Verf\u00fcgbarkeit der Ware bei unseren Lieferanten oder beim Hersteller.<\/p>\n<h4 data-fontsize=\"17\" data-lineheight=\"29\">3. Datenschutz<\/h4>\n<p>FARMACIA DEL LAGO garantiert einen streng vertraulichen Umgang mit personenbezogenen Daten und sch\u00fctzt personenbezogene Daten vor dem Zugriff durch Dritte. Die geltenden Bestimmungen des Bundesdatenschutzgesetzes werden laufend beachtet. Der Kunde muss jedoch beachten, dass die im Zusammenhang mit dem Abschluss eines Kaufvertrages erhobenen Daten zu dessen Erf\u00fcllung verarbeitet werden k\u00f6nnen.<\/p>\n<h4 data-fontsize=\"17\" data-lineheight=\"29\">5. Anwendbares Recht und zust\u00e4ndiges Gericht<\/h4>\n<p>Bei Streitigkeiten aus diesem Vertragsverh\u00e4ltnis gilt ausschliesslich schweizerisches Recht. Gerichtsstand ist Lugano.<\/p>\n<\/div>\n\t\t\t\t\t\t\t\t<\/div>\n\t\t\t\t<\/div>\n\t\t\t\t\t<\/div>\n\t\t<\/div>\n\t\t\t\t\t<\/div>\n\t\t<\/section>\n\t\t\t\t<\/div>\n\t\t","protected":false},"excerpt":{"rendered":"<p>Allgemeine Bedingungen zum Laden des Rezepts 1. Service Der Rezept-Upload-Service ist nur innerhalb der Schweiz m\u00f6glich. Die Reservierung von Produkten ist nur zul\u00e4ssig, wenn der Zweck der eigenen oder privaten Nutzung ist. Die Reservierung ist f\u00fcr den Kunden kostenlos. 2. Zustandekommen des Vertrages Der Kaufvertrag zwischen dem Kunden und der Apotheke kommt erst nach Pr\u00fcfung [&hellip;]<\/p>\n","protected":false},"author":127,"featured_media":0,"parent":0,"menu_order":0,"comment_status":"closed","ping_status":"open","template":"","meta":{"_acf_changed":false,"_seopress_robots_primary_cat":"","_seopress_titles_title":"","_seopress_titles_desc":"","_seopress_robots_index":"","footnotes":""},"class_list":["post-4896","page","type-page","status-publish","hentry"],"acf":[],"_links":{"self":[{"href":"https:\/\/farmaciadellago.ch\/de\/wp-json\/wp\/v2\/pages\/4896","targetHints":{"allow":["GET"]}}],"collection":[{"href":"https:\/\/farmaciadellago.ch\/de\/wp-json\/wp\/v2\/pages"}],"about":[{"href":"https:\/\/farmaciadellago.ch\/de\/wp-json\/wp\/v2\/types\/page"}],"author":[{"embeddable":true,"href":"https:\/\/farmaciadellago.ch\/de\/wp-json\/wp\/v2\/users\/127"}],"replies":[{"embeddable":true,"href":"https:\/\/farmaciadellago.ch\/de\/wp-json\/wp\/v2\/comments?post=4896"}],"version-history":[{"count":0,"href":"https:\/\/farmaciadellago.ch\/de\/wp-json\/wp\/v2\/pages\/4896\/revisions"}],"wp:attachment":[{"href":"https:\/\/farmaciadellago.ch\/de\/wp-json\/wp\/v2\/media?parent=4896"}],"curies":[{"name":"wp","href":"https:\/\/api.w.org\/{rel}","templated":true}]}}