{"id":6196,"date":"2023-02-24T10:23:54","date_gmt":"2023-02-24T09:23:54","guid":{"rendered":"https:\/\/farmaciadellago.ch\/danke-seite\/"},"modified":"2023-02-24T10:23:54","modified_gmt":"2023-02-24T09:23:54","slug":"danke-seite","status":"publish","type":"page","link":"https:\/\/farmaciadellago.ch\/de\/danke-seite\/","title":{"rendered":"Danke Seite"},"content":{"rendered":"\t\t<div data-elementor-type=\"wp-page\" data-elementor-id=\"6196\" class=\"elementor elementor-6196 elementor-6187\" data-elementor-post-type=\"page\">\n\t\t\t\t\t\t<section class=\"elementor-section elementor-top-section elementor-element elementor-element-48d0412 elementor-section-boxed elementor-section-height-default elementor-section-height-default\" data-id=\"48d0412\" data-element_type=\"section\" data-e-type=\"section\" data-settings=\"{&quot;background_background&quot;:&quot;classic&quot;}\">\n\t\t\t\t\t\t\t<div class=\"elementor-background-overlay\"><\/div>\n\t\t\t\t\t\t\t<div class=\"elementor-container elementor-column-gap-default\">\n\t\t\t\t\t<div class=\"elementor-column elementor-col-100 elementor-top-column elementor-element elementor-element-b63d576\" data-id=\"b63d576\" data-element_type=\"column\" data-e-type=\"column\" data-settings=\"{&quot;background_background&quot;:&quot;classic&quot;}\">\n\t\t\t<div class=\"elementor-widget-wrap elementor-element-populated\">\n\t\t\t\t\t\t<section class=\"elementor-section elementor-inner-section elementor-element elementor-element-c28d567 elementor-section-boxed elementor-section-height-default elementor-section-height-default\" data-id=\"c28d567\" data-element_type=\"section\" data-e-type=\"section\" data-settings=\"{&quot;background_background&quot;:&quot;classic&quot;}\">\n\t\t\t\t\t\t<div class=\"elementor-container elementor-column-gap-default\">\n\t\t\t\t\t<div class=\"elementor-column elementor-col-100 elementor-inner-column elementor-element elementor-element-477bc44\" data-id=\"477bc44\" data-element_type=\"column\" data-e-type=\"column\">\n\t\t\t<div class=\"elementor-widget-wrap elementor-element-populated\">\n\t\t\t\t\t\t<div class=\"elementor-element elementor-element-ce4e7cf elementor-widget elementor-widget-heading\" data-id=\"ce4e7cf\" data-element_type=\"widget\" data-e-type=\"widget\" data-widget_type=\"heading.default\">\n\t\t\t\t<div class=\"elementor-widget-container\">\n\t\t\t\t\t<h2 class=\"elementor-heading-title elementor-size-default\">Danke, dass Sie uns Ihr Formular geschickt haben!<\/h2>\t\t\t\t<\/div>\n\t\t\t\t<\/div>\n\t\t\t\t<div class=\"elementor-element elementor-element-d6a1b1c elementor-widget elementor-widget-text-editor\" data-id=\"d6a1b1c\" data-element_type=\"widget\" data-e-type=\"widget\" data-widget_type=\"text-editor.default\">\n\t\t\t\t<div class=\"elementor-widget-container\">\n\t\t\t\t\t\t\t\t\t<\/p>\n<p>Ihr Interesse an unseren Dienstleistungen ist uns sehr wichtig und wir haben Ihre Daten erfolgreich registriert. Wir werden uns so bald wie m\u00f6glich mit Ihnen in Verbindung setzen, um Ihnen weitere Informationen zukommen zu lassen oder Ihnen bei der Vervollst\u00e4ndigung Ihres Antrags zu helfen.<\/p>\n<\/p>\n<p>In der Zwischenzeit z\u00f6gern Sie bitte nicht, uns zu kontaktieren, wenn Sie weitere Unterst\u00fctzung ben\u00f6tigen oder Fragen haben. Wir sind immer f\u00fcr Sie da.<\/p>\n<\/p>\n<p>Nochmals vielen Dank, dass Sie sich f\u00fcr eine Zusammenarbeit mit uns entschieden haben. Wir sind froh, dass wir Ihnen helfen konnten.<\/p><\/p>\n\t\t\t\t\t\t\t\t<\/div>\n\t\t\t\t<\/div>\n\t\t\t\t\t<\/div>\n\t\t<\/div>\n\t\t\t\t\t<\/div>\n\t\t<\/section>\n\t\t\t\t\t<\/div>\n\t\t<\/div>\n\t\t\t\t\t<\/div>\n\t\t<\/section>\n\t\t\t\t<\/div>\n\t\t","protected":false},"excerpt":{"rendered":"<p>Danke, dass Sie uns Ihr Formular geschickt haben! Ihr Interesse an unseren Dienstleistungen ist uns sehr wichtig und wir haben Ihre Daten erfolgreich registriert. Wir werden uns so bald wie m\u00f6glich mit Ihnen in Verbindung setzen, um Ihnen weitere Informationen zukommen zu lassen oder Ihnen bei der Vervollst\u00e4ndigung Ihres Antrags zu helfen. In der Zwischenzeit [&hellip;]<\/p>\n","protected":false},"author":2,"featured_media":0,"parent":0,"menu_order":0,"comment_status":"closed","ping_status":"open","template":"elementor_header_footer","meta":{"_acf_changed":false,"_seopress_robots_primary_cat":"","_seopress_titles_title":"","_seopress_titles_desc":"","_seopress_robots_index":"","footnotes":""},"class_list":["post-6196","page","type-page","status-publish","hentry"],"acf":[],"_links":{"self":[{"href":"https:\/\/farmaciadellago.ch\/de\/wp-json\/wp\/v2\/pages\/6196","targetHints":{"allow":["GET"]}}],"collection":[{"href":"https:\/\/farmaciadellago.ch\/de\/wp-json\/wp\/v2\/pages"}],"about":[{"href":"https:\/\/farmaciadellago.ch\/de\/wp-json\/wp\/v2\/types\/page"}],"author":[{"embeddable":true,"href":"https:\/\/farmaciadellago.ch\/de\/wp-json\/wp\/v2\/users\/2"}],"replies":[{"embeddable":true,"href":"https:\/\/farmaciadellago.ch\/de\/wp-json\/wp\/v2\/comments?post=6196"}],"version-history":[{"count":0,"href":"https:\/\/farmaciadellago.ch\/de\/wp-json\/wp\/v2\/pages\/6196\/revisions"}],"wp:attachment":[{"href":"https:\/\/farmaciadellago.ch\/de\/wp-json\/wp\/v2\/media?parent=6196"}],"curies":[{"name":"wp","href":"https:\/\/api.w.org\/{rel}","templated":true}]}}