{"id":6594,"date":"2024-02-19T15:29:53","date_gmt":"2024-02-19T14:29:53","guid":{"rendered":"https:\/\/farmaciadellago.ch\/tipps\/"},"modified":"2024-10-01T11:45:34","modified_gmt":"2024-10-01T09:45:34","slug":"tipps","status":"publish","type":"page","link":"https:\/\/farmaciadellago.ch\/de\/tipps\/","title":{"rendered":"Tipps"},"content":{"rendered":"\t\t<div data-elementor-type=\"wp-page\" data-elementor-id=\"6594\" class=\"elementor elementor-6594 elementor-6590\" data-elementor-post-type=\"page\">\n\t\t\t\t<div class=\"elementor-element elementor-element-a433e9b e-flex e-con-boxed e-con e-parent\" data-id=\"a433e9b\" data-element_type=\"container\" data-e-type=\"container\" data-settings=\"{&quot;background_background&quot;:&quot;classic&quot;}\">\n\t\t\t\t\t<div class=\"e-con-inner\">\n\t\t<div class=\"elementor-element elementor-element-76b821c e-con-full e-flex e-con e-child\" data-id=\"76b821c\" data-element_type=\"container\" data-e-type=\"container\">\n\t\t\t\t<\/div>\n\t\t\t\t\t<\/div>\n\t\t\t\t<\/div>\n\t\t<div class=\"elementor-element elementor-element-949848b e-flex e-con-boxed e-con e-parent\" data-id=\"949848b\" data-element_type=\"container\" data-e-type=\"container\" data-settings=\"{&quot;background_background&quot;:&quot;classic&quot;}\">\n\t\t\t\t\t<div class=\"e-con-inner\">\n\t\t<div class=\"elementor-element elementor-element-7223e2c e-con-full e-flex e-con e-child\" data-id=\"7223e2c\" data-element_type=\"container\" data-e-type=\"container\">\n\t\t\t\t<div class=\"elementor-element elementor-element-44c1cc9 elementor-invisible elementor-widget elementor-widget-heading\" data-id=\"44c1cc9\" data-element_type=\"widget\" data-e-type=\"widget\" data-settings=\"{&quot;_animation&quot;:&quot;fadeInUp&quot;}\" data-widget_type=\"heading.default\">\n\t\t\t\t<div class=\"elementor-widget-container\">\n\t\t\t\t\t<h2 class=\"elementor-heading-title elementor-size-default\">Ratschl\u00e4ge f\u00fcr Ihre Gesundheit<\/h2>\t\t\t\t<\/div>\n\t\t\t\t<\/div>\n\t\t\t\t<div class=\"elementor-element elementor-element-6bcd5d7 elementor-widget elementor-widget-heading\" data-id=\"6bcd5d7\" data-element_type=\"widget\" data-e-type=\"widget\" data-widget_type=\"heading.default\">\n\t\t\t\t<div class=\"elementor-widget-container\">\n\t\t\t\t\t<div class=\"elementor-heading-title elementor-size-default\">Trinken Sie Wasser, treiben Sie regelm\u00e4\u00dfig Sport und schlafen Sie ausreichend. Achten Sie auf eine ausgewogene Ern\u00e4hrung und begrenzen Sie Stress. Konsultieren Sie regelm\u00e4\u00dfig Ihren Arzt zur Pr\u00e4vention<\/div>\t\t\t\t<\/div>\n\t\t\t\t<\/div>\n\t\t\t\t<div class=\"elementor-element elementor-element-49da6ac imgcard elementor-grid-3 elementor-grid-tablet-2 elementor-grid-mobile-1 elementor-posts--thumbnail-top elementor-posts__hover-gradient elementor-invisible elementor-widget elementor-widget-posts\" data-id=\"49da6ac\" data-element_type=\"widget\" data-e-type=\"widget\" data-settings=\"{&quot;pagination_type&quot;:&quot;numbers_and_prev_next&quot;,&quot;_animation&quot;:&quot;fadeIn&quot;,&quot;cards_row_gap&quot;:{&quot;unit&quot;:&quot;px&quot;,&quot;size&quot;:2,&quot;sizes&quot;:[]},&quot;cards_columns&quot;:&quot;3&quot;,&quot;cards_columns_tablet&quot;:&quot;2&quot;,&quot;cards_columns_mobile&quot;:&quot;1&quot;,&quot;cards_row_gap_tablet&quot;:{&quot;unit&quot;:&quot;px&quot;,&quot;size&quot;:&quot;&quot;,&quot;sizes&quot;:[]},&quot;cards_row_gap_mobile&quot;:{&quot;unit&quot;:&quot;px&quot;,&quot;size&quot;:&quot;&quot;,&quot;sizes&quot;:[]}}\" data-widget_type=\"posts.cards\">\n\t\t\t\t<div class=\"elementor-widget-container\">\n\t\t\t\t\t\t\t<div class=\"elementor-posts-container elementor-posts elementor-posts--skin-cards elementor-grid\" role=\"list\">\n\t\t\t\t<article class=\"elementor-post elementor-grid-item post-12185 post type-post status-publish format-standard has-post-thumbnail hentry category-choley tag-anti-aging-de tag-cholley-de tag-phytobiokosmetika\" role=\"listitem\">\n\t\t\t<div class=\"elementor-post__card\">\n\t\t\t\t<a class=\"elementor-post__thumbnail__link\" href=\"https:\/\/farmaciadellago.ch\/de\/phytobiokosmetik-das-vermaechtnis-von-dr-masset-und-die-vision-von-cholley\/\" tabindex=\"-1\" ><div class=\"elementor-post__thumbnail\"><img fetchpriority=\"high\" decoding=\"async\" width=\"400\" height=\"257\" src=\"https:\/\/farmaciadellago.ch\/wp-content\/uploads\/sites\/5\/2025\/03\/cholley-1-400x257.jpg\" class=\"attachment-medium size-medium wp-image-10588\" alt=\"fondazione della Cholley\" srcset=\"https:\/\/farmaciadellago.ch\/wp-content\/uploads\/sites\/5\/2025\/03\/cholley-1-400x257.jpg 400w, https:\/\/farmaciadellago.ch\/wp-content\/uploads\/sites\/5\/2025\/03\/cholley-1-500x321.jpg 500w, https:\/\/farmaciadellago.ch\/wp-content\/uploads\/sites\/5\/2025\/03\/cholley-1.jpg 700w\" sizes=\"(max-width: 400px) 100vw, 400px\" \/><\/div><\/a>\n\t\t\t\t<div class=\"elementor-post__badge\">Choley<\/div>\n\t\t\t\t<div class=\"elementor-post__text\">\n\t\t\t\t<h3 class=\"elementor-post__title\">\n\t\t\t<a href=\"https:\/\/farmaciadellago.ch\/de\/phytobiokosmetik-das-vermaechtnis-von-dr-masset-und-die-vision-von-cholley\/\" >\n\t\t\t\tPhytobiokosmetik: Das Verm\u00e4chtnis von Dr. Masset und die Vision von CHOLLEY\t\t\t<\/a>\n\t\t<\/h3>\n\t\t\t\t<div class=\"elementor-post__excerpt\">\n\t\t\t<p>Dr. Jules Louis Masset de Vallefort, 1915 in der Schweiz geboren, war einer der Pioniere der Phytokosmetik in Europa. Nachdem<\/p>\n\t\t<\/div>\n\t\t\n\t\t<a class=\"elementor-post__read-more\" href=\"https:\/\/farmaciadellago.ch\/de\/phytobiokosmetik-das-vermaechtnis-von-dr-masset-und-die-vision-von-cholley\/\" aria-label=\"Mehr \u00fcber Phytobiokosmetik: Das Verm\u00e4chtnis von Dr. Masset und die Vision von CHOLLEY\" tabindex=\"-1\" >\n\t\t\tAlles lesen\"\t\t<\/a>\n\n\t\t\t\t<\/div>\n\t\t\t\t\t<\/div>\n\t\t<\/article>\n\t\t\t\t<article class=\"elementor-post elementor-grid-item post-12183 post type-post status-publish format-standard has-post-thumbnail hentry category-choley tag-anti-aging-de tag-biokosmetik tag-cholley-de tag-naturkosmetik\" role=\"listitem\">\n\t\t\t<div class=\"elementor-post__card\">\n\t\t\t\t<a class=\"elementor-post__thumbnail__link\" href=\"https:\/\/farmaciadellago.ch\/de\/phytobiokosmetik-die-begegnung-von-natur-und-wissenschaft\/\" tabindex=\"-1\" ><div class=\"elementor-post__thumbnail\"><img decoding=\"async\" width=\"400\" height=\"286\" src=\"https:\/\/farmaciadellago.ch\/wp-content\/uploads\/sites\/5\/2025\/04\/CHOLLEY_Phytocell_Collection_low-400x286.jpg\" class=\"attachment-medium size-medium wp-image-11445\" alt=\"descrizione di cholley fitobiocosmesi\" srcset=\"https:\/\/farmaciadellago.ch\/wp-content\/uploads\/sites\/5\/2025\/04\/CHOLLEY_Phytocell_Collection_low-400x286.jpg 400w, https:\/\/farmaciadellago.ch\/wp-content\/uploads\/sites\/5\/2025\/04\/CHOLLEY_Phytocell_Collection_low-768x549.jpg 768w, https:\/\/farmaciadellago.ch\/wp-content\/uploads\/sites\/5\/2025\/04\/CHOLLEY_Phytocell_Collection_low-500x357.jpg 500w, https:\/\/farmaciadellago.ch\/wp-content\/uploads\/sites\/5\/2025\/04\/CHOLLEY_Phytocell_Collection_low-700x500.jpg 700w, https:\/\/farmaciadellago.ch\/wp-content\/uploads\/sites\/5\/2025\/04\/CHOLLEY_Phytocell_Collection_low.jpg 1017w\" sizes=\"(max-width: 400px) 100vw, 400px\" \/><\/div><\/a>\n\t\t\t\t<div class=\"elementor-post__badge\">Choley<\/div>\n\t\t\t\t<div class=\"elementor-post__text\">\n\t\t\t\t<h3 class=\"elementor-post__title\">\n\t\t\t<a href=\"https:\/\/farmaciadellago.ch\/de\/phytobiokosmetik-die-begegnung-von-natur-und-wissenschaft\/\" >\n\t\t\t\tPhytobiokosmetik: Die Begegnung von Natur und Wissenschaft\t\t\t<\/a>\n\t\t<\/h3>\n\t\t\t\t<div class=\"elementor-post__excerpt\">\n\t\t\t<p>Seit seiner Gr\u00fcndung hat CHOLLEY die Phytokosmetik in den Mittelpunkt seiner Philosophie gestellt. Aber was genau sind sie? Viele der<\/p>\n\t\t<\/div>\n\t\t\n\t\t<a class=\"elementor-post__read-more\" href=\"https:\/\/farmaciadellago.ch\/de\/phytobiokosmetik-die-begegnung-von-natur-und-wissenschaft\/\" aria-label=\"Mehr \u00fcber Phytobiokosmetik: Die Begegnung von Natur und Wissenschaft\" tabindex=\"-1\" >\n\t\t\tAlles lesen\"\t\t<\/a>\n\n\t\t\t\t<\/div>\n\t\t\t\t\t<\/div>\n\t\t<\/article>\n\t\t\t\t<article class=\"elementor-post elementor-grid-item post-12181 post type-post status-publish format-standard has-post-thumbnail hentry category-choley tag-anti-aging-de tag-anti-aging-de-2 tag-cholley-de\" role=\"listitem\">\n\t\t\t<div class=\"elementor-post__card\">\n\t\t\t\t<a class=\"elementor-post__thumbnail__link\" href=\"https:\/\/farmaciadellago.ch\/de\/cholley-natuerliche-inhaltsstoffe-und-wissenschaftliche-methode-fuer-authentische-schoenheit\/\" tabindex=\"-1\" ><div class=\"elementor-post__thumbnail\"><img decoding=\"async\" width=\"400\" height=\"250\" src=\"https:\/\/farmaciadellago.ch\/wp-content\/uploads\/sites\/5\/2025\/04\/BIOREGENE_collection_1920-400x250.jpg\" class=\"attachment-medium size-medium wp-image-11457\" alt=\"linea prodotti cholley fitobiocosmesi\" srcset=\"https:\/\/farmaciadellago.ch\/wp-content\/uploads\/sites\/5\/2025\/04\/BIOREGENE_collection_1920-400x250.jpg 400w, https:\/\/farmaciadellago.ch\/wp-content\/uploads\/sites\/5\/2025\/04\/BIOREGENE_collection_1920-1728x1080.jpg 1728w, https:\/\/farmaciadellago.ch\/wp-content\/uploads\/sites\/5\/2025\/04\/BIOREGENE_collection_1920-768x480.jpg 768w, https:\/\/farmaciadellago.ch\/wp-content\/uploads\/sites\/5\/2025\/04\/BIOREGENE_collection_1920-1536x960.jpg 1536w, https:\/\/farmaciadellago.ch\/wp-content\/uploads\/sites\/5\/2025\/04\/BIOREGENE_collection_1920-1320x825.jpg 1320w, https:\/\/farmaciadellago.ch\/wp-content\/uploads\/sites\/5\/2025\/04\/BIOREGENE_collection_1920-500x313.jpg 500w, https:\/\/farmaciadellago.ch\/wp-content\/uploads\/sites\/5\/2025\/04\/BIOREGENE_collection_1920-700x438.jpg 700w, https:\/\/farmaciadellago.ch\/wp-content\/uploads\/sites\/5\/2025\/04\/BIOREGENE_collection_1920.jpg 1920w\" sizes=\"(max-width: 400px) 100vw, 400px\" \/><\/div><\/a>\n\t\t\t\t<div class=\"elementor-post__badge\">Choley<\/div>\n\t\t\t\t<div class=\"elementor-post__text\">\n\t\t\t\t<h3 class=\"elementor-post__title\">\n\t\t\t<a href=\"https:\/\/farmaciadellago.ch\/de\/cholley-natuerliche-inhaltsstoffe-und-wissenschaftliche-methode-fuer-authentische-schoenheit\/\" >\n\t\t\t\tCHOLLEY: Nat\u00fcrliche Inhaltsstoffe und wissenschaftliche Methode f\u00fcr authentische Sch\u00f6nheit\t\t\t<\/a>\n\t\t<\/h3>\n\t\t\t\t<div class=\"elementor-post__excerpt\">\n\t\t\t<p>Die wahre Wirksamkeit eines Kosmetikprodukts ergibt sich aus der Qualit\u00e4t seiner Inhaltsstoffe und der Philosophie, mit der es formuliert wurde.<\/p>\n\t\t<\/div>\n\t\t\n\t\t<a class=\"elementor-post__read-more\" href=\"https:\/\/farmaciadellago.ch\/de\/cholley-natuerliche-inhaltsstoffe-und-wissenschaftliche-methode-fuer-authentische-schoenheit\/\" aria-label=\"Mehr \u00fcber CHOLLEY: Nat\u00fcrliche Inhaltsstoffe und wissenschaftliche Methode f\u00fcr authentische Sch\u00f6nheit\" tabindex=\"-1\" >\n\t\t\tAlles lesen\"\t\t<\/a>\n\n\t\t\t\t<\/div>\n\t\t\t\t\t<\/div>\n\t\t<\/article>\n\t\t\t\t<article class=\"elementor-post elementor-grid-item post-11363 post type-post status-publish format-standard has-post-thumbnail hentry category-nahrungserganzungsmittel tag-anti-aging-produkte tag-energiestoffwechsel tag-erganzungen-fur-langlebigkeit tag-immununterstutzung tag-langlebigkeit tag-spermidin tag-zellerneuerung\" role=\"listitem\">\n\t\t\t<div class=\"elementor-post__card\">\n\t\t\t\t<a class=\"elementor-post__thumbnail__link\" href=\"https:\/\/farmaciadellago.ch\/de\/spermidinelife-boost-ein-energieschub-fuer-gestresste-zellen\/\" tabindex=\"-1\" ><div class=\"elementor-post__thumbnail\"><img loading=\"lazy\" decoding=\"async\" width=\"400\" height=\"335\" src=\"https:\/\/farmaciadellago.ch\/wp-content\/uploads\/sites\/5\/2025\/02\/spermidine-life-boost-integratore-400x335.png\" class=\"attachment-medium size-medium wp-image-8983\" alt=\"spermidine life boost integratore alimentare\" srcset=\"https:\/\/farmaciadellago.ch\/wp-content\/uploads\/sites\/5\/2025\/02\/spermidine-life-boost-integratore-400x335.png 400w, https:\/\/farmaciadellago.ch\/wp-content\/uploads\/sites\/5\/2025\/02\/spermidine-life-boost-integratore-768x643.png 768w, https:\/\/farmaciadellago.ch\/wp-content\/uploads\/sites\/5\/2025\/02\/spermidine-life-boost-integratore-500x419.png 500w, https:\/\/farmaciadellago.ch\/wp-content\/uploads\/sites\/5\/2025\/02\/spermidine-life-boost-integratore-700x586.png 700w, https:\/\/farmaciadellago.ch\/wp-content\/uploads\/sites\/5\/2025\/02\/spermidine-life-boost-integratore.png 1200w\" sizes=\"(max-width: 400px) 100vw, 400px\" \/><\/div><\/a>\n\t\t\t\t<div class=\"elementor-post__badge\">Nahrungserg\u00e4nzungsmittel<\/div>\n\t\t\t\t<div class=\"elementor-post__text\">\n\t\t\t\t<h3 class=\"elementor-post__title\">\n\t\t\t<a href=\"https:\/\/farmaciadellago.ch\/de\/spermidinelife-boost-ein-energieschub-fuer-gestresste-zellen\/\" >\n\t\t\t\tspermidineLIFE\u00ae Boost+: Ein Energieschub f\u00fcr gestresste Zellen\t\t\t<\/a>\n\t\t<\/h3>\n\t\t\t\t<div class=\"elementor-post__excerpt\">\n\t\t\t<p>Erweiterte Unterst\u00fctzung f\u00fcr die Zellgesundheit Im Laufe der Zeit oder in Zeiten hohen Stresses kann unser K\u00f6rper zus\u00e4tzliche Hilfe ben\u00f6tigen,<\/p>\n\t\t<\/div>\n\t\t\n\t\t<a class=\"elementor-post__read-more\" href=\"https:\/\/farmaciadellago.ch\/de\/spermidinelife-boost-ein-energieschub-fuer-gestresste-zellen\/\" aria-label=\"Mehr \u00fcber spermidineLIFE\u00ae Boost+: Ein Energieschub f\u00fcr gestresste Zellen\" tabindex=\"-1\" >\n\t\t\tAlles lesen\"\t\t<\/a>\n\n\t\t\t\t<\/div>\n\t\t\t\t\t<\/div>\n\t\t<\/article>\n\t\t\t\t<article class=\"elementor-post elementor-grid-item post-11361 post type-post status-publish format-standard has-post-thumbnail hentry category-nahrungserganzungsmittel tag-anti-aging-de-2 tag-anti-aging-produkte tag-veganes-kollagen\" role=\"listitem\">\n\t\t\t<div class=\"elementor-post__card\">\n\t\t\t\t<a class=\"elementor-post__thumbnail__link\" href=\"https:\/\/farmaciadellago.ch\/de\/high-collagen-vegan-boost-stimuliert-die-natuerliche-kollagenproduktion\/\" tabindex=\"-1\" ><div class=\"elementor-post__thumbnail\"><img loading=\"lazy\" decoding=\"async\" width=\"400\" height=\"400\" src=\"https:\/\/farmaciadellago.ch\/wp-content\/uploads\/sites\/5\/2025\/02\/tam-plenus-high-collagen-vegan-boost-15-beutel-2-400x400.webp\" class=\"attachment-medium size-medium wp-image-8989\" alt=\"high collagen vegan boost tam plenus integratore alimentare\" srcset=\"https:\/\/farmaciadellago.ch\/wp-content\/uploads\/sites\/5\/2025\/02\/tam-plenus-high-collagen-vegan-boost-15-beutel-2-400x400.webp 400w, https:\/\/farmaciadellago.ch\/wp-content\/uploads\/sites\/5\/2025\/02\/tam-plenus-high-collagen-vegan-boost-15-beutel-2-250x250.webp 250w, https:\/\/farmaciadellago.ch\/wp-content\/uploads\/sites\/5\/2025\/02\/tam-plenus-high-collagen-vegan-boost-15-beutel-2-500x500.webp 500w, https:\/\/farmaciadellago.ch\/wp-content\/uploads\/sites\/5\/2025\/02\/tam-plenus-high-collagen-vegan-boost-15-beutel-2-100x100.webp 100w, https:\/\/farmaciadellago.ch\/wp-content\/uploads\/sites\/5\/2025\/02\/tam-plenus-high-collagen-vegan-boost-15-beutel-2.webp 700w\" sizes=\"(max-width: 400px) 100vw, 400px\" \/><\/div><\/a>\n\t\t\t\t<div class=\"elementor-post__badge\">Nahrungserg\u00e4nzungsmittel<\/div>\n\t\t\t\t<div class=\"elementor-post__text\">\n\t\t\t\t<h3 class=\"elementor-post__title\">\n\t\t\t<a href=\"https:\/\/farmaciadellago.ch\/de\/high-collagen-vegan-boost-stimuliert-die-natuerliche-kollagenproduktion\/\" >\n\t\t\t\tHIGH COLLAGEN Vegan Boost\u00ae: Stimuliert die nat\u00fcrliche Kollagenproduktion\t\t\t<\/a>\n\t\t<\/h3>\n\t\t\t\t<div class=\"elementor-post__excerpt\">\n\t\t\t<p>Erweiterte Unterst\u00fctzung f\u00fcr Haut, Haare und Gelenke Mit zunehmendem Alter nimmt die nat\u00fcrliche Kollagenproduktion unseres K\u00f6rpers ab, was sich auf<\/p>\n\t\t<\/div>\n\t\t\n\t\t<a class=\"elementor-post__read-more\" href=\"https:\/\/farmaciadellago.ch\/de\/high-collagen-vegan-boost-stimuliert-die-natuerliche-kollagenproduktion\/\" aria-label=\"Mehr \u00fcber HIGH COLLAGEN Vegan Boost\u00ae: Stimuliert die nat\u00fcrliche Kollagenproduktion\" tabindex=\"-1\" >\n\t\t\tAlles lesen\"\t\t<\/a>\n\n\t\t\t\t<\/div>\n\t\t\t\t\t<\/div>\n\t\t<\/article>\n\t\t\t\t<article class=\"elementor-post elementor-grid-item post-11359 post type-post status-publish format-standard has-post-thumbnail hentry category-nahrungserganzungsmittel tag-anti-aging-de-2 tag-anti-aging-produkte tag-kollagen\" role=\"listitem\">\n\t\t\t<div class=\"elementor-post__card\">\n\t\t\t\t<a class=\"elementor-post__thumbnail__link\" href=\"https:\/\/farmaciadellago.ch\/de\/high-collagen-shots-schoenheit-und-wellness-von-innen\/\" tabindex=\"-1\" ><div class=\"elementor-post__thumbnail\"><img loading=\"lazy\" decoding=\"async\" width=\"400\" height=\"267\" src=\"https:\/\/farmaciadellago.ch\/wp-content\/uploads\/sites\/5\/2025\/02\/smiling-girl-cover-photo-for-article_farmacia-dle-lago-400x267.png\" class=\"attachment-medium size-medium wp-image-8993\" alt=\"high collagen shots integratore alimentare da tam plenus per\" srcset=\"https:\/\/farmaciadellago.ch\/wp-content\/uploads\/sites\/5\/2025\/02\/smiling-girl-cover-photo-for-article_farmacia-dle-lago-400x267.png 400w, https:\/\/farmaciadellago.ch\/wp-content\/uploads\/sites\/5\/2025\/02\/smiling-girl-cover-photo-for-article_farmacia-dle-lago-1620x1080.png 1620w, https:\/\/farmaciadellago.ch\/wp-content\/uploads\/sites\/5\/2025\/02\/smiling-girl-cover-photo-for-article_farmacia-dle-lago-768x512.png 768w, https:\/\/farmaciadellago.ch\/wp-content\/uploads\/sites\/5\/2025\/02\/smiling-girl-cover-photo-for-article_farmacia-dle-lago-1536x1024.png 1536w, https:\/\/farmaciadellago.ch\/wp-content\/uploads\/sites\/5\/2025\/02\/smiling-girl-cover-photo-for-article_farmacia-dle-lago-1320x880.png 1320w, https:\/\/farmaciadellago.ch\/wp-content\/uploads\/sites\/5\/2025\/02\/smiling-girl-cover-photo-for-article_farmacia-dle-lago-500x333.png 500w, https:\/\/farmaciadellago.ch\/wp-content\/uploads\/sites\/5\/2025\/02\/smiling-girl-cover-photo-for-article_farmacia-dle-lago-700x467.png 700w, https:\/\/farmaciadellago.ch\/wp-content\/uploads\/sites\/5\/2025\/02\/smiling-girl-cover-photo-for-article_farmacia-dle-lago.png 1920w\" sizes=\"(max-width: 400px) 100vw, 400px\" \/><\/div><\/a>\n\t\t\t\t<div class=\"elementor-post__badge\">Nahrungserg\u00e4nzungsmittel<\/div>\n\t\t\t\t<div class=\"elementor-post__text\">\n\t\t\t\t<h3 class=\"elementor-post__title\">\n\t\t\t<a href=\"https:\/\/farmaciadellago.ch\/de\/high-collagen-shots-schoenheit-und-wellness-von-innen\/\" >\n\t\t\t\tHIGH COLLAGEN\u00ae Shots: Sch\u00f6nheit und Wellness von innen\t\t\t<\/a>\n\t\t<\/h3>\n\t\t\t\t<div class=\"elementor-post__excerpt\">\n\t\t\t<p>Eine komplette Unterst\u00fctzung f\u00fcr Haare, N\u00e4gel und Gelenke F\u00fcr die Erhaltung von kr\u00e4ftigem Haar, starken N\u00e4geln und gesundem Bindegewebe ist<\/p>\n\t\t<\/div>\n\t\t\n\t\t<a class=\"elementor-post__read-more\" href=\"https:\/\/farmaciadellago.ch\/de\/high-collagen-shots-schoenheit-und-wellness-von-innen\/\" aria-label=\"Mehr \u00fcber HIGH COLLAGEN\u00ae Shots: Sch\u00f6nheit und Wellness von innen\" tabindex=\"-1\" >\n\t\t\tAlles lesen\"\t\t<\/a>\n\n\t\t\t\t<\/div>\n\t\t\t\t\t<\/div>\n\t\t<\/article>\n\t\t\t\t<\/div>\n\t\t\n\t\t\t\t<div class=\"e-load-more-anchor\" data-page=\"1\" data-max-page=\"3\" data-next-page=\"https:\/\/farmaciadellago.ch\/de\/wp-json\/wp\/v2\/pages\/6594\/page\/2\/\"><\/div>\n\t\t\t\t<nav class=\"elementor-pagination\" aria-label=\"Seitennummerierung\">\n\t\t\t<span class=\"page-numbers prev\">\"  <\/span>\n<span aria-current=\"page\" class=\"page-numbers current\"><span class=\"elementor-screen-only\">Seite<\/span>1<\/span>\n<a class=\"page-numbers\" href=\"https:\/\/farmaciadellago.ch\/de\/wp-json\/wp\/v2\/pages\/6594\/page\/2\/\"><span class=\"elementor-screen-only\">Seite<\/span>2<\/a>\n<a class=\"page-numbers\" href=\"https:\/\/farmaciadellago.ch\/de\/wp-json\/wp\/v2\/pages\/6594\/page\/3\/\"><span class=\"elementor-screen-only\">Seite<\/span>3<\/a>\n<a class=\"page-numbers next\" href=\"https:\/\/farmaciadellago.ch\/de\/wp-json\/wp\/v2\/pages\/6594\/page\/2\/\">  \"<\/a>\t\t<\/nav>\n\t\t\t\t\t\t<\/div>\n\t\t\t\t<\/div>\n\t\t\t\t<\/div>\n\t\t\t\t\t<\/div>\n\t\t\t\t<\/div>\n\t\t\t\t<\/div>\n\t\t","protected":false},"excerpt":{"rendered":"<p>Ratschl\u00e4ge f\u00fcr Ihre Gesundheit Trinken Sie Wasser, treiben Sie regelm\u00e4\u00dfig Sport und schlafen Sie ausreichend. Achten Sie auf eine ausgewogene Ern\u00e4hrung und begrenzen Sie Stress. Konsultieren Sie regelm\u00e4\u00dfig Ihren Arzt zur Pr\u00e4vention<\/p>\n","protected":false},"author":2,"featured_media":0,"parent":0,"menu_order":0,"comment_status":"closed","ping_status":"open","template":"elementor_header_footer","meta":{"_acf_changed":false,"_seopress_robots_primary_cat":"","_seopress_titles_title":"","_seopress_titles_desc":"","_seopress_robots_index":"","footnotes":""},"class_list":["post-6594","page","type-page","status-publish","hentry"],"acf":[],"_links":{"self":[{"href":"https:\/\/farmaciadellago.ch\/de\/wp-json\/wp\/v2\/pages\/6594","targetHints":{"allow":["GET"]}}],"collection":[{"href":"https:\/\/farmaciadellago.ch\/de\/wp-json\/wp\/v2\/pages"}],"about":[{"href":"https:\/\/farmaciadellago.ch\/de\/wp-json\/wp\/v2\/types\/page"}],"author":[{"embeddable":true,"href":"https:\/\/farmaciadellago.ch\/de\/wp-json\/wp\/v2\/users\/2"}],"replies":[{"embeddable":true,"href":"https:\/\/farmaciadellago.ch\/de\/wp-json\/wp\/v2\/comments?post=6594"}],"version-history":[{"count":0,"href":"https:\/\/farmaciadellago.ch\/de\/wp-json\/wp\/v2\/pages\/6594\/revisions"}],"wp:attachment":[{"href":"https:\/\/farmaciadellago.ch\/de\/wp-json\/wp\/v2\/media?parent=6594"}],"curies":[{"name":"wp","href":"https:\/\/api.w.org\/{rel}","templated":true}]}}