{"id":7108,"date":"2024-10-23T17:48:50","date_gmt":"2024-10-23T15:48:50","guid":{"rendered":"https:\/\/farmaciadellago.ch\/privacy-policy-2\/"},"modified":"2024-10-23T17:48:51","modified_gmt":"2024-10-23T15:48:51","slug":"privacy-policy-2","status":"publish","type":"page","link":"https:\/\/farmaciadellago.ch\/de\/privacy-policy-2\/","title":{"rendered":"Privacy Policy"},"content":{"rendered":"\n<p><strong>\u00dcber uns<\/strong><\/p>\n\n<p>Unsere Website lautet: <a href=\"https:\/\/farmaciadellago.ch\/de\/\">https:\/\/farmaciadellago.ch.<\/a><\/p>\n\n<p><strong>Kommentare<\/strong><\/p>\n\n<p>Wenn Besucher Kommentare auf der Website hinterlassen, sammeln wir die im Kommentarformular angezeigten Daten zusammen mit der IP-Adresse des Besuchers und dem User-Agent-String des Browsers, um Spam zu erkennen.<\/p>\n\n<p>Eine anonymisierte Zeichenfolge, die aus Ihrer E-Mail-Adresse erstellt wird (ein so genannter Hash), kann dem Gravatar-Dienst zur Verf\u00fcgung gestellt werden, um zu sehen, ob Sie ihn verwenden. Die Datenschutzbestimmungen von Gravatar finden Sie hier: <a href=\"https:\/\/automattic.com\/privacy\/\">https:\/\/automattic.com\/privacy\/.<\/a> Nach der Genehmigung Ihres Kommentars wird Ihr Profilbild im Kontext Ihres Kommentars \u00f6ffentlich sichtbar sein.  <\/p>\n\n<p><strong>Medien<\/strong><\/p>\n\n<p>Wenn Sie Bilder auf die Website hochladen, vermeiden Sie das Hochladen von Bildern mit eingebetteten Positionsdaten (EXIF-GPS). Besucher der Website k\u00f6nnen Positionsdaten von Bildern auf der Website herunterladen und extrahieren. <\/p>\n\n<p><strong>Keks<\/strong><\/p>\n\n<p>Wenn Sie einen Kommentar auf unserer Website hinterlassen, k\u00f6nnen Sie w\u00e4hlen, ob Ihr Name, Ihre E-Mail-Adresse und Ihre Website in Cookies gespeichert werden sollen, so dass Sie Ihre Daten nicht erneut eingeben m\u00fcssen, wenn Sie einen weiteren Kommentar hinterlassen. Diese Kekse sind ein Jahr lang haltbar.<\/p>\n\n<p>Wenn Sie unsere Anmeldeseite besuchen, wird ein tempor\u00e4rer Cookie gesetzt, um zu pr\u00fcfen, ob Ihr Browser Cookies akzeptiert. Dieses Cookie enth\u00e4lt keine pers\u00f6nlichen Daten und wird gel\u00f6scht, wenn Sie den Browser schlie\u00dfen.<\/p>\n\n<p>Wenn Sie sich einloggen, werden Cookies gesetzt, um Ihre Anmeldeinformationen und Bildschirmeinstellungen zu speichern. Login-Cookies sind zwei Tage lang g\u00fcltig, w\u00e4hrend Cookies f\u00fcr Bildschirmoptionen ein Jahr lang g\u00fcltig sind.  Wenn Sie &#8222;Remember me&#8220; w\u00e4hlen, bleibt Ihr Zugang zwei Wochen lang bestehen. Wenn Sie sich von Ihrem Konto abmelden, werden Ihre Anmelde-Cookies entfernt.<\/p>\n\n<p>Wenn Sie einen Artikel bearbeiten oder ver\u00f6ffentlichen, wird ein zus\u00e4tzliches Cookie in Ihrem Browser gespeichert. Dieses Cookie enth\u00e4lt keine pers\u00f6nlichen Daten und zeigt lediglich die ID des Artikels an, den Sie gerade bearbeitet haben. Er l\u00e4uft nach einem Tag ab.  <\/p>\n\n<p><strong>In andere Websites eingebettete Inhalte<\/strong><\/p>\n\n<p>Die Artikel auf dieser Website k\u00f6nnen eingebettete Inhalte enthalten (z. B. Videos, Bilder, Artikel usw.). Eingebettete Inhalte von anderen Websites verhalten sich genau so, als ob Sie die andere Website besuchen w\u00fcrden.<\/p>\n\n<p>Diese Websites k\u00f6nnen Daten \u00fcber Sie sammeln, Cookies verwenden, zus\u00e4tzliche Trackingfunktionen von Drittanbietern integrieren und Ihre Interaktion mit diesen Inhalten \u00fcberwachen, einschlie\u00dflich der Frage, ob Sie ein Konto haben und auf diesen Websites angemeldet sind.<\/p>\n\n<p><strong>Mit wem wir Ihre Daten teilen<\/strong><\/p>\n\n<p>Wenn Sie eine Passwortr\u00fccksetzung anfordern, wird Ihre IP-Adresse in der R\u00fccksetzungs-E-Mail enthalten sein.<\/p>\n\n<p><strong>Wie lange wir Ihre Daten aufbewahren<\/strong><\/p>\n\n<p>Wenn Sie einen Kommentar hinterlassen, werden der Kommentar und seine Metadaten auf unbestimmte Zeit gespeichert. Auf diese Weise k\u00f6nnen wir alle nachfolgenden Kommentare automatisch erkennen und genehmigen, anstatt sie in einer Moderationswarteschlange zu halten.<\/p>\n\n<p>Bei Nutzern, die sich auf unserer Website registrieren (falls vorhanden), speichern wir auch die pers\u00f6nlichen Daten, die sie in ihrem Nutzerprofil angeben. Alle Benutzer k\u00f6nnen ihre pers\u00f6nlichen Daten jederzeit einsehen, \u00e4ndern oder l\u00f6schen (mit Ausnahme ihres Benutzernamens, den sie nicht \u00e4ndern k\u00f6nnen). Website-Administratoren k\u00f6nnen diese Informationen sehen und bearbeiten. <\/p>\n\n<p><strong>Welche Rechte haben Sie in Bezug auf Ihre Daten?<\/strong><\/p>\n\n<p>Wenn Sie ein Konto auf dieser Website haben oder Kommentare hinterlassen haben, k\u00f6nnen Sie beantragen, eine Datei mit den pers\u00f6nlichen Daten zu erhalten, die wir \u00fcber Sie haben, einschlie\u00dflich der Daten, die Sie uns zur Verf\u00fcgung gestellt haben. Sie k\u00f6nnen auch die L\u00f6schung aller personenbezogenen Daten \u00fcber Sie verlangen. Dies gilt nicht f\u00fcr Daten, die wir aus administrativen, rechtlichen oder Sicherheitsgr\u00fcnden aufbewahren m\u00fcssen.  <\/p>\n\n<p><strong>Wohin Ihre Daten gesendet werden<\/strong><\/p>\n\n<p>Besucherkommentare k\u00f6nnen durch einen automatisierten Spam-Erkennungsdienst \u00fcberpr\u00fcft werden.<\/p>\n","protected":false},"excerpt":{"rendered":"<p>\u00dcber uns Unsere Website lautet: https:\/\/farmaciadellago.ch. Kommentare Wenn Besucher Kommentare auf der Website hinterlassen, sammeln wir die im Kommentarformular angezeigten Daten zusammen mit der IP-Adresse des Besuchers und dem User-Agent-String des Browsers, um Spam zu erkennen. Eine anonymisierte Zeichenfolge, die aus Ihrer E-Mail-Adresse erstellt wird (ein so genannter Hash), kann dem Gravatar-Dienst zur Verf\u00fcgung gestellt [&hellip;]<\/p>\n","protected":false},"author":2,"featured_media":0,"parent":0,"menu_order":0,"comment_status":"closed","ping_status":"open","template":"","meta":{"_acf_changed":false,"_seopress_robots_primary_cat":"","_seopress_titles_title":"","_seopress_titles_desc":"","_seopress_robots_index":"","footnotes":""},"class_list":["post-7108","page","type-page","status-publish","hentry"],"acf":[],"_links":{"self":[{"href":"https:\/\/farmaciadellago.ch\/de\/wp-json\/wp\/v2\/pages\/7108","targetHints":{"allow":["GET"]}}],"collection":[{"href":"https:\/\/farmaciadellago.ch\/de\/wp-json\/wp\/v2\/pages"}],"about":[{"href":"https:\/\/farmaciadellago.ch\/de\/wp-json\/wp\/v2\/types\/page"}],"author":[{"embeddable":true,"href":"https:\/\/farmaciadellago.ch\/de\/wp-json\/wp\/v2\/users\/2"}],"replies":[{"embeddable":true,"href":"https:\/\/farmaciadellago.ch\/de\/wp-json\/wp\/v2\/comments?post=7108"}],"version-history":[{"count":0,"href":"https:\/\/farmaciadellago.ch\/de\/wp-json\/wp\/v2\/pages\/7108\/revisions"}],"wp:attachment":[{"href":"https:\/\/farmaciadellago.ch\/de\/wp-json\/wp\/v2\/media?parent=7108"}],"curies":[{"name":"wp","href":"https:\/\/api.w.org\/{rel}","templated":true}]}}