{"id":4643,"date":"2021-10-25T15:00:58","date_gmt":"2021-10-26T08:50:13","guid":{"rendered":"https:\/\/farmaciadellago.ch\/prodotto\/intense-skin-whitening-serum-trolley\/"},"modified":"2023-05-26T15:24:26","modified_gmt":"2023-05-26T13:24:26","slug":"intensives-bleaching-starkes-anti-age-spots-serum","status":"publish","type":"product","link":"https:\/\/farmaciadellago.ch\/de\/prodotto\/intensives-bleaching-starkes-anti-age-spots-serum\/","title":{"rendered":"Serum zur Aufhellung der Haut"},"content":{"rendered":"","protected":false},"excerpt":{"rendered":"<h3><strong>CHOLLEY Phytocell Whitintense Serum &#8211; Ref. 1004V<\/strong><\/h3>\n<p>Super Premium Skin Whitening Serum, das die besten und fortschrittlichsten Inhaltsstoffe f\u00fcr einen unglaublichen Hautaufhellungseffekt nutzt. Es ist ein sicheres, zuverl\u00e4ssiges und \u00e4u\u00dferst wirksames Produkt, das die regenerierende Kraft der IC-RAMP\u00ae-Technologie nutzt, um die Widerstandskraft der Haut zu erh\u00f6hen.<\/p>\n<p>LEISTUNGEN:<\/p>\n<ul>\n<li>Intensive hautaufhellende Wirkung durch Verhinderung der Melaninreifung<\/li>\n<li>Hemmt die Melaninproduktion durch Blockierung des Hormons MSH<\/li>\n<li>Anregung des Zellstoffwechsels<\/li>\n<li>Sch\u00fctzende antioxidative Wirkung<\/li>\n<li>Feuchtigkeitsspendende und erweichende Wirkung<\/li>\n<\/ul>\n<p>&nbsp;<\/p>\n<p>F\u00fcr ein optimales Ergebnis tragen Sie das CHOLLEY Phytocell Whitintense Serum morgens und abends nach der gr\u00fcndlichen Reinigung von Gesicht, Hals und Dekollet\u00e9 mit einer sanften Massage auf den gesamten Bereich auf.<\/p>\n","protected":false},"featured_media":4604,"comment_status":"open","ping_status":"open","template":"","meta":{"_acf_changed":false,"_seopress_robots_primary_cat":"none","_seopress_titles_title":"CHOLLEY Phytocell Whitintense Serum - Ref, Serum zur Hautaufhellung","_seopress_titles_desc":"Super Premium Skin Whitening Serum, das die besten und fortschrittlichsten Inhaltsstoffe f\u00fcr einen unglaublichen Hautaufhellungseffekt nutzt.","_seopress_robots_index":""},"product_brand":[],"product_cat":[149,156],"product_tag":[],"class_list":{"0":"post-4643","1":"product","2":"type-product","3":"status-publish","4":"has-post-thumbnail","6":"product_cat-kosmetika","7":"product_cat-phytozelle","8":"pa_contenuto-50-ml-de-2","10":"first","11":"instock","12":"shipping-taxable","13":"purchasable","14":"product-type-simple"},"acf":[],"_links":{"self":[{"href":"https:\/\/farmaciadellago.ch\/de\/wp-json\/wp\/v2\/product\/4643","targetHints":{"allow":["GET"]}}],"collection":[{"href":"https:\/\/farmaciadellago.ch\/de\/wp-json\/wp\/v2\/product"}],"about":[{"href":"https:\/\/farmaciadellago.ch\/de\/wp-json\/wp\/v2\/types\/product"}],"replies":[{"embeddable":true,"href":"https:\/\/farmaciadellago.ch\/de\/wp-json\/wp\/v2\/comments?post=4643"}],"wp:featuredmedia":[{"embeddable":true,"href":"https:\/\/farmaciadellago.ch\/de\/wp-json\/wp\/v2\/media\/4604"}],"wp:attachment":[{"href":"https:\/\/farmaciadellago.ch\/de\/wp-json\/wp\/v2\/media?parent=4643"}],"wp:term":[{"taxonomy":"product_brand","embeddable":true,"href":"https:\/\/farmaciadellago.ch\/de\/wp-json\/wp\/v2\/product_brand?post=4643"},{"taxonomy":"product_cat","embeddable":true,"href":"https:\/\/farmaciadellago.ch\/de\/wp-json\/wp\/v2\/product_cat?post=4643"},{"taxonomy":"product_tag","embeddable":true,"href":"https:\/\/farmaciadellago.ch\/de\/wp-json\/wp\/v2\/product_tag?post=4643"}],"curies":[{"name":"wp","href":"https:\/\/api.w.org\/{rel}","templated":true}]}}