{"id":4646,"date":"2021-10-01T11:07:49","date_gmt":"2021-10-26T08:50:14","guid":{"rendered":"https:\/\/farmaciadellago.ch\/prodotto\/cholley-prime-anti-aging\/"},"modified":"2022-11-22T16:13:57","modified_gmt":"2022-11-22T15:13:57","slug":"cholley-prime-anti-aging","status":"publish","type":"product","link":"https:\/\/farmaciadellago.ch\/de\/prodotto\/cholley-prime-anti-aging\/","title":{"rendered":"Repair-Maske f\u00fcr gestresste Haut"},"content":{"rendered":"","protected":false},"excerpt":{"rendered":"<div class=\"wpb_text_column wpb_content_element \">\n<div class=\"wpb_wrapper\">\n<h3>CHOLLEY Skin Repair Mask &#8211; Ref. 735V<\/h3>\n<p>Eine ausgezeichnete beruhigende, normalisierende, feuchtigkeitsspendende Anti-Aging-Maske f\u00fcr Gesicht, Hals und Dekollet\u00e9. CHOLLEY Skin Repair Mask lindert R\u00f6tungen und Beschwerden durch Sonneneinstrahlung und beschleunigt den Heilungsprozess. Sie ist eine ideale Tages- und Nachtschutzcreme sowie eine Anti-Aging-Gesichtsmaske f\u00fcr die professionelle Behandlung gestresster oder gesch\u00e4digter Haut. Informieren Sie sich auch \u00fcber unsere anderen Hautreparaturcremes.<\/p>\n<p>LEISTUNGEN:<\/p>\n<ul>\n<li>Beruhigende, abschwellende und normalisierende Wirkung zur Linderung von Reizungen\/R\u00f6tungen<\/li>\n<li>Anti-Falten-Wirkung und Antioxidantien<\/li>\n<li>Erweichende und feuchtigkeitsspendende Wirkung<\/li>\n<li>Parabenfreie Konservierung<\/li>\n<\/ul>\n<\/div><\/div>\n<div class=\"wpb_accordion wpb_content_element not-column-inherit\" data-collapsible=\"\" data-vc-disable-keydown=\"false\" data-active-tab=\"1\">\n<div class=\"wpb_wrapper wpb_accordion_wrapper ui-accordion ui-widget ui-helper-reset\" role=\"tablist\">\n<div class=\"wpb_accordion_section group\">\n<h3 id=\"ui-id-1\" class=\"wpb_accordion_header ui-accordion-header ui-corner-top ui-state-default ui-accordion-header-active ui-state-active ui-accordion-icons\" role=\"tab\"><\/h3>\n<\/p><\/div>\n<\/p><\/div>\n<\/p><\/div>\n","protected":false},"featured_media":4584,"comment_status":"open","ping_status":"open","template":"","meta":{"_acf_changed":false,"_seopress_robots_primary_cat":"none","_seopress_titles_title":"","_seopress_titles_desc":"","_seopress_robots_index":""},"product_brand":[],"product_cat":[180,149],"product_tag":[],"class_list":{"0":"post-4646","1":"product","2":"type-product","3":"status-publish","4":"has-post-thumbnail","6":"product_cat-choley","7":"product_cat-kosmetika","8":"pa_contenuto-50-ml-de-2","10":"first","11":"instock","12":"shipping-taxable","13":"purchasable","14":"product-type-simple"},"acf":[],"_links":{"self":[{"href":"https:\/\/farmaciadellago.ch\/de\/wp-json\/wp\/v2\/product\/4646","targetHints":{"allow":["GET"]}}],"collection":[{"href":"https:\/\/farmaciadellago.ch\/de\/wp-json\/wp\/v2\/product"}],"about":[{"href":"https:\/\/farmaciadellago.ch\/de\/wp-json\/wp\/v2\/types\/product"}],"replies":[{"embeddable":true,"href":"https:\/\/farmaciadellago.ch\/de\/wp-json\/wp\/v2\/comments?post=4646"}],"wp:featuredmedia":[{"embeddable":true,"href":"https:\/\/farmaciadellago.ch\/de\/wp-json\/wp\/v2\/media\/4584"}],"wp:attachment":[{"href":"https:\/\/farmaciadellago.ch\/de\/wp-json\/wp\/v2\/media?parent=4646"}],"wp:term":[{"taxonomy":"product_brand","embeddable":true,"href":"https:\/\/farmaciadellago.ch\/de\/wp-json\/wp\/v2\/product_brand?post=4646"},{"taxonomy":"product_cat","embeddable":true,"href":"https:\/\/farmaciadellago.ch\/de\/wp-json\/wp\/v2\/product_cat?post=4646"},{"taxonomy":"product_tag","embeddable":true,"href":"https:\/\/farmaciadellago.ch\/de\/wp-json\/wp\/v2\/product_tag?post=4646"}],"curies":[{"name":"wp","href":"https:\/\/api.w.org\/{rel}","templated":true}]}}