{"id":4661,"date":"2021-10-01T10:36:20","date_gmt":"2021-10-26T08:50:15","guid":{"rendered":"https:\/\/farmaciadellago.ch\/prodotto\/cholley-professioneller-make-up-entferner\/"},"modified":"2023-05-26T15:59:26","modified_gmt":"2023-05-26T13:59:26","slug":"cholley-professional-make-up-entferner","status":"publish","type":"product","link":"https:\/\/farmaciadellago.ch\/de\/prodotto\/cholley-professional-make-up-entferner\/","title":{"rendered":"Augen- und Lippen-Make-up-Entferner"},"content":{"rendered":"","protected":false},"excerpt":{"rendered":"<div class=\"page\" title=\"Page 6\">\n<div class=\"layoutArea\">\n<div class=\"column\">\n<h3>CHOLLEY Professioneller Make-up-Entferner &#8211; Ref. 726V<\/h3>\n<p>Augen- und Lippen-Make-up-Entferner mit Zwei-Phasen-Formel, der alle Arten von Make-up auch von den empfindlichsten Augen und mit Kontaktlinsen schnell entfernt. Die t\u00fcrkisfarbene Unterschicht beseitigt alle R\u00fcckst\u00e4nde und minimiert das \u00f6lige Gef\u00fchl.<\/p>\n<p>LEISTUNGEN:<\/p>\n<ul>\n<li>Entfernt alle Spuren von Make-up, einschlie\u00dflich lang anhaltender und wasserfester Formulierungen<\/li>\n<li>Formulierung geeignet f\u00fcr empfindliche Augen und Tr\u00e4ger von Hornhautlinsen<\/li>\n<li>Reizt, brennt oder verbrennt die Augen nicht<\/li>\n<li>Hinterl\u00e4sst keine \u00f6ligen R\u00fcckst\u00e4nde<\/li>\n<li>Enth\u00e4lt kein Parf\u00fcm<\/li>\n<li>Enth\u00e4lt keine Parabene<\/li>\n<li>Verleiht den Augen und Lippen ein frisches Gef\u00fchl<\/li>\n<\/ul>\n<\/div>\n<\/div>\n<\/div>\n","protected":false},"featured_media":4568,"comment_status":"open","ping_status":"open","template":"","meta":{"_acf_changed":false,"_seopress_robots_primary_cat":"none","_seopress_titles_title":"CHOLLEY Professioneller Make-up-Entferner - Entferner f\u00fcr Augen- und Lippen-Make-up","_seopress_titles_desc":"Augen- und Lippen-Make-up-Entferner mit Zwei-Phasen-Formel, der alle Arten von Make-up auch von den empfindlichsten Augen und mit Kontaktlinsen schnell entfernt.","_seopress_robots_index":""},"product_brand":[],"product_cat":[180,149],"product_tag":[],"class_list":{"0":"post-4661","1":"product","2":"type-product","3":"status-publish","4":"has-post-thumbnail","6":"product_cat-choley","7":"product_cat-kosmetika","8":"pa_contenuto-125-ml-de","10":"first","11":"instock","12":"shipping-taxable","13":"purchasable","14":"product-type-simple"},"acf":[],"_links":{"self":[{"href":"https:\/\/farmaciadellago.ch\/de\/wp-json\/wp\/v2\/product\/4661","targetHints":{"allow":["GET"]}}],"collection":[{"href":"https:\/\/farmaciadellago.ch\/de\/wp-json\/wp\/v2\/product"}],"about":[{"href":"https:\/\/farmaciadellago.ch\/de\/wp-json\/wp\/v2\/types\/product"}],"replies":[{"embeddable":true,"href":"https:\/\/farmaciadellago.ch\/de\/wp-json\/wp\/v2\/comments?post=4661"}],"wp:featuredmedia":[{"embeddable":true,"href":"https:\/\/farmaciadellago.ch\/de\/wp-json\/wp\/v2\/media\/4568"}],"wp:attachment":[{"href":"https:\/\/farmaciadellago.ch\/de\/wp-json\/wp\/v2\/media?parent=4661"}],"wp:term":[{"taxonomy":"product_brand","embeddable":true,"href":"https:\/\/farmaciadellago.ch\/de\/wp-json\/wp\/v2\/product_brand?post=4661"},{"taxonomy":"product_cat","embeddable":true,"href":"https:\/\/farmaciadellago.ch\/de\/wp-json\/wp\/v2\/product_cat?post=4661"},{"taxonomy":"product_tag","embeddable":true,"href":"https:\/\/farmaciadellago.ch\/de\/wp-json\/wp\/v2\/product_tag?post=4661"}],"curies":[{"name":"wp","href":"https:\/\/api.w.org\/{rel}","templated":true}]}}