{"id":4667,"date":"2021-10-01T10:35:11","date_gmt":"2021-10-26T08:50:16","guid":{"rendered":"https:\/\/farmaciadellago.ch\/prodotto\/cholley-edelweiss-creme-spf20\/"},"modified":"2023-05-26T16:01:30","modified_gmt":"2023-05-26T14:01:30","slug":"cholley-edelweiss-creme-spf20","status":"publish","type":"product","link":"https:\/\/farmaciadellago.ch\/de\/prodotto\/cholley-edelweiss-creme-spf20\/","title":{"rendered":"Sonnenschutzcreme f\u00fcr Gesicht und Hals"},"content":{"rendered":"","protected":false},"excerpt":{"rendered":"<div class=\"page\" title=\"Page 5\">\n<div class=\"section\">\n<div class=\"layoutArea\">\n<div class=\"column\">\n<h3>CHOLLEY Edelweiss Creme &#8211; Ref. 725V<\/h3>\n<p>Exklusive Creme, die aus der fortschrittlichsten Schweizer Forschung auf dem Gebiet der Dermokosmetik stammt, mit weicher Textur und verf\u00fchrerischem Duft, unverzichtbar f\u00fcr den Start in den Tag. Es sch\u00fctzt die Haut vor UVA- und UVB-Strahlen und \u00fcbt eine Anti-Aging- und antioxidative Wirkung gegen Schadstoffe und freie Radikale aus.<\/p>\n<p>LEISTUNGEN:<\/p>\n<ul>\n<li>Klinisch<em> und dermatologisch <\/em><em> getesteter<\/em> UVA- und UVB-Schutz (SPF 20)<\/li>\n<li>Antioxidationsmittel und Anti-Aging-Wirkung<\/li>\n<li>Hilft, Falten und Alterserscheinungen zu reduzieren<\/li>\n<li>Feuchtigkeitsspendende und erweichende Wirkung zum Schutz des Hydrolipid-Gleichgewichts der Haut<\/li>\n<\/ul>\n<\/div>\n<\/div>\n<\/div>\n<\/div>\n","protected":false},"featured_media":4564,"comment_status":"open","ping_status":"open","template":"","meta":{"_acf_changed":false,"_seopress_robots_primary_cat":"none","_seopress_titles_title":"CHOLLEY Edelweiss Creme - Ref, mit seiner weichen Textur und verf\u00fchrerischen Duft, unverzichtbar, um Ihren Tag zu beginnen.","_seopress_titles_desc":"Es sch\u00fctzt die Haut vor UVA- und UVB-Strahlen und \u00fcbt eine Anti-Aging- und antioxidative Wirkung gegen Schadstoffe und freie Radikale aus.","_seopress_robots_index":""},"product_brand":[],"product_cat":[180,149],"product_tag":[],"class_list":{"0":"post-4667","1":"product","2":"type-product","3":"status-publish","4":"has-post-thumbnail","6":"product_cat-choley","7":"product_cat-kosmetika","8":"pa_contenuto-50-ml-de-2","10":"first","11":"instock","12":"shipping-taxable","13":"purchasable","14":"product-type-simple"},"acf":[],"_links":{"self":[{"href":"https:\/\/farmaciadellago.ch\/de\/wp-json\/wp\/v2\/product\/4667","targetHints":{"allow":["GET"]}}],"collection":[{"href":"https:\/\/farmaciadellago.ch\/de\/wp-json\/wp\/v2\/product"}],"about":[{"href":"https:\/\/farmaciadellago.ch\/de\/wp-json\/wp\/v2\/types\/product"}],"replies":[{"embeddable":true,"href":"https:\/\/farmaciadellago.ch\/de\/wp-json\/wp\/v2\/comments?post=4667"}],"wp:featuredmedia":[{"embeddable":true,"href":"https:\/\/farmaciadellago.ch\/de\/wp-json\/wp\/v2\/media\/4564"}],"wp:attachment":[{"href":"https:\/\/farmaciadellago.ch\/de\/wp-json\/wp\/v2\/media?parent=4667"}],"wp:term":[{"taxonomy":"product_brand","embeddable":true,"href":"https:\/\/farmaciadellago.ch\/de\/wp-json\/wp\/v2\/product_brand?post=4667"},{"taxonomy":"product_cat","embeddable":true,"href":"https:\/\/farmaciadellago.ch\/de\/wp-json\/wp\/v2\/product_cat?post=4667"},{"taxonomy":"product_tag","embeddable":true,"href":"https:\/\/farmaciadellago.ch\/de\/wp-json\/wp\/v2\/product_tag?post=4667"}],"curies":[{"name":"wp","href":"https:\/\/api.w.org\/{rel}","templated":true}]}}