{"id":4700,"date":"2021-10-01T10:29:08","date_gmt":"2021-10-26T08:50:27","guid":{"rendered":"https:\/\/farmaciadellago.ch\/prodotto\/cholley-clearing-gel-creme\/"},"modified":"2024-11-20T16:51:39","modified_gmt":"2024-11-20T15:51:39","slug":"cholley-clearing-gel-creme","status":"publish","type":"product","link":"https:\/\/farmaciadellago.ch\/de\/prodotto\/cholley-clearing-gel-creme\/","title":{"rendered":"Hautaufhellendes und feuchtigkeitsspendendes Creme-Gel"},"content":{"rendered":"","protected":false},"excerpt":{"rendered":"<div class=\"page\" title=\"Page 5\">\n<div class=\"section\">\n<div class=\"layoutArea\">\n<div class=\"column\">\n<h3>CHOLLEY Clearing Gel Creme SPF 30 &#8211; Ref. 714V<\/h3>\n<p>Exklusive aufhellende und feuchtigkeitsspendende Gel-Creme, perfekt zur Bek\u00e4mpfung von unregelm\u00e4\u00dfiger Pigmentierung, zur Aufhellung des Teints, zum Schutz vor UV-Strahlen und zum Schutz vor freien Radikalen, die durch Umweltverschmutzung entstehen. Es ist erfrischend und leicht und au\u00dfergew\u00f6hnlich reich an Wirkstoffen.<\/p>\n<p>LEISTUNGEN:<\/p>\n<ul>\n<li>Hautaufhellende und bleichende Wirkung<\/li>\n<li>UV-Schutz (SPF15)<\/li>\n<li>Antioxidans gegen freie Radikale und Umweltverschmutzung<\/li>\n<li>Anti-Falten-Effekt und Hautgl\u00e4ttung<\/li>\n<li>Normalisierende und beruhigende Wirkung zum Schlie\u00dfen vergr\u00f6\u00dferter Poren, zur Beruhigung der Haut und zum Schutz vor Rosacea<\/li>\n<\/ul>\n<\/div>\n<\/div>\n<\/div>\n<\/div>\n","protected":false},"featured_media":7535,"comment_status":"closed","ping_status":"open","template":"","meta":{"_acf_changed":false,"_seopress_robots_primary_cat":"none","_seopress_titles_title":"Hautaufhellendes und feuchtigkeitsspendendes Creme-Gel von Cholley","_seopress_titles_desc":"Hautaufhellendes und feuchtigkeitsspendendes Creme-Gel, das perfekt ist, um ungleichm\u00e4\u00dfige Pigmentierung zu bek\u00e4mpfen, den Teint aufzuhellen, ihn vor UV-Strahlen zu sch\u00fctzen und ihn vor freien Radikalen zu bewahren, die durch Umweltverschmutzung entstehen.","_seopress_robots_index":""},"product_brand":[],"product_cat":[180,149],"product_tag":[],"class_list":{"0":"post-4700","1":"product","2":"type-product","3":"status-publish","4":"has-post-thumbnail","6":"product_cat-choley","7":"product_cat-kosmetika","8":"pa_contenuto-50-ml-de-2","10":"first","11":"instock","12":"shipping-taxable","13":"purchasable","14":"product-type-simple"},"acf":[],"_links":{"self":[{"href":"https:\/\/farmaciadellago.ch\/de\/wp-json\/wp\/v2\/product\/4700","targetHints":{"allow":["GET"]}}],"collection":[{"href":"https:\/\/farmaciadellago.ch\/de\/wp-json\/wp\/v2\/product"}],"about":[{"href":"https:\/\/farmaciadellago.ch\/de\/wp-json\/wp\/v2\/types\/product"}],"replies":[{"embeddable":true,"href":"https:\/\/farmaciadellago.ch\/de\/wp-json\/wp\/v2\/comments?post=4700"}],"wp:featuredmedia":[{"embeddable":true,"href":"https:\/\/farmaciadellago.ch\/de\/wp-json\/wp\/v2\/media\/7535"}],"wp:attachment":[{"href":"https:\/\/farmaciadellago.ch\/de\/wp-json\/wp\/v2\/media?parent=4700"}],"wp:term":[{"taxonomy":"product_brand","embeddable":true,"href":"https:\/\/farmaciadellago.ch\/de\/wp-json\/wp\/v2\/product_brand?post=4700"},{"taxonomy":"product_cat","embeddable":true,"href":"https:\/\/farmaciadellago.ch\/de\/wp-json\/wp\/v2\/product_cat?post=4700"},{"taxonomy":"product_tag","embeddable":true,"href":"https:\/\/farmaciadellago.ch\/de\/wp-json\/wp\/v2\/product_tag?post=4700"}],"curies":[{"name":"wp","href":"https:\/\/api.w.org\/{rel}","templated":true}]}}