{"id":4702,"date":"2021-10-01T10:05:49","date_gmt":"2021-10-26T08:50:27","guid":{"rendered":"https:\/\/farmaciadellago.ch\/prodotto\/biolaston-phyto-huile-pour-le-corps\/"},"modified":"2022-11-22T16:14:38","modified_gmt":"2022-11-22T15:14:38","slug":"biolaston-phyto-huile-pour-le-corps","status":"publish","type":"product","link":"https:\/\/farmaciadellago.ch\/de\/prodotto\/biolaston-phyto-huile-pour-le-corps\/","title":{"rendered":"Anti-Dehnungsstreifen und pflegendes K\u00f6rper\u00f6l"},"content":{"rendered":"","protected":false},"excerpt":{"rendered":"<div class=\"page\" title=\"Page 13\">\n<div class=\"section\">\n<div class=\"layoutArea\">\n<div class=\"column\">\n<p>Ausgezeichnetes Anti-Dehnungs- und n\u00e4hrendes K\u00f6rper\u00f6l 100% nat\u00fcrlich angereichert mit Jojoba\u00f6l, Mandel\u00f6l und Vitaminen<br \/>\nA, B1, B2, B6 und E. Sie ist leicht, zieht schnell ein und beruhigt die Haut, indem sie sie n\u00e4hrt, st\u00e4rkt und sie weich und straff macht.<\/p>\n<p>LEISTUNGEN:<\/p>\n<ul>\n<li><span>Hilft, das Auftreten von Dehnungsstreifen zu verhindern und zu reduzieren<\/span><\/li>\n<li><span>Intensive erweichende und reinigende Wirkung mit leichter Note f\u00fcr eine weiche, glatte Haut<\/span><\/li>\n<li><span>Reich an nat\u00fcrlichen N\u00e4hrstoffen und Vitaminen zur Verbesserung der Festigkeit und Flexibilit\u00e4t der Haut<\/span><\/li>\n<\/ul>\n<\/div><\/div>\n<\/p><\/div>\n<\/p><\/div>\n","protected":false},"featured_media":4508,"comment_status":"open","ping_status":"open","template":"","meta":{"_acf_changed":false,"_seopress_robots_primary_cat":"none","_seopress_titles_title":"","_seopress_titles_desc":"","_seopress_robots_index":""},"product_brand":[],"product_cat":[185,149,212],"product_tag":[],"class_list":{"0":"post-4702","1":"product","2":"type-product","3":"status-publish","4":"has-post-thumbnail","6":"product_cat-biolaston-de","7":"product_cat-kosmetika","8":"product_cat-kosmetika-de","9":"pa_contenuto-150-ml-de","11":"first","12":"instock","13":"shipping-taxable","14":"purchasable","15":"product-type-simple"},"acf":[],"_links":{"self":[{"href":"https:\/\/farmaciadellago.ch\/de\/wp-json\/wp\/v2\/product\/4702","targetHints":{"allow":["GET"]}}],"collection":[{"href":"https:\/\/farmaciadellago.ch\/de\/wp-json\/wp\/v2\/product"}],"about":[{"href":"https:\/\/farmaciadellago.ch\/de\/wp-json\/wp\/v2\/types\/product"}],"replies":[{"embeddable":true,"href":"https:\/\/farmaciadellago.ch\/de\/wp-json\/wp\/v2\/comments?post=4702"}],"wp:featuredmedia":[{"embeddable":true,"href":"https:\/\/farmaciadellago.ch\/de\/wp-json\/wp\/v2\/media\/4508"}],"wp:attachment":[{"href":"https:\/\/farmaciadellago.ch\/de\/wp-json\/wp\/v2\/media?parent=4702"}],"wp:term":[{"taxonomy":"product_brand","embeddable":true,"href":"https:\/\/farmaciadellago.ch\/de\/wp-json\/wp\/v2\/product_brand?post=4702"},{"taxonomy":"product_cat","embeddable":true,"href":"https:\/\/farmaciadellago.ch\/de\/wp-json\/wp\/v2\/product_cat?post=4702"},{"taxonomy":"product_tag","embeddable":true,"href":"https:\/\/farmaciadellago.ch\/de\/wp-json\/wp\/v2\/product_tag?post=4702"}],"curies":[{"name":"wp","href":"https:\/\/api.w.org\/{rel}","templated":true}]}}