{"id":4720,"date":"2021-10-01T10:21:01","date_gmt":"2021-10-26T08:50:29","guid":{"rendered":"https:\/\/farmaciadellago.ch\/prodotto\/cholley-creme-ultra-concentree\/"},"modified":"2022-11-22T16:14:33","modified_gmt":"2022-11-22T15:14:33","slug":"cholley-creme-ultra-konzentrat","status":"publish","type":"product","link":"https:\/\/farmaciadellago.ch\/de\/prodotto\/cholley-creme-ultra-konzentrat\/","title":{"rendered":"Super feuchtigkeitsspendende Gesichtscreme mit Hyalurons\u00e4ure"},"content":{"rendered":"","protected":false},"excerpt":{"rendered":"<div class=\"page\" title=\"Page 4\">\n<div class=\"section\">\n<div class=\"layoutArea\">\n<div class=\"column\">\n<h3>CHOLLEY Cr\u00e8me Ultra Concentr\u00e9e &#8211; Ref. 704V<\/h3>\n<p>Mit zunehmendem Alter nimmt die F\u00e4higkeit der Haut, Feuchtigkeit zu speichern, allm\u00e4hlich ab, und sie ben\u00f6tigt immer mehr Feuchtigkeit und Weichmacher, um ihre Flexibilit\u00e4t zu erhalten und die Faltenbildung zu verz\u00f6gern.<\/p>\n<p>Au\u00dferdem ist es wichtig, die Fibroblastenzellen wirksam zu ern\u00e4hren, um eine ausreichende Produktion neuer Kollagenfasern und Hyalurons\u00e4ure zu gew\u00e4hrleisten. Diese Creme ist speziell f\u00fcr diese Bed\u00fcrfnisse formuliert. Sch\u00fctzt, belebt und verj\u00fcngt die Haut.<\/p>\n<p>Doppelfunktions-Anti-Aging-Creme mit reichhaltiger und eleganter Textur f\u00fcr extrem trockene Haut. Bietet eine d\u00fcnne Schutzbarriere gegen Wind und K\u00e4lte und h\u00e4lt Feuchtigkeit zur\u00fcck.<\/p>\n<p>LEISTUNGEN:<\/p>\n<ul>\n<li>Anti-Aging-Wirkung durch Verlangsamung der Schw\u00e4chung der Kollagenfasern<\/li>\n<li>Stimuliert die Produktion neuer Zellen und Proteine, die f\u00fcr den Aufbau neuer Kollagenfasern verwendet werden<\/li>\n<li>Intensive feuchtigkeitsspendende Wirkung zur Wiederherstellung des Hydrolipid-Gleichgewichts der Epidermis und zur Linderung von Spannungen<\/li>\n<li>Bietet eine Schutzbarriere f\u00fcr die Haut gegen Wind und K\u00e4lte<\/li>\n<\/ul>\n<\/div><\/div>\n<\/p><\/div>\n<\/p><\/div>\n","protected":false},"featured_media":4532,"comment_status":"closed","ping_status":"open","template":"","meta":{"_acf_changed":false,"_seopress_robots_primary_cat":"none","_seopress_titles_title":"","_seopress_titles_desc":"","_seopress_robots_index":""},"product_brand":[],"product_cat":[180,149],"product_tag":[],"class_list":{"0":"post-4720","1":"product","2":"type-product","3":"status-publish","4":"has-post-thumbnail","6":"product_cat-choley","7":"product_cat-kosmetika","8":"pa_contenuto-50-ml-de-2","10":"first","11":"instock","12":"shipping-taxable","13":"purchasable","14":"product-type-simple"},"acf":[],"_links":{"self":[{"href":"https:\/\/farmaciadellago.ch\/de\/wp-json\/wp\/v2\/product\/4720","targetHints":{"allow":["GET"]}}],"collection":[{"href":"https:\/\/farmaciadellago.ch\/de\/wp-json\/wp\/v2\/product"}],"about":[{"href":"https:\/\/farmaciadellago.ch\/de\/wp-json\/wp\/v2\/types\/product"}],"replies":[{"embeddable":true,"href":"https:\/\/farmaciadellago.ch\/de\/wp-json\/wp\/v2\/comments?post=4720"}],"wp:featuredmedia":[{"embeddable":true,"href":"https:\/\/farmaciadellago.ch\/de\/wp-json\/wp\/v2\/media\/4532"}],"wp:attachment":[{"href":"https:\/\/farmaciadellago.ch\/de\/wp-json\/wp\/v2\/media?parent=4720"}],"wp:term":[{"taxonomy":"product_brand","embeddable":true,"href":"https:\/\/farmaciadellago.ch\/de\/wp-json\/wp\/v2\/product_brand?post=4720"},{"taxonomy":"product_cat","embeddable":true,"href":"https:\/\/farmaciadellago.ch\/de\/wp-json\/wp\/v2\/product_cat?post=4720"},{"taxonomy":"product_tag","embeddable":true,"href":"https:\/\/farmaciadellago.ch\/de\/wp-json\/wp\/v2\/product_tag?post=4720"}],"curies":[{"name":"wp","href":"https:\/\/api.w.org\/{rel}","templated":true}]}}