{"id":4738,"date":"2021-10-01T10:11:07","date_gmt":"2021-10-26T08:50:33","guid":{"rendered":"https:\/\/farmaciadellago.ch\/prodotto\/biolaston-peeling-naturel-pour-le-corps\/"},"modified":"2024-11-20T17:07:46","modified_gmt":"2024-11-20T16:07:46","slug":"biolaston-peeling-naturel-pour-le-corps","status":"publish","type":"product","link":"https:\/\/farmaciadellago.ch\/de\/prodotto\/biolaston-peeling-naturel-pour-le-corps\/","title":{"rendered":"Nat\u00fcrliches K\u00f6rperpeeling"},"content":{"rendered":"<p>LANGE BESCHREIBUNG<\/p>\n","protected":false},"excerpt":{"rendered":"<div class=\"page\" title=\"Page 13\">\n<div class=\"section\">\n<div class=\"layoutArea\">\n<div class=\"column\">\n<p>BIOLASTON Natural Peeling for Body ist ein wertvolles Peeling f\u00fcr den ganzen K\u00f6rper. Erfrischt die Haut, indem es abgestorbene Zellen und \u00fcbersch\u00fcssige Keratinablagerungen entfernt. Dadurch wird die Sauerstoffversorgung der Haut verbessert, die durch eine nat\u00fcrliche Peelingwirkung stimuliert wird.<\/p>\n<p>Das BIOLASTON Natural Body Peeling ist reich an feuchtigkeitsspendenden, lindernden und regenerierenden Faktoren. Es verleiht der Haut Geschmeidigkeit und verbessert ihre Elastizit\u00e4t erheblich.<\/p>\n<\/div>\n<p>LEISTUNGEN:<\/p>\n<ul>\n<li>Peeling und reinigende Wirkung zur Entfernung abgestorbener Zellen und \u00fcbersch\u00fcssigen Keratins<\/li>\n<li>Peeling-Wirkung f\u00fcr verst\u00e4rkte Exfoliation und Sauerstoffversorgung der Haut<\/li>\n<li>Erweichende und pflegende Wirkung zur Verbesserung von Hautton und Elastizit\u00e4t<\/li>\n<li>Wiederherstellende Wirkung zur Beschleunigung der Zellregeneration<\/li>\n<\/ul>\n<\/div>\n<\/div>\n<\/div>\n","protected":false},"featured_media":7543,"comment_status":"open","ping_status":"open","template":"","meta":{"_acf_changed":false,"_seopress_robots_primary_cat":"none","_seopress_titles_title":"Nat\u00fcrliches K\u00f6rperpeeling","_seopress_titles_desc":"BIOLASTON Natural Peeling for Body ist ein wertvolles Peeling f\u00fcr den ganzen K\u00f6rper, reich an feuchtigkeitsspendenden, lindernden und regenerierenden Faktoren. Es verleiht der Haut Geschmeidigkeit und verbessert ihre Elastizit\u00e4t erheblich.","_seopress_robots_index":""},"product_brand":[],"product_cat":[185,149],"product_tag":[],"class_list":{"0":"post-4738","1":"product","2":"type-product","3":"status-publish","4":"has-post-thumbnail","6":"product_cat-biolaston-de","7":"product_cat-kosmetika","8":"pa_contenuto-150-ml-de","10":"first","11":"instock","12":"shipping-taxable","13":"purchasable","14":"product-type-simple"},"acf":[],"_links":{"self":[{"href":"https:\/\/farmaciadellago.ch\/de\/wp-json\/wp\/v2\/product\/4738","targetHints":{"allow":["GET"]}}],"collection":[{"href":"https:\/\/farmaciadellago.ch\/de\/wp-json\/wp\/v2\/product"}],"about":[{"href":"https:\/\/farmaciadellago.ch\/de\/wp-json\/wp\/v2\/types\/product"}],"replies":[{"embeddable":true,"href":"https:\/\/farmaciadellago.ch\/de\/wp-json\/wp\/v2\/comments?post=4738"}],"wp:featuredmedia":[{"embeddable":true,"href":"https:\/\/farmaciadellago.ch\/de\/wp-json\/wp\/v2\/media\/7543"}],"wp:attachment":[{"href":"https:\/\/farmaciadellago.ch\/de\/wp-json\/wp\/v2\/media?parent=4738"}],"wp:term":[{"taxonomy":"product_brand","embeddable":true,"href":"https:\/\/farmaciadellago.ch\/de\/wp-json\/wp\/v2\/product_brand?post=4738"},{"taxonomy":"product_cat","embeddable":true,"href":"https:\/\/farmaciadellago.ch\/de\/wp-json\/wp\/v2\/product_cat?post=4738"},{"taxonomy":"product_tag","embeddable":true,"href":"https:\/\/farmaciadellago.ch\/de\/wp-json\/wp\/v2\/product_tag?post=4738"}],"curies":[{"name":"wp","href":"https:\/\/api.w.org\/{rel}","templated":true}]}}