{"id":4754,"date":"2021-10-25T15:06:59","date_gmt":"2021-10-26T08:50:40","guid":{"rendered":"https:\/\/farmaciadellago.ch\/prodotto\/konzentrat-anti-falten-hebe-serum-wagen\/"},"modified":"2023-05-26T15:17:49","modified_gmt":"2023-05-26T13:17:49","slug":"choley-konzentrat-anti-falten-lifting-serum","status":"publish","type":"product","link":"https:\/\/farmaciadellago.ch\/de\/prodotto\/choley-konzentrat-anti-falten-lifting-serum\/","title":{"rendered":"Anti-Aging-Serum f\u00fcr die Haut"},"content":{"rendered":"","protected":false},"excerpt":{"rendered":"<div class=\"wpb_text_column wpb_content_element \">\n<div class=\"wpb_wrapper\">\n<h3>CHOLLEY Phytocell Booster &#8211; Ref. 1002V<\/h3>\n<p>Kraftvolles und sehr effektives Lifting-Serum mit intensiver und sofortiger Anti-Aging-Wirkung. Profitieren Sie von den neuesten Innovationen der Biotechnologie mit sofortigem und lang anhaltendem Anti-Aging-Effekt, sofort sichtbar in einem j\u00fcngeren, frischeren und entspannteren Erscheinungsbild. Nutzen Sie die Anti-Falten-Wirkung der Stammzellen von Uttwiler Sp\u00e4utlauber, indem Sie sie mit der exklusiven IC-RAMP\u00ae-Technologie zusammen mit weiteren spezifischen Anti-Aging-Wirkstoffen zur Hautpflege kombinieren.<\/p>\n<p>LEISTUNGEN:<\/p>\n<ul>\n<li>Intensive Anti-Falten-Blitzwirkung<\/li>\n<li>Starker Lifting-Effekt, der die ovale Form des Gesichts bewahrt<\/li>\n<li>Ausgezeichneter F\u00fcllstoff f\u00fcr Gesicht und Lippenkontur<\/li>\n<\/ul>\n<p>&nbsp;<\/p>\n<\/div>\n<\/div>\n<p>F\u00fcr ein optimales Ergebnis geben Sie morgens und abends nach der gr\u00fcndlichen Reinigung von Gesicht, Hals und Dekollet\u00e9 einige Tropfen CHOLLEY Phytocell Booster in Ihre Handfl\u00e4chen.<\/p>\n<div class=\"wpb_text_column wpb_content_element \">\n<div class=\"wpb_wrapper\">\n<p>&nbsp;<\/p>\n<\/div>\n<\/div>\n","protected":false},"featured_media":4620,"comment_status":"open","ping_status":"open","template":"","meta":{"_acf_changed":false,"_seopress_robots_primary_cat":"none","_seopress_titles_title":"CHOLLEY Phytocell Booster - Ref, Ein hochwirksames Lifting-Serum mit intensiver und sofortiger Anti-Aging-Wirkung.","_seopress_titles_desc":"Profitieren Sie von den neuesten Innovationen der Biotechnologie mit sofortigem und lang anhaltendem Anti-Aging-Effekt, sofort sichtbar in einem j\u00fcngeren, frischeren und entspannteren Erscheinungsbild.","_seopress_robots_index":""},"product_brand":[],"product_cat":[149,156],"product_tag":[],"class_list":{"0":"post-4754","1":"product","2":"type-product","3":"status-publish","4":"has-post-thumbnail","6":"product_cat-kosmetika","7":"product_cat-phytozelle","8":"pa_contenuto-30-ml-de-2","10":"first","11":"instock","12":"shipping-taxable","13":"purchasable","14":"product-type-simple"},"acf":[],"_links":{"self":[{"href":"https:\/\/farmaciadellago.ch\/de\/wp-json\/wp\/v2\/product\/4754","targetHints":{"allow":["GET"]}}],"collection":[{"href":"https:\/\/farmaciadellago.ch\/de\/wp-json\/wp\/v2\/product"}],"about":[{"href":"https:\/\/farmaciadellago.ch\/de\/wp-json\/wp\/v2\/types\/product"}],"replies":[{"embeddable":true,"href":"https:\/\/farmaciadellago.ch\/de\/wp-json\/wp\/v2\/comments?post=4754"}],"wp:featuredmedia":[{"embeddable":true,"href":"https:\/\/farmaciadellago.ch\/de\/wp-json\/wp\/v2\/media\/4620"}],"wp:attachment":[{"href":"https:\/\/farmaciadellago.ch\/de\/wp-json\/wp\/v2\/media?parent=4754"}],"wp:term":[{"taxonomy":"product_brand","embeddable":true,"href":"https:\/\/farmaciadellago.ch\/de\/wp-json\/wp\/v2\/product_brand?post=4754"},{"taxonomy":"product_cat","embeddable":true,"href":"https:\/\/farmaciadellago.ch\/de\/wp-json\/wp\/v2\/product_cat?post=4754"},{"taxonomy":"product_tag","embeddable":true,"href":"https:\/\/farmaciadellago.ch\/de\/wp-json\/wp\/v2\/product_tag?post=4754"}],"curies":[{"name":"wp","href":"https:\/\/api.w.org\/{rel}","templated":true}]}}