{"id":4756,"date":"2021-10-01T09:31:06","date_gmt":"2021-10-26T08:50:40","guid":{"rendered":"https:\/\/farmaciadellago.ch\/prodotto\/bioclean-stoppt-unvollkommenheiten\/"},"modified":"2022-11-18T16:07:47","modified_gmt":"2022-11-18T15:07:47","slug":"bioclean-stop-unvollkommenheiten","status":"publish","type":"product","link":"https:\/\/farmaciadellago.ch\/de\/prodotto\/bioclean-stop-unvollkommenheiten\/","title":{"rendered":"Creme zur Behandlung von Pickeln und Mitessern"},"content":{"rendered":"","protected":false},"excerpt":{"rendered":"<div class=\"page\" title=\"Page 7\">\n<div class=\"layoutArea\">\n<div class=\"column\">\n<p>Intensiv reinigende Creme zur lokalen Behandlung von Pickeln und Mitessern. Es reinigt die Poren und Haarfollikel, indem es das Vorhandensein von Bakterien und Verunreinigungen minimiert, die zur Bildung von Akne f\u00fchren k\u00f6nnen. Es beruhigt die Haut und hilft, Eiter oder andere Sekrete auszutrocknen, die Entz\u00fcndungen und R\u00f6tungen verursachen.<\/p>\n<\/div>\n<p>LEISTUNGEN:<\/p>\n<ul>\n<li><span>Antiseptische und reinigende Wirkung zur Minimierung der Bakterienpr\u00e4senz<\/span><\/li>\n<li><span>Trockenmittel zum Trocknen von Eiter und Verunreinigungen<\/span><\/li>\n<li><span>Beruhigende und entz\u00fcndungshemmende Wirkstoffe zur Linderung von R\u00f6tungen und Reizungen<\/span><\/li>\n<li><span>Hauterweichende Wirkung<\/span><\/li>\n<\/ul>\n<\/div><\/div>\n","protected":false},"featured_media":4484,"comment_status":"open","ping_status":"open","template":"","meta":{"_acf_changed":false,"_seopress_robots_primary_cat":"none","_seopress_titles_title":"","_seopress_titles_desc":"","_seopress_robots_index":""},"product_brand":[],"product_cat":[181,149],"product_tag":[],"class_list":{"0":"post-4756","1":"product","2":"type-product","3":"status-publish","4":"has-post-thumbnail","6":"product_cat-biosauber","7":"product_cat-kosmetika","8":"pa_contenuto-15-ml-de-2","10":"first","11":"instock","12":"featured","13":"shipping-taxable","14":"purchasable","15":"product-type-simple"},"acf":[],"_links":{"self":[{"href":"https:\/\/farmaciadellago.ch\/de\/wp-json\/wp\/v2\/product\/4756","targetHints":{"allow":["GET"]}}],"collection":[{"href":"https:\/\/farmaciadellago.ch\/de\/wp-json\/wp\/v2\/product"}],"about":[{"href":"https:\/\/farmaciadellago.ch\/de\/wp-json\/wp\/v2\/types\/product"}],"replies":[{"embeddable":true,"href":"https:\/\/farmaciadellago.ch\/de\/wp-json\/wp\/v2\/comments?post=4756"}],"wp:featuredmedia":[{"embeddable":true,"href":"https:\/\/farmaciadellago.ch\/de\/wp-json\/wp\/v2\/media\/4484"}],"wp:attachment":[{"href":"https:\/\/farmaciadellago.ch\/de\/wp-json\/wp\/v2\/media?parent=4756"}],"wp:term":[{"taxonomy":"product_brand","embeddable":true,"href":"https:\/\/farmaciadellago.ch\/de\/wp-json\/wp\/v2\/product_brand?post=4756"},{"taxonomy":"product_cat","embeddable":true,"href":"https:\/\/farmaciadellago.ch\/de\/wp-json\/wp\/v2\/product_cat?post=4756"},{"taxonomy":"product_tag","embeddable":true,"href":"https:\/\/farmaciadellago.ch\/de\/wp-json\/wp\/v2\/product_tag?post=4756"}],"curies":[{"name":"wp","href":"https:\/\/api.w.org\/{rel}","templated":true}]}}