{"id":4760,"date":"2021-10-01T10:01:41","date_gmt":"2021-10-26T08:50:40","guid":{"rendered":"https:\/\/farmaciadellago.ch\/prodotto\/biolaston-emulsion-pour-le-corps\/"},"modified":"2022-11-22T16:14:41","modified_gmt":"2022-11-22T15:14:41","slug":"biolaston-emulsion-pour-le-corps","status":"publish","type":"product","link":"https:\/\/farmaciadellago.ch\/de\/prodotto\/biolaston-emulsion-pour-le-corps\/","title":{"rendered":"Erweichende und feuchtigkeitsspendende K\u00f6rpercreme"},"content":{"rendered":"","protected":false},"excerpt":{"rendered":"<div class=\"page\" title=\"Page 12\">\n<div class=\"layoutArea\">\n<div class=\"column\">\n<p>Weichmachende und tief feuchtigkeitsspendende Fl\u00fcssigcreme f\u00fcr den ganzen K\u00f6rper. Es stellt das hydrolipidische Gleichgewicht der Epidermis wieder her und hilft, die Barrierefunktion der Haut zu st\u00e4rken.<br \/>\nEs wirkt dem Alterungsprozess und dem Verlust von Spannkraft und Elastizit\u00e4t der Epidermis entgegen.<\/p>\n<p>LEISTUNGEN:<\/p>\n<ul>\n<li><span>Intensive erweichende und feuchtigkeitsspendende Wirkung f\u00fcr weiche, glatte und geschmeidige Haut<\/span><\/li>\n<li><span>Feuchtigkeitsspendende Wirkung zur Wiederherstellung des Hydrolipid-Gleichgewichts der Haut<\/span><\/li>\n<li><span>Verbessert Tonus und Elastizit\u00e4t des Gewebes<\/span><\/li>\n<li><span>Verbessert die nat\u00fcrliche Produktion von Kollagenfasern<\/span><\/li>\n<li><span>Beruhigende und reinigende Wirkung<\/span><\/li>\n<\/ul>\n<\/div><\/div>\n<\/p><\/div>\n","protected":false},"featured_media":4504,"comment_status":"open","ping_status":"open","template":"","meta":{"_acf_changed":false,"_seopress_robots_primary_cat":"none","_seopress_titles_title":"","_seopress_titles_desc":"","_seopress_robots_index":""},"product_brand":[],"product_cat":[185,149],"product_tag":[],"class_list":{"0":"post-4760","1":"product","2":"type-product","3":"status-publish","4":"has-post-thumbnail","6":"product_cat-biolaston-de","7":"product_cat-kosmetika","8":"pa_contenuto-200-ml-de","10":"first","11":"instock","12":"shipping-taxable","13":"purchasable","14":"product-type-simple"},"acf":[],"_links":{"self":[{"href":"https:\/\/farmaciadellago.ch\/de\/wp-json\/wp\/v2\/product\/4760","targetHints":{"allow":["GET"]}}],"collection":[{"href":"https:\/\/farmaciadellago.ch\/de\/wp-json\/wp\/v2\/product"}],"about":[{"href":"https:\/\/farmaciadellago.ch\/de\/wp-json\/wp\/v2\/types\/product"}],"replies":[{"embeddable":true,"href":"https:\/\/farmaciadellago.ch\/de\/wp-json\/wp\/v2\/comments?post=4760"}],"wp:featuredmedia":[{"embeddable":true,"href":"https:\/\/farmaciadellago.ch\/de\/wp-json\/wp\/v2\/media\/4504"}],"wp:attachment":[{"href":"https:\/\/farmaciadellago.ch\/de\/wp-json\/wp\/v2\/media?parent=4760"}],"wp:term":[{"taxonomy":"product_brand","embeddable":true,"href":"https:\/\/farmaciadellago.ch\/de\/wp-json\/wp\/v2\/product_brand?post=4760"},{"taxonomy":"product_cat","embeddable":true,"href":"https:\/\/farmaciadellago.ch\/de\/wp-json\/wp\/v2\/product_cat?post=4760"},{"taxonomy":"product_tag","embeddable":true,"href":"https:\/\/farmaciadellago.ch\/de\/wp-json\/wp\/v2\/product_tag?post=4760"}],"curies":[{"name":"wp","href":"https:\/\/api.w.org\/{rel}","templated":true}]}}