{"id":4770,"date":"2021-10-01T09:48:12","date_gmt":"2021-10-26T08:50:41","guid":{"rendered":"https:\/\/farmaciadellago.ch\/prodotto\/sinuston-creme-pour-les-seins\/"},"modified":"2022-11-18T16:07:47","modified_gmt":"2022-11-18T15:07:47","slug":"sinuston-creme-pour-les-seins","status":"publish","type":"product","link":"https:\/\/farmaciadellago.ch\/de\/prodotto\/sinuston-creme-pour-les-seins\/","title":{"rendered":"Straffende, festigende und feuchtigkeitsspendende Brustcreme"},"content":{"rendered":"","protected":false},"excerpt":{"rendered":"<div class=\"page\" title=\"Page 13\">\n<div class=\"section\">\n<div class=\"layoutArea\">\n<div class=\"column\">\n<p>Sehr zarte Creme, die speziell entwickelt wurde, um die Br\u00fcste zu straffen, zu hydratisieren und zu straffen. Die sichtbaren und \u00fcberraschenden Ergebnisse dieses Produkts sind auf die regenerierende Wirkung und die antioxidativen Eigenschaften der ausgew\u00e4hlten Phytoextrakte zur\u00fcckzuf\u00fchren, die ausschlie\u00dflich in unseren CHOLLEY-Labors hergestellt werden.<\/p>\n<p>LEISTUNGEN:<\/p>\n<ul>\n<li><span>Adstringierende Wirkung f\u00fcr eine straffere und festere Haut, um &#8222;h\u00e4ngende Br\u00fcste&#8220; zu verhindern.<\/span><\/li>\n<li><span>Antioxidative Wirkung zur Verhinderung von Sch\u00e4den durch freie Radikale<\/span><\/li>\n<li><span>Stimuliert die Zellregeneration f\u00fcr mehr Halt und Festigkeit<\/span><\/li>\n<li><span>Tiefgreifende feuchtigkeitsspendende und erweichende Wirkung, um die Elastizit\u00e4t der Haut zu erh\u00f6hen und Dehnungsstreifen vorzubeugen<\/span><\/li>\n<\/ul>\n<\/div><\/div>\n<\/p><\/div>\n<\/p><\/div>\n","protected":false},"featured_media":4496,"comment_status":"open","ping_status":"open","template":"","meta":{"_acf_changed":false,"_seopress_robots_primary_cat":"none","_seopress_titles_title":"","_seopress_titles_desc":"","_seopress_robots_index":""},"product_brand":[],"product_cat":[149,196],"product_tag":[],"class_list":{"0":"post-4770","1":"product","2":"type-product","3":"status-publish","4":"has-post-thumbnail","6":"product_cat-kosmetika","7":"product_cat-sinuston-de","8":"pa_contenuto-50-ml-de-2","10":"first","11":"instock","12":"featured","13":"shipping-taxable","14":"purchasable","15":"product-type-simple"},"acf":[],"_links":{"self":[{"href":"https:\/\/farmaciadellago.ch\/de\/wp-json\/wp\/v2\/product\/4770","targetHints":{"allow":["GET"]}}],"collection":[{"href":"https:\/\/farmaciadellago.ch\/de\/wp-json\/wp\/v2\/product"}],"about":[{"href":"https:\/\/farmaciadellago.ch\/de\/wp-json\/wp\/v2\/types\/product"}],"replies":[{"embeddable":true,"href":"https:\/\/farmaciadellago.ch\/de\/wp-json\/wp\/v2\/comments?post=4770"}],"wp:featuredmedia":[{"embeddable":true,"href":"https:\/\/farmaciadellago.ch\/de\/wp-json\/wp\/v2\/media\/4496"}],"wp:attachment":[{"href":"https:\/\/farmaciadellago.ch\/de\/wp-json\/wp\/v2\/media?parent=4770"}],"wp:term":[{"taxonomy":"product_brand","embeddable":true,"href":"https:\/\/farmaciadellago.ch\/de\/wp-json\/wp\/v2\/product_brand?post=4770"},{"taxonomy":"product_cat","embeddable":true,"href":"https:\/\/farmaciadellago.ch\/de\/wp-json\/wp\/v2\/product_cat?post=4770"},{"taxonomy":"product_tag","embeddable":true,"href":"https:\/\/farmaciadellago.ch\/de\/wp-json\/wp\/v2\/product_tag?post=4770"}],"curies":[{"name":"wp","href":"https:\/\/api.w.org\/{rel}","templated":true}]}}