{"id":4786,"date":"2021-10-25T15:08:59","date_gmt":"2021-10-26T08:50:42","guid":{"rendered":"https:\/\/farmaciadellago.ch\/prodotto\/cholley-super-ernaehrende-anti-aging-creme-fuer-trockene-und-trocknete-haut\/"},"modified":"2023-05-26T15:16:02","modified_gmt":"2023-05-26T13:16:02","slug":"cholley-super-nahrende-anti-aging-creme-fur-trockene-und-feuchtigkeitsarme-haut","status":"publish","type":"product","link":"https:\/\/farmaciadellago.ch\/de\/prodotto\/cholley-super-nahrende-anti-aging-creme-fur-trockene-und-feuchtigkeitsarme-haut\/","title":{"rendered":"Arganight Hautcreme"},"content":{"rendered":"<p>LEISTUNGEN:<\/p>\n<ul>\n<li>Wirkt intensiv straffend, feuchtigkeitsspendend und pflegend auf Gesicht, Hals und Dekollet\u00e9<\/li>\n<li>Stimuliert die Produktion von Kollagen und Elastin<\/li>\n<li>Stoppt die durch freie Radikale verursachte Oxidation<\/li>\n<li>Befeuchtet, erweicht und gl\u00e4ttet die Epidermis<\/li>\n<\/ul>\n","protected":false},"excerpt":{"rendered":"<h3>CHOLLEY Phytocell Arganight Creme &#8211; Ref. 1003V<\/h3>\n<p>Super-Premium-Creme f\u00fcr eine intensive Straffung und tiefe Feuchtigkeitsversorgung der Haut. Es ist ein au\u00dfergew\u00f6hnliches Pflege- und Anti-Aging-Produkt basierend auf der IC-RAMP\u00ae-Technologie. Dank seiner speziellen aufbauenden Formulierung auf Basis von Stammzellen des Arganbaums ist dieses Produkt speziell f\u00fcr jene Haut formuliert, die aufgrund von Alterung, Austrocknung oder unzureichender Pflege an Kraft und Glanz verloren hat.<\/p>\n<p>LEISTUNGEN:<\/p>\n<ul>\n<li>Wirkt intensiv straffend, feuchtigkeitsspendend und pflegend auf Gesicht, Hals und Dekollet\u00e9<\/li>\n<li>Stimuliert die Produktion von Kollagen und Elastin<\/li>\n<li>Stoppt die durch freie Radikale verursachte Oxidation<\/li>\n<li>Befeuchtet, erweicht und gl\u00e4ttet die Epidermis<\/li>\n<\/ul>\n","protected":false},"featured_media":4624,"comment_status":"open","ping_status":"open","template":"","meta":{"_acf_changed":false,"_seopress_robots_primary_cat":"none","_seopress_titles_title":"CHOLLEY Phytocell Arganight Cream - Ref, Super Premium Cream zur intensiven Belebung und Tiefenhydratisierung der Haut.","_seopress_titles_desc":"Es ist ein au\u00dfergew\u00f6hnliches Pflege- und Anti-Aging-Produkt, dank seiner speziellen, reparierenden Formulierung auf der Basis von Stammzellen des Arganbaums.","_seopress_robots_index":""},"product_brand":[],"product_cat":[149,156],"product_tag":[],"class_list":{"0":"post-4786","1":"product","2":"type-product","3":"status-publish","4":"has-post-thumbnail","6":"product_cat-kosmetika","7":"product_cat-phytozelle","8":"pa_contenuto-50-ml-de-2","10":"first","11":"instock","12":"shipping-taxable","13":"purchasable","14":"product-type-simple"},"acf":[],"_links":{"self":[{"href":"https:\/\/farmaciadellago.ch\/de\/wp-json\/wp\/v2\/product\/4786","targetHints":{"allow":["GET"]}}],"collection":[{"href":"https:\/\/farmaciadellago.ch\/de\/wp-json\/wp\/v2\/product"}],"about":[{"href":"https:\/\/farmaciadellago.ch\/de\/wp-json\/wp\/v2\/types\/product"}],"replies":[{"embeddable":true,"href":"https:\/\/farmaciadellago.ch\/de\/wp-json\/wp\/v2\/comments?post=4786"}],"wp:featuredmedia":[{"embeddable":true,"href":"https:\/\/farmaciadellago.ch\/de\/wp-json\/wp\/v2\/media\/4624"}],"wp:attachment":[{"href":"https:\/\/farmaciadellago.ch\/de\/wp-json\/wp\/v2\/media?parent=4786"}],"wp:term":[{"taxonomy":"product_brand","embeddable":true,"href":"https:\/\/farmaciadellago.ch\/de\/wp-json\/wp\/v2\/product_brand?post=4786"},{"taxonomy":"product_cat","embeddable":true,"href":"https:\/\/farmaciadellago.ch\/de\/wp-json\/wp\/v2\/product_cat?post=4786"},{"taxonomy":"product_tag","embeddable":true,"href":"https:\/\/farmaciadellago.ch\/de\/wp-json\/wp\/v2\/product_tag?post=4786"}],"curies":[{"name":"wp","href":"https:\/\/api.w.org\/{rel}","templated":true}]}}