{"id":4955,"date":"2021-10-29T18:52:12","date_gmt":"2021-10-26T08:51:54","guid":{"rendered":"https:\/\/farmaciadellago.ch\/prodotto\/cholley-phytobiotech-satin-balsam\/"},"modified":"2024-12-17T18:54:47","modified_gmt":"2024-12-17T17:54:47","slug":"cholley-phytobiotech-satin-balsam","status":"publish","type":"product","link":"https:\/\/farmaciadellago.ch\/de\/prodotto\/cholley-phytobiotech-satin-balsam\/","title":{"rendered":"Satin-Gesichtsbalsam"},"content":{"rendered":"","protected":false},"excerpt":{"rendered":"<h3>CHOLLEY PHYTOBIOTECH Satin Balm &#8211; Ref. 1015V<\/h3>\n<p>CHOLLEY PHYTOBIOTECH Satin Balm ist ein Balsam mit fortschrittlicher Technologie, der speziell f\u00fcr das Problem der Alterung entwickelt wurde, das mit der Glykation der St\u00fctzfasern der Haut verbunden ist. Die drei wichtigsten degenerativen Prozesse des Alterns sind:<\/p>\n<ul>\n<li><span>Entz\u00fcndung<\/span><\/li>\n<li><span>Oxidation<\/span><\/li>\n<li><span>Glykation<\/span><\/li>\n<\/ul>\n<p>Diese Prozesse sind in einem Teufelskreis eng miteinander verflochten. CHOLLEY PHYTOBIOTECH Satin Balm hilft bei der Bek\u00e4mpfung von Oxidation und Entz\u00fcndungen, indem es die Haut vor Glykation sch\u00fctzt.<\/p>\n<p>LEISTUNGEN:<\/p>\n<ul>\n<li>Anti-Glycating, straffende und gl\u00e4ttende Wirkung<\/li>\n<li>Entgiftende und bleichende Wirkung (Entgilbung)<\/li>\n<li>Antioxidative Wirkung<\/li>\n<li>Beruhigende, entz\u00fcndungshemmende Wirkung<\/li>\n<li>Intensive Erweichung und Pflege f\u00fcr die Haut<\/li>\n<li>Feuchtigkeitsspendende und filmbildende Wirkung<\/li>\n<li>Fortschrittliche parabenfreie Konservierungstechnologie<\/li>\n<\/ul>\n<p>&nbsp;<\/p>\n","protected":false},"featured_media":4420,"comment_status":"open","ping_status":"open","template":"","meta":{"_acf_changed":false,"_seopress_robots_primary_cat":"none","_seopress_titles_title":"CHOLLEY PHYTOBIOTECH Satin Balm ist ein Balsam gegen das Problem der Hautalterung.","_seopress_titles_desc":"CHOLLEY PHYTOBIOTECH Satin Balm hilft bei der Bek\u00e4mpfung von Oxidation und Entz\u00fcndungen, indem es die Haut vor Glykation sch\u00fctzt.","_seopress_robots_index":""},"product_brand":[],"product_cat":[149,208],"product_tag":[],"class_list":{"0":"post-4955","1":"product","2":"type-product","3":"status-publish","4":"has-post-thumbnail","6":"product_cat-kosmetika","7":"product_cat-phytobiotechnologie","9":"first","10":"instock","11":"shipping-taxable","12":"purchasable","13":"product-type-simple"},"acf":[],"_links":{"self":[{"href":"https:\/\/farmaciadellago.ch\/de\/wp-json\/wp\/v2\/product\/4955","targetHints":{"allow":["GET"]}}],"collection":[{"href":"https:\/\/farmaciadellago.ch\/de\/wp-json\/wp\/v2\/product"}],"about":[{"href":"https:\/\/farmaciadellago.ch\/de\/wp-json\/wp\/v2\/types\/product"}],"replies":[{"embeddable":true,"href":"https:\/\/farmaciadellago.ch\/de\/wp-json\/wp\/v2\/comments?post=4955"}],"wp:featuredmedia":[{"embeddable":true,"href":"https:\/\/farmaciadellago.ch\/de\/wp-json\/wp\/v2\/media\/4420"}],"wp:attachment":[{"href":"https:\/\/farmaciadellago.ch\/de\/wp-json\/wp\/v2\/media?parent=4955"}],"wp:term":[{"taxonomy":"product_brand","embeddable":true,"href":"https:\/\/farmaciadellago.ch\/de\/wp-json\/wp\/v2\/product_brand?post=4955"},{"taxonomy":"product_cat","embeddable":true,"href":"https:\/\/farmaciadellago.ch\/de\/wp-json\/wp\/v2\/product_cat?post=4955"},{"taxonomy":"product_tag","embeddable":true,"href":"https:\/\/farmaciadellago.ch\/de\/wp-json\/wp\/v2\/product_tag?post=4955"}],"curies":[{"name":"wp","href":"https:\/\/api.w.org\/{rel}","templated":true}]}}