{"id":4958,"date":"2021-09-30T16:06:16","date_gmt":"2021-10-26T08:51:54","guid":{"rendered":"https:\/\/farmaciadellago.ch\/prodotto\/cellipex-emulsion-pour-la-silhouette\/"},"modified":"2024-12-05T17:53:46","modified_gmt":"2024-12-05T16:53:46","slug":"cellipex-emulsion-giesen-la-silhouette","status":"publish","type":"product","link":"https:\/\/farmaciadellago.ch\/de\/prodotto\/cellipex-emulsion-giesen-la-silhouette\/","title":{"rendered":"Anti-Cellulite-Creme"},"content":{"rendered":"","protected":false},"excerpt":{"rendered":"<div class=\"page\" title=\"Page 11\">\n<div class=\"section\">\n<div class=\"layoutArea\">\n<div class=\"column\">\n<p>Reichhaltige Anti-Cellulite-Creme mit einer hohen Konzentration an Wirkstoffen und Phytoextrakten mit lipolytischer (fettreduzierender) und diuretischer (wasserabbauender) Wirkung, die den lokalen Fettstoffwechsel durch Wiederherstellung des thermischen Gleichgewichts des Fettgewebes beschleunigen. Au\u00dferdem werden Wassereinlagerungen durch den effektiven Abtransport von \u00fcbersch\u00fcssiger Fl\u00fcssigkeit und Giftstoffen aus dem K\u00f6rper reduziert.<\/p>\n<p>LEISTUNGEN:<\/p>\n<ul>\n<li>Intensive harntreibende Wirkung, um die Ansammlung von Wasser und Toxinen zu reduzieren<\/li>\n<li>Lipolytische Wirkung zum Abbau von Fettablagerungen<\/li>\n<li>Stimuliert die Kapillarzirkulation zur Verbesserung der Sauerstoffversorgung, des W\u00e4rmehaushalts und des Fettzellenstoffwechsels<\/li>\n<li>St\u00e4rkt das Bindegewebe und sch\u00fctzt die Integrit\u00e4t der Zellmembranen<\/li>\n<li>Beruhigende, abschwellende und erfrischende Wirkung<\/li>\n<li>Intensive erweichende und feuchtigkeitsspendende Wirkung f\u00fcr eine straffere Haut und einen weniger sichtbaren Orangenschaleneffekt&#8220;.<\/li>\n<\/ul>\n<\/div>\n<\/div>\n<\/div>\n<\/div>\n","protected":false},"featured_media":7568,"comment_status":"open","ping_status":"open","template":"","meta":{"_acf_changed":false,"_seopress_robots_primary_cat":"none","_seopress_titles_title":"Anti-Cellulite-Creme von Cholley - Farmacia del Lago","_seopress_titles_desc":"Reichhaltige Anti-Cellulite-Creme mit einer hohen Konzentration an aktiven Inhaltsstoffen und Phytoextrakten, die den lokalen Fettstoffwechsel beschleunigen","_seopress_robots_index":""},"product_brand":[],"product_cat":[202,149],"product_tag":[453],"class_list":{"0":"post-4958","1":"product","2":"type-product","3":"status-publish","4":"has-post-thumbnail","6":"product_cat-cellipex-de","7":"product_cat-kosmetika","8":"product_tag-anti-cellulite-de","9":"pa_contenuto-200-ml-de","11":"first","12":"instock","13":"featured","14":"shipping-taxable","15":"purchasable","16":"product-type-simple"},"acf":[],"_links":{"self":[{"href":"https:\/\/farmaciadellago.ch\/de\/wp-json\/wp\/v2\/product\/4958","targetHints":{"allow":["GET"]}}],"collection":[{"href":"https:\/\/farmaciadellago.ch\/de\/wp-json\/wp\/v2\/product"}],"about":[{"href":"https:\/\/farmaciadellago.ch\/de\/wp-json\/wp\/v2\/types\/product"}],"replies":[{"embeddable":true,"href":"https:\/\/farmaciadellago.ch\/de\/wp-json\/wp\/v2\/comments?post=4958"}],"wp:featuredmedia":[{"embeddable":true,"href":"https:\/\/farmaciadellago.ch\/de\/wp-json\/wp\/v2\/media\/7568"}],"wp:attachment":[{"href":"https:\/\/farmaciadellago.ch\/de\/wp-json\/wp\/v2\/media?parent=4958"}],"wp:term":[{"taxonomy":"product_brand","embeddable":true,"href":"https:\/\/farmaciadellago.ch\/de\/wp-json\/wp\/v2\/product_brand?post=4958"},{"taxonomy":"product_cat","embeddable":true,"href":"https:\/\/farmaciadellago.ch\/de\/wp-json\/wp\/v2\/product_cat?post=4958"},{"taxonomy":"product_tag","embeddable":true,"href":"https:\/\/farmaciadellago.ch\/de\/wp-json\/wp\/v2\/product_tag?post=4958"}],"curies":[{"name":"wp","href":"https:\/\/api.w.org\/{rel}","templated":true}]}}