{"id":5027,"date":"2021-09-30T16:18:02","date_gmt":"2021-10-26T08:52:06","guid":{"rendered":"https:\/\/farmaciadellago.ch\/prodotto\/bioregene-fluide\/"},"modified":"2022-11-18T16:07:45","modified_gmt":"2022-11-18T15:07:45","slug":"bioregene-flussigkeiten","status":"publish","type":"product","link":"https:\/\/farmaciadellago.ch\/de\/prodotto\/bioregene-flussigkeiten\/","title":{"rendered":"Super feuchtigkeitsspendende Gesichtslotion"},"content":{"rendered":"","protected":false},"excerpt":{"rendered":"<div class=\"page\" title=\"Page 8\">\n<div class=\"section\">\n<div class=\"layoutArea\">\n<div class=\"column\">\n<p>Reichhaltiger Cocktail aus Phytoextrakten, Aminos\u00e4uren und nat\u00fcrlichen Feuchthaltefaktoren, der die Widerstandskraft der empfindlichen Haut verbessert und st\u00e4rkt.<br \/>\nOptimiert den pH-Wert trockener, reifer und feuchtigkeitsarmer Haut und beschleunigt die Regeneration neuer St\u00fctzgewebe f\u00fcr eine st\u00e4rkere, elastischere und straffere Haut.<\/p>\n<p>LEISTUNGEN:<\/p>\n<ul>\n<li><span>Intensive feuchtigkeitsspendende und tonisierende Wirkung<\/span><\/li>\n<li><span>Reich an Vorl\u00e4ufern von Kollagenfasern und Vitaminen, um den Regenerationsprozess und die Sauerstoffversorgung der Haut zu stimulieren<\/span><\/li>\n<li><span>Stellt den optimalen pH-Wert der Haut wieder her und sch\u00fctzt sie vor freien Radikalen<\/span><\/li>\n<li><span>Adstringierende Wirkung, um die Haut glatt und geschmeidig zu machen<\/span><\/li>\n<li><span>Beruhigende und abschwellende Wirkung zur Linderung von Couperose und R\u00f6tungen<\/span><\/li>\n<li><span>Reinigende und erfrischende Wirkung<\/span><\/li>\n<\/ul>\n<\/div><\/div>\n<\/p><\/div>\n<\/p><\/div>\n","protected":false},"featured_media":4448,"comment_status":"open","ping_status":"open","template":"","meta":{"_acf_changed":false,"_seopress_robots_primary_cat":"none","_seopress_titles_title":"","_seopress_titles_desc":"","_seopress_robots_index":""},"product_brand":[],"product_cat":[197,149],"product_tag":[],"class_list":{"0":"post-5027","1":"product","2":"type-product","3":"status-publish","4":"has-post-thumbnail","6":"product_cat-bioregene-de","7":"product_cat-kosmetika","8":"pa_contenuto-200-ml-de","10":"first","11":"instock","12":"shipping-taxable","13":"purchasable","14":"product-type-simple"},"acf":[],"_links":{"self":[{"href":"https:\/\/farmaciadellago.ch\/de\/wp-json\/wp\/v2\/product\/5027","targetHints":{"allow":["GET"]}}],"collection":[{"href":"https:\/\/farmaciadellago.ch\/de\/wp-json\/wp\/v2\/product"}],"about":[{"href":"https:\/\/farmaciadellago.ch\/de\/wp-json\/wp\/v2\/types\/product"}],"replies":[{"embeddable":true,"href":"https:\/\/farmaciadellago.ch\/de\/wp-json\/wp\/v2\/comments?post=5027"}],"wp:featuredmedia":[{"embeddable":true,"href":"https:\/\/farmaciadellago.ch\/de\/wp-json\/wp\/v2\/media\/4448"}],"wp:attachment":[{"href":"https:\/\/farmaciadellago.ch\/de\/wp-json\/wp\/v2\/media?parent=5027"}],"wp:term":[{"taxonomy":"product_brand","embeddable":true,"href":"https:\/\/farmaciadellago.ch\/de\/wp-json\/wp\/v2\/product_brand?post=5027"},{"taxonomy":"product_cat","embeddable":true,"href":"https:\/\/farmaciadellago.ch\/de\/wp-json\/wp\/v2\/product_cat?post=5027"},{"taxonomy":"product_tag","embeddable":true,"href":"https:\/\/farmaciadellago.ch\/de\/wp-json\/wp\/v2\/product_tag?post=5027"}],"curies":[{"name":"wp","href":"https:\/\/api.w.org\/{rel}","templated":true}]}}