{"id":5042,"date":"2021-09-30T16:37:42","date_gmt":"2021-10-26T08:52:07","guid":{"rendered":"https:\/\/farmaciadellago.ch\/prodotto\/bioclean-creme-peaux-unreine\/"},"modified":"2022-11-18T16:07:46","modified_gmt":"2022-11-18T15:07:46","slug":"bioclean-creme-peaux-unrein","status":"publish","type":"product","link":"https:\/\/farmaciadellago.ch\/de\/prodotto\/bioclean-creme-peaux-unrein\/","title":{"rendered":"Feuchtigkeitsspendende und normalisierende Creme f\u00fcr unreine Haut"},"content":{"rendered":"","protected":false},"excerpt":{"rendered":"<div class=\"page\" title=\"Page 7\">\n<div class=\"layoutArea\">\n<div class=\"column\">\n<p>Feuchtigkeitsspendende und normalisierende Creme, ideal f\u00fcr unreine und zu Akne neigende Haut. Gekennzeichnet durch eine einzigartige Formulierung, enth\u00e4lt es Inhaltsstoffe zur Normalisierung der Talgdr\u00fcsensekretion, tr\u00e4gt zur Kontrolle der Talgproduktion bei, um die Bildung von Pickeln und Mitessern zu verhindern. Au\u00dferdem beschleunigt sie den Heilungsprozess mit einer fein abgestimmten Weichmacher- und Feuchtigkeitswirkung, die das nat\u00fcrliche Gleichgewicht der Haut wiederherstellt.<\/p>\n<p>LEISTUNGEN:<\/p>\n<ul>\n<li><span>Feuchtigkeitsspendende und erweichende Wirkung zur Wiederherstellung des Hydrolipid-Gleichgewichts der Haut<\/span><\/li>\n<li><span>Sebum-normalisierende und hautkonditionierende Wirkung<\/span><\/li>\n<li><span>Reinigende und antioxidative Wirkung, um die bakterielle Aktivit\u00e4t zu hemmen<\/span><\/li>\n<li><span>Adstringierende, abschwellende und beruhigende Wirkung zur Verbesserung des Aussehens und der Textur der Epidermis<\/span><\/li>\n<\/ul>\n<\/div><\/div>\n<\/p><\/div>\n","protected":false},"featured_media":4464,"comment_status":"open","ping_status":"open","template":"","meta":{"_acf_changed":false,"_seopress_robots_primary_cat":"none","_seopress_titles_title":"","_seopress_titles_desc":"","_seopress_robots_index":""},"product_brand":[],"product_cat":[181,149],"product_tag":[],"class_list":{"0":"post-5042","1":"product","2":"type-product","3":"status-publish","4":"has-post-thumbnail","6":"product_cat-biosauber","7":"product_cat-kosmetika","8":"pa_contenuto-50-ml-de-2","10":"first","11":"instock","12":"shipping-taxable","13":"purchasable","14":"product-type-simple"},"acf":[],"_links":{"self":[{"href":"https:\/\/farmaciadellago.ch\/de\/wp-json\/wp\/v2\/product\/5042","targetHints":{"allow":["GET"]}}],"collection":[{"href":"https:\/\/farmaciadellago.ch\/de\/wp-json\/wp\/v2\/product"}],"about":[{"href":"https:\/\/farmaciadellago.ch\/de\/wp-json\/wp\/v2\/types\/product"}],"replies":[{"embeddable":true,"href":"https:\/\/farmaciadellago.ch\/de\/wp-json\/wp\/v2\/comments?post=5042"}],"wp:featuredmedia":[{"embeddable":true,"href":"https:\/\/farmaciadellago.ch\/de\/wp-json\/wp\/v2\/media\/4464"}],"wp:attachment":[{"href":"https:\/\/farmaciadellago.ch\/de\/wp-json\/wp\/v2\/media?parent=5042"}],"wp:term":[{"taxonomy":"product_brand","embeddable":true,"href":"https:\/\/farmaciadellago.ch\/de\/wp-json\/wp\/v2\/product_brand?post=5042"},{"taxonomy":"product_cat","embeddable":true,"href":"https:\/\/farmaciadellago.ch\/de\/wp-json\/wp\/v2\/product_cat?post=5042"},{"taxonomy":"product_tag","embeddable":true,"href":"https:\/\/farmaciadellago.ch\/de\/wp-json\/wp\/v2\/product_tag?post=5042"}],"curies":[{"name":"wp","href":"https:\/\/api.w.org\/{rel}","templated":true}]}}