{"id":5043,"date":"2021-09-30T16:13:15","date_gmt":"2021-10-26T08:52:07","guid":{"rendered":"https:\/\/farmaciadellago.ch\/prodotto\/bioregene-beruhigendes-oel-pv\/"},"modified":"2024-11-20T18:23:41","modified_gmt":"2024-11-20T17:23:41","slug":"bioregene-beruhigendes-ol-pv","status":"publish","type":"product","link":"https:\/\/farmaciadellago.ch\/de\/prodotto\/bioregene-beruhigendes-ol-pv\/","title":{"rendered":"\u00d6lmischung gegen R\u00f6tungen"},"content":{"rendered":"","protected":false},"excerpt":{"rendered":"<div class=\"page\" title=\"Page 8\">\n<div class=\"section\">\n<div class=\"layoutArea\">\n<div class=\"column\">\n<p>Kostbare Mischung aus hochwertigem Jojoba-, Melaleuca- (Teebaum-), Oliven- und Weizenkeim\u00f6l mit sofortiger beruhigender, entschlackender und antiseptischer Wirkung f\u00fcr eine schnelle Linderung der Epidermis. Besonders empfehlenswert bei Rosacea, R\u00f6tungen oder Beschwerden durch Sonnenbrand.<\/p>\n<p>LEISTUNGEN:<\/p>\n<ul>\n<li>Abschwellende, abtrocknende und antiseptische Wirkung<\/li>\n<li>Intensive Emollient-Wirkung f\u00fcr wunderbar weiche, geschmeidige und elastische Haut<\/li>\n<li>Stimuliert die Produktion neuer Kollagenfasern, um die Faltenbildung zu verz\u00f6gern<\/li>\n<li>Reich an N\u00e4hrstoffen zur F\u00f6rderung des Stoffwechsels und der nat\u00fcrlichen Abwehrkr\u00e4fte der Haut<\/li>\n<\/ul>\n<\/div>\n<\/div>\n<\/div>\n<\/div>\n","protected":false},"featured_media":7560,"comment_status":"open","ping_status":"open","template":"","meta":{"_acf_changed":false,"_seopress_robots_primary_cat":"none","_seopress_titles_title":"","_seopress_titles_desc":"Kostbare Mischung aus hochwertigen \u00d6len mit sofortiger lindernder, r\u00f6tungshemmender und antiseptischer Wirkung f\u00fcr schnelle Linderung.","_seopress_robots_index":"","_seopress_analysis_target_kw":""},"product_brand":[],"product_cat":[197,149],"product_tag":[],"class_list":{"0":"post-5043","1":"product","2":"type-product","3":"status-publish","4":"has-post-thumbnail","6":"product_cat-bioregene-de","7":"product_cat-kosmetika","8":"pa_contenuto-30-ml-de-2","10":"first","11":"instock","12":"shipping-taxable","13":"purchasable","14":"product-type-simple"},"acf":[],"_links":{"self":[{"href":"https:\/\/farmaciadellago.ch\/de\/wp-json\/wp\/v2\/product\/5043","targetHints":{"allow":["GET"]}}],"collection":[{"href":"https:\/\/farmaciadellago.ch\/de\/wp-json\/wp\/v2\/product"}],"about":[{"href":"https:\/\/farmaciadellago.ch\/de\/wp-json\/wp\/v2\/types\/product"}],"replies":[{"embeddable":true,"href":"https:\/\/farmaciadellago.ch\/de\/wp-json\/wp\/v2\/comments?post=5043"}],"wp:featuredmedia":[{"embeddable":true,"href":"https:\/\/farmaciadellago.ch\/de\/wp-json\/wp\/v2\/media\/7560"}],"wp:attachment":[{"href":"https:\/\/farmaciadellago.ch\/de\/wp-json\/wp\/v2\/media?parent=5043"}],"wp:term":[{"taxonomy":"product_brand","embeddable":true,"href":"https:\/\/farmaciadellago.ch\/de\/wp-json\/wp\/v2\/product_brand?post=5043"},{"taxonomy":"product_cat","embeddable":true,"href":"https:\/\/farmaciadellago.ch\/de\/wp-json\/wp\/v2\/product_cat?post=5043"},{"taxonomy":"product_tag","embeddable":true,"href":"https:\/\/farmaciadellago.ch\/de\/wp-json\/wp\/v2\/product_tag?post=5043"}],"curies":[{"name":"wp","href":"https:\/\/api.w.org\/{rel}","templated":true}]}}