{"id":5046,"date":"2021-09-30T16:08:32","date_gmt":"2021-10-26T08:52:08","guid":{"rendered":"https:\/\/farmaciadellago.ch\/prodotto\/cellipex-silhouette-konzentrat\/"},"modified":"2024-11-20T18:26:33","modified_gmt":"2024-11-20T17:26:33","slug":"cellipex-silhouette-konzentrat","status":"publish","type":"product","link":"https:\/\/farmaciadellago.ch\/de\/prodotto\/cellipex-silhouette-konzentrat\/","title":{"rendered":"Silhouette-Konzentrat reich an nat\u00fcrlichen Bioaktivatoren"},"content":{"rendered":"","protected":false},"excerpt":{"rendered":"<div class=\"page\" title=\"Page 11\">\n<div class=\"section\">\n<div class=\"layoutArea\">\n<div class=\"column\">\n<p>CELLIPEX Silhouette Concentrate ist ein au\u00dfergew\u00f6hnliches, konzentriertes Produkt, das eine reichhaltige Mischung aus nat\u00fcrlichen Bio-Aktivatoren des Lipolyse-Prozesses verwendet, um den Abbau von Cellulite und lokalen Fettablagerungen zu bewirken. Es enth\u00e4lt Gelidium cartilagineum, einen wertvollen Rotalgenextrakt, und Koffein, dessen kombinierte Wirkung die Adrenalinrezeptoren in den Fettzellen stimuliert und den Lipolyseprozess einleitet. Es ist ein ideales Schlankheitsmittel f\u00fcr Oberschenkel, Ges\u00e4\u00df und Unterleib.<\/p>\n<p>LEISTUNGEN:<\/p>\n<ul>\n<li>Anregung des Lipolyseprozesses (Abbau von Fetten und Triglyceriden)<\/li>\n<li>Entw\u00e4ssernde Wirkung kombiniert mit Lipolyse zur Beseitigung von \u00fcbersch\u00fcssigem Wasser<\/li>\n<li>Feuchtigkeitsspendende, elastifizierende und erweichende Wirkung auf die Haut<\/li>\n<li>Antioxidative Eigenschaften<\/li>\n<\/ul>\n<\/div>\n<p>&nbsp;<\/p>\n<\/div>\n<\/div>\n<\/div>\n","protected":false},"featured_media":7564,"comment_status":"open","ping_status":"open","template":"","meta":{"_acf_changed":false,"_seopress_robots_primary_cat":"none","_seopress_titles_title":"Silhouette-Konzentrat reich an nat\u00fcrlichen Bioaktivatoren","_seopress_titles_desc":"CELLIPEX Silhouette Concentrate ist ein au\u00dfergew\u00f6hnliches, konzentriertes Produkt, das eine reichhaltige Mischung aus nat\u00fcrlichen Bio-Aktivatoren des Lipolyse-Prozesses verwendet, um den Abbau von Cellulite und lokalen Fettablagerungen zu bewirken.","_seopress_robots_index":""},"product_brand":[],"product_cat":[202,149],"product_tag":[453],"class_list":{"0":"post-5046","1":"product","2":"type-product","3":"status-publish","4":"has-post-thumbnail","6":"product_cat-cellipex-de","7":"product_cat-kosmetika","8":"product_tag-anti-cellulite-de","9":"pa_contenuto-200-ml-de","11":"first","12":"instock","13":"featured","14":"shipping-taxable","15":"purchasable","16":"product-type-simple"},"acf":[],"_links":{"self":[{"href":"https:\/\/farmaciadellago.ch\/de\/wp-json\/wp\/v2\/product\/5046","targetHints":{"allow":["GET"]}}],"collection":[{"href":"https:\/\/farmaciadellago.ch\/de\/wp-json\/wp\/v2\/product"}],"about":[{"href":"https:\/\/farmaciadellago.ch\/de\/wp-json\/wp\/v2\/types\/product"}],"replies":[{"embeddable":true,"href":"https:\/\/farmaciadellago.ch\/de\/wp-json\/wp\/v2\/comments?post=5046"}],"wp:featuredmedia":[{"embeddable":true,"href":"https:\/\/farmaciadellago.ch\/de\/wp-json\/wp\/v2\/media\/7564"}],"wp:attachment":[{"href":"https:\/\/farmaciadellago.ch\/de\/wp-json\/wp\/v2\/media?parent=5046"}],"wp:term":[{"taxonomy":"product_brand","embeddable":true,"href":"https:\/\/farmaciadellago.ch\/de\/wp-json\/wp\/v2\/product_brand?post=5046"},{"taxonomy":"product_cat","embeddable":true,"href":"https:\/\/farmaciadellago.ch\/de\/wp-json\/wp\/v2\/product_cat?post=5046"},{"taxonomy":"product_tag","embeddable":true,"href":"https:\/\/farmaciadellago.ch\/de\/wp-json\/wp\/v2\/product_tag?post=5046"}],"curies":[{"name":"wp","href":"https:\/\/api.w.org\/{rel}","templated":true}]}}