{"id":5136,"date":"2021-10-29T18:44:04","date_gmt":"2021-11-03T14:58:32","guid":{"rendered":"https:\/\/farmaciadellago.ch\/prodotto\/cholley-phytobiotech-instant-lifter-serum\/"},"modified":"2023-05-26T14:53:10","modified_gmt":"2023-05-26T12:53:10","slug":"choley-phytobiotech-instant-lifter-serum","status":"publish","type":"product","link":"https:\/\/farmaciadellago.ch\/de\/prodotto\/choley-phytobiotech-instant-lifter-serum\/","title":{"rendered":"Sofortiges Lifting-Serum"},"content":{"rendered":"","protected":false},"excerpt":{"rendered":"<h3>CHOLLEY PHYTOBIOTECH Instant Lifter &#8211; Ref. 1018V<\/h3>\n<p>Au\u00dfergew\u00f6hnliches Serum mit sofortiger und anhaltender Anti-Aging- und Lifting-Wirkung den ganzen Tag. Es ist ein ausgezeichnetes Produkt, das hilft, Falten zu reduzieren und die Haut zu straffen. Es verwendet die neuesten Innovationen der Schweizer Technologie und die hochwertigsten phytobiologischen Wirkstoffe und bietet nachgewiesene Wirksamkeit, schnelle Wirkung und angenehmes Hautgef\u00fchl. Die straffende Wirkung von CHOLLEY PHYTOBIOTECH Instant Lifter reduziert drastisch die Hauterschlaffung und die Sichtbarkeit von Falten.<\/p>\n<p>Es ist speziell mit den fortschrittlichsten nat\u00fcrlichen Inhaltsstoffen formuliert, um die Bed\u00fcrfnisse der Kunden zu erf\u00fcllen:<\/p>\n<ul>\n<li>Bew\u00e4hrte Wirksamkeit<\/li>\n<li>Schnelligkeit des Handelns<\/li>\n<li>Bequem zu tragen<\/li>\n<\/ul>\n<p>&nbsp;<\/p>\n<p>LEISTUNGEN:<\/p>\n<ul>\n<li>Anti-Ageing- und Straffungswirkung durch erh\u00f6hte Produktion neuer Kollagen- und Elastinfasern<\/li>\n<li>Sofortige Anti-Falten-Wirkung und lang anhaltendes Lifting durch fortschrittliche nat\u00fcrliche Polymere<\/li>\n<li>Feuchtigkeitsspendende und gl\u00e4ttende Wirkung f\u00fcr ein volleres Hautbild und angenehmen Tragekomfort<\/li>\n<li>Nat\u00fcrliches Antioxidans, F\u00e4nger von freien Radikalen, Schutz der DNA<\/li>\n<\/ul>\n<p>&nbsp;<\/p>\n<p>&nbsp;<\/p>\n<p>&nbsp;<\/p>\n<p>&nbsp;<\/p>\n","protected":false},"featured_media":5123,"comment_status":"open","ping_status":"open","template":"","meta":{"_acf_changed":false,"_seopress_robots_primary_cat":"none","_seopress_titles_title":"CHOLLEY PHYTOBIOTECH Instant Lifter - Au\u00dfergew\u00f6hnliches Serum mit sofortiger und lang anhaltender Anti-Ageing- und Lifting-Wirkung f\u00fcr den ganzen Tag.","_seopress_titles_desc":"Es ist ein ausgezeichnetes Produkt, das hilft, Falten zu reduzieren und die Haut zu straffen","_seopress_robots_index":""},"product_brand":[],"product_cat":[212,149,208],"product_tag":[],"class_list":{"0":"post-5136","1":"product","2":"type-product","3":"status-publish","4":"has-post-thumbnail","6":"product_cat-kosmetika-de","7":"product_cat-kosmetika","8":"product_cat-phytobiotechnologie","10":"first","11":"instock","12":"featured","13":"shipping-taxable","14":"purchasable","15":"product-type-simple"},"acf":[],"_links":{"self":[{"href":"https:\/\/farmaciadellago.ch\/de\/wp-json\/wp\/v2\/product\/5136","targetHints":{"allow":["GET"]}}],"collection":[{"href":"https:\/\/farmaciadellago.ch\/de\/wp-json\/wp\/v2\/product"}],"about":[{"href":"https:\/\/farmaciadellago.ch\/de\/wp-json\/wp\/v2\/types\/product"}],"replies":[{"embeddable":true,"href":"https:\/\/farmaciadellago.ch\/de\/wp-json\/wp\/v2\/comments?post=5136"}],"wp:featuredmedia":[{"embeddable":true,"href":"https:\/\/farmaciadellago.ch\/de\/wp-json\/wp\/v2\/media\/5123"}],"wp:attachment":[{"href":"https:\/\/farmaciadellago.ch\/de\/wp-json\/wp\/v2\/media?parent=5136"}],"wp:term":[{"taxonomy":"product_brand","embeddable":true,"href":"https:\/\/farmaciadellago.ch\/de\/wp-json\/wp\/v2\/product_brand?post=5136"},{"taxonomy":"product_cat","embeddable":true,"href":"https:\/\/farmaciadellago.ch\/de\/wp-json\/wp\/v2\/product_cat?post=5136"},{"taxonomy":"product_tag","embeddable":true,"href":"https:\/\/farmaciadellago.ch\/de\/wp-json\/wp\/v2\/product_tag?post=5136"}],"curies":[{"name":"wp","href":"https:\/\/api.w.org\/{rel}","templated":true}]}}