{"id":5224,"date":"2022-01-04T13:41:39","date_gmt":"2022-01-04T12:41:52","guid":{"rendered":"https:\/\/farmaciadellago.ch\/prodotto\/celergen-kapseln\/"},"modified":"2024-12-10T08:34:09","modified_gmt":"2024-12-10T07:34:09","slug":"kapsel-celergen","status":"publish","type":"product","link":"https:\/\/farmaciadellago.ch\/de\/prodotto\/kapsel-celergen\/","title":{"rendered":"Anti-Aging-Kapseln"},"content":{"rendered":"<h1 style=\"text-align: center;\">BENEFITS<\/h1>\n<ul>\n<li>\n<h4>Stimuliert die Zellverj\u00fcngung und -reparatur<\/h4>\n<\/li>\n<li>\n<h4>Lindert Gelenk- und Muskelschmerzen<\/h4>\n<\/li>\n<li>\n<h4>Verbessert den Teint und die Sch\u00f6nheit der Haut<\/h4>\n<\/li>\n<li>\n<h4>Steigert Energie und Vitalit\u00e4t<\/h4>\n<\/li>\n<li>\n<h4>Verbessert die sexuelle Leistungsf\u00e4higkeit<\/h4>\n<\/li>\n<li>\n<h4>Steigert die Gehirnfunktion<\/h4>\n<\/li>\n<li>\n<h4>Verbessert die k\u00f6rperliche Leistungsf\u00e4higkeit<\/h4>\n<\/li>\n<li>\n<h4>Senkt den Blutzuckerspiegel<\/h4>\n<\/li>\n<li>\n<h4>Hebt die Stimmung, lindert leichte Depressionen<\/h4>\n<\/li>\n<\/ul>\n","protected":false},"excerpt":{"rendered":"<p><strong>Anti-Aging-Therapie aus marinen Zelllinien<\/strong><\/p>\n<p>Celergen ist ein Nahrungserg\u00e4nzungsmittel, das die Zellregeneration anregt, indem es den Alterungsprozess verz\u00f6gert und verlangsamt. Es unterst\u00fctzt die nat\u00fcrlichen Heilungsprozesse des K\u00f6rpers, indem es Energie, Vitalit\u00e4t und Wohlbefinden f\u00f6rdert.<\/p>\n<p>Dieser Erneuerungs- und Revitalisierungsprozess ist unerl\u00e4sslich, um unsere Organe und Gewebe in perfekter Gesundheit zu erhalten. Besch\u00e4digte und abgestorbene Zellen werden effektiv und effizient repariert und ersetzt. Heute hilft uns die Zelltherapie, das Altern zu bek\u00e4mpfen und Jugend, Energie und Vitalit\u00e4t zu erhalten. <\/p>\n<p>Celergen verwendet eine patentierte Kaltextraktionstechnologie, um sicherzustellen, dass seine bioaktiven Komponenten unver\u00e4ndert bleiben.<\/p>\n<p>&nbsp;<\/p>\n<p>Die Vorteile von Celergen werden durch mehrere Studien best\u00e4tigt:<\/p>\n<ul>\n<li>Stimuliert die Zellerneuerung<\/li>\n<li>Steigert Energie und Vitalit\u00e4t<\/li>\n<li>Lindert Muskel- und Gelenkschmerzen<\/li>\n<li>Verbessert die Elastizit\u00e4t der Haut<\/li>\n<li>Reduziert Falten<\/li>\n<li>Unterst\u00fctzt Wundheilung und Heilung<\/li>\n<li>F\u00f6rdert das Wachstum von Haaren und N\u00e4geln<\/li>\n<li>Verbessert die Konzentration<\/li>\n<li>Verbessert die k\u00f6rperliche Leistungsf\u00e4higkeit<\/li>\n<li>Unterst\u00fctzt gesunden Schlaf<\/li>\n<li>Verbessert die Stimmung<\/li>\n<li>Kann leichte Depressionen bek\u00e4mpfen<\/li>\n<li>Senkt den Blutzucker<\/li>\n<li>Steigert die Libido<\/li>\n<li>Erh\u00f6ht die sexuelle Energie<\/li>\n<li>Verbessert die Spermatogenese<\/li>\n<li>St\u00e4rkt das Immunsystem<\/li>\n<\/ul>\n<p>M\u00f6chten Sie mehr \u00fcber die Inhaltsstoffe von Celergen und seine Wirkungsweise erfahren? Erfahren Sie mehr in unseren Artikeln. <\/p>\n","protected":false},"featured_media":5222,"comment_status":"open","ping_status":"open","template":"","meta":{"_acf_changed":false,"_seopress_robots_primary_cat":"none","_seopress_titles_title":"Celergen ist ein Nahrungserg\u00e4nzungsmittel, das die Zellregeneration stimuliert, indem es den Alterungsprozess verz\u00f6gert und verlangsamt","_seopress_titles_desc":"Es unterst\u00fctzt die nat\u00fcrlichen Heilungsprozesse des K\u00f6rpers, indem es Energie, Vitalit\u00e4t und Wohlbefinden f\u00f6rdert.","_seopress_robots_index":""},"product_brand":[],"product_cat":[303,180],"product_tag":[],"class_list":{"0":"post-5224","1":"product","2":"type-product","3":"status-publish","4":"has-post-thumbnail","6":"product_cat-celergen-de","7":"product_cat-choley","9":"first","10":"instock","11":"featured","12":"shipping-taxable","13":"purchasable","14":"product-type-simple"},"acf":[],"_links":{"self":[{"href":"https:\/\/farmaciadellago.ch\/de\/wp-json\/wp\/v2\/product\/5224","targetHints":{"allow":["GET"]}}],"collection":[{"href":"https:\/\/farmaciadellago.ch\/de\/wp-json\/wp\/v2\/product"}],"about":[{"href":"https:\/\/farmaciadellago.ch\/de\/wp-json\/wp\/v2\/types\/product"}],"replies":[{"embeddable":true,"href":"https:\/\/farmaciadellago.ch\/de\/wp-json\/wp\/v2\/comments?post=5224"}],"wp:featuredmedia":[{"embeddable":true,"href":"https:\/\/farmaciadellago.ch\/de\/wp-json\/wp\/v2\/media\/5222"}],"wp:attachment":[{"href":"https:\/\/farmaciadellago.ch\/de\/wp-json\/wp\/v2\/media?parent=5224"}],"wp:term":[{"taxonomy":"product_brand","embeddable":true,"href":"https:\/\/farmaciadellago.ch\/de\/wp-json\/wp\/v2\/product_brand?post=5224"},{"taxonomy":"product_cat","embeddable":true,"href":"https:\/\/farmaciadellago.ch\/de\/wp-json\/wp\/v2\/product_cat?post=5224"},{"taxonomy":"product_tag","embeddable":true,"href":"https:\/\/farmaciadellago.ch\/de\/wp-json\/wp\/v2\/product_tag?post=5224"}],"curies":[{"name":"wp","href":"https:\/\/api.w.org\/{rel}","templated":true}]}}