{"id":6242,"date":"2023-05-24T17:07:06","date_gmt":"2023-05-24T15:07:42","guid":{"rendered":"https:\/\/farmaciadellago.ch\/prodotto\/sinuston-brustvergroesserungscreme-bruststraffungscreme\/"},"modified":"2024-12-05T17:53:47","modified_gmt":"2024-12-05T16:53:47","slug":"sinuston-breast-enhancement-cream-firming-cream","status":"publish","type":"product","link":"https:\/\/farmaciadellago.ch\/de\/prodotto\/sinuston-breast-enhancement-cream-firming-cream\/","title":{"rendered":"SINUSTON BRUSTVERGR\u00d6SSERUNGSCREME | BRUSTSTRAFFUNGSCREME"},"content":{"rendered":"<p id=\"ui-id-1\" class=\"wpb_accordion_header ui-accordion-header ui-corner-top ui-state-default ui-accordion-icons ui-accordion-header-active ui-state-active\" tabindex=\"0\" role=\"tab\" aria-controls=\"ui-id-2\" aria-selected=\"true\" aria-expanded=\"true\"><strong>BENEFITS<\/strong><br \/>\n&#8211; Adstringierende Wirkung f\u00fcr eine festere und straffere Haut, um dem &#8222;Durchh\u00e4ngen der Brust&#8220; vorzubeugen.<br \/>\n&#8211; Antioxidative Wirkung zur Verhinderung von Sch\u00e4den durch freie Radikale.<br \/>\n&#8211; Stimuliert die Zellregeneration f\u00fcr mehr Halt und Spannkraft.<br \/>\n&#8211; Tiefgreifende feuchtigkeitsspendende und erweichende Wirkung, um die Elastizit\u00e4t der Haut zu erh\u00f6hen und Dehnungsstreifen vorzubeugen<\/p>\n<h3 id=\"ui-id-3\" class=\"wpb_accordion_header ui-accordion-header ui-corner-top ui-state-default ui-accordion-icons ui-accordion-header-active ui-state-active\" tabindex=\"0\" role=\"tab\" aria-controls=\"ui-id-4\" aria-selected=\"true\" aria-expanded=\"true\"><\/h3>\n<div id=\"ui-id-4\" class=\"wpb_accordion_content ui-accordion-content vc_clearfix ui-corner-bottom ui-helper-reset ui-widget-content ui-accordion-content-active\" role=\"tabpanel\" aria-labelledby=\"ui-id-3\" aria-hidden=\"false\">\n<div class=\"wpb_text_column wpb_content_element \">\n<div class=\"wpb_wrapper\">\n<p><strong>EMPFOHLENE VERWENDUNG<\/strong><br \/>\nSINUSTON Cr\u00e8me pour les Seins ist ein straffendes, feuchtigkeitsspendendes und erweichendes Brustprodukt, das von Frauen jeden Alters verwendet werden kann. Es ist besonders n\u00fctzlich, um der Erschlaffung der Br\u00fcste (Ptosis) vorzubeugen, die durch Alterung, Menopause, Schwangerschaft und Stillen verursacht wird. Es ist auch sehr wirksam bei der Vorbeugung von Dehnungsstreifen, die durch starken Gewichtsverlust oder das Ende der Stillzeit verursacht werden.<\/p>\n<\/div>\n<\/div>\n<\/div>\n","protected":false},"excerpt":{"rendered":"<div class=\"wpb_text_column wpb_content_element \">\n<div class=\"wpb_wrapper\">\n<p>Die SINUSTON Brustcreme wurde speziell entwickelt, um die Br\u00fcste zu straffen, mit Feuchtigkeit zu versorgen und zu festigen. Es handelt sich um eine hochentwickelte Creme zur Brustvergr\u00f6\u00dferung mit einer \u00fcppigen Textur und einem zarten Duft, die reich an feuchtigkeitsspendenden Faktoren, ausgew\u00e4hlten Phytoextrakten, Vorstufen von Kollagenfasern und gewebest\u00e4rkenden Vitaminen f\u00fcr mehr Halt und Elastizit\u00e4t ist.<\/p>\n<\/div>\n<\/div>\n<div class=\"wpb_accordion wpb_content_element not-column-inherit\" data-collapsible=\"\" data-vc-disable-keydown=\"false\" data-active-tab=\"1\">\n<div class=\"wpb_wrapper wpb_accordion_wrapper ui-accordion ui-widget ui-helper-reset\" role=\"tablist\">\n<div class=\"wpb_accordion_section group\">\n<p id=\"ui-id-1\" class=\"wpb_accordion_header ui-accordion-header ui-corner-top ui-state-default ui-accordion-icons ui-accordion-header-active ui-state-active\" tabindex=\"0\" role=\"tab\" aria-controls=\"ui-id-2\" aria-selected=\"true\" aria-expanded=\"true\">\n<p>V<strong>ORTEILE<\/strong> &#8211; Adstringierende Wirkung f\u00fcr eine festere, straffere Haut, um &#8222;H\u00e4ngebr\u00fcsten&#8220; vorzubeugen &#8211; Antioxidative Wirkung, um durch freie Radikale verursachte Sch\u00e4den zu verhindern &#8211; Stimuliert die Zellregeneration f\u00fcr mehr Halt und Festigkeit &#8211; Tiefgreifende feuchtigkeitsspendende und weichmachende Wirkung, um die Elastizit\u00e4t der Haut zu erh\u00f6hen und Dehnungsstreifen vorzubeugen<\/p>\n<h3 id=\"ui-id-3\" class=\"wpb_accordion_header ui-accordion-header ui-corner-top ui-state-default ui-accordion-icons ui-accordion-header-active ui-state-active\" tabindex=\"0\" role=\"tab\" aria-controls=\"ui-id-4\" aria-selected=\"true\" aria-expanded=\"true\"><\/h3>\n<div id=\"ui-id-4\" class=\"wpb_accordion_content ui-accordion-content vc_clearfix ui-corner-bottom ui-helper-reset ui-widget-content ui-accordion-content-active\" role=\"tabpanel\" aria-labelledby=\"ui-id-3\" aria-hidden=\"false\">\n<div class=\"wpb_text_column wpb_content_element \">\n<div class=\"wpb_wrapper\">\n<p>E<strong>MPFOHLENE ANWENDUNG<\/strong> SINUSTON Breast Cream ist ein straffendes, feuchtigkeitsspendendes und weichmachendes Brustprodukt, das von Frauen jeden Alters verwendet werden kann. Es ist besonders n\u00fctzlich, um der Erschlaffung der Br\u00fcste (Ptosis) vorzubeugen, die durch Alterung, Menopause, Schwangerschaft und Stillen verursacht wird. Es ist auch sehr wirksam bei der Vorbeugung von Dehnungsstreifen, die durch starken Gewichtsverlust oder das Ende der Stillzeit verursacht werden.<\/p>\n<\/div>\n<\/div>\n<\/div>\n<\/div>\n<\/div>\n<\/div>\n","protected":false},"featured_media":4496,"comment_status":"closed","ping_status":"open","template":"","meta":{"_acf_changed":false,"_seopress_robots_primary_cat":"none","_seopress_titles_title":"Brustcreme zur Festigung, Befeuchtung und Straffung der Br\u00fcste.","_seopress_titles_desc":"Es handelt sich um eine hochentwickelte Creme zur Brustvergr\u00f6\u00dferung mit einer \u00fcppigen Textur und einem zarten Duft, die reich an feuchtigkeitsspendenden Faktoren, ausgew\u00e4hlten Phytoextrakten, Vorstufen von Kollagenfasern und gewebest\u00e4rkenden Vitaminen f\u00fcr mehr Halt und Elastizit\u00e4t ist.","_seopress_robots_index":""},"product_brand":[],"product_cat":[180,212,149,196],"product_tag":[463],"class_list":{"0":"post-6242","1":"product","2":"type-product","3":"status-publish","4":"has-post-thumbnail","6":"product_cat-choley","7":"product_cat-kosmetika-de","8":"product_cat-kosmetika","9":"product_cat-sinuston-de","10":"product_tag-straffende-cremes","12":"first","13":"instock","14":"shipping-taxable","15":"purchasable","16":"product-type-simple"},"acf":[],"_links":{"self":[{"href":"https:\/\/farmaciadellago.ch\/de\/wp-json\/wp\/v2\/product\/6242","targetHints":{"allow":["GET"]}}],"collection":[{"href":"https:\/\/farmaciadellago.ch\/de\/wp-json\/wp\/v2\/product"}],"about":[{"href":"https:\/\/farmaciadellago.ch\/de\/wp-json\/wp\/v2\/types\/product"}],"replies":[{"embeddable":true,"href":"https:\/\/farmaciadellago.ch\/de\/wp-json\/wp\/v2\/comments?post=6242"}],"wp:featuredmedia":[{"embeddable":true,"href":"https:\/\/farmaciadellago.ch\/de\/wp-json\/wp\/v2\/media\/4496"}],"wp:attachment":[{"href":"https:\/\/farmaciadellago.ch\/de\/wp-json\/wp\/v2\/media?parent=6242"}],"wp:term":[{"taxonomy":"product_brand","embeddable":true,"href":"https:\/\/farmaciadellago.ch\/de\/wp-json\/wp\/v2\/product_brand?post=6242"},{"taxonomy":"product_cat","embeddable":true,"href":"https:\/\/farmaciadellago.ch\/de\/wp-json\/wp\/v2\/product_cat?post=6242"},{"taxonomy":"product_tag","embeddable":true,"href":"https:\/\/farmaciadellago.ch\/de\/wp-json\/wp\/v2\/product_tag?post=6242"}],"curies":[{"name":"wp","href":"https:\/\/api.w.org\/{rel}","templated":true}]}}