{"id":6796,"date":"2024-02-26T14:11:19","date_gmt":"2024-02-26T13:18:26","guid":{"rendered":"https:\/\/farmaciadellago.ch\/prodotto\/calzuro-classics-mit-loechern\/"},"modified":"2024-11-20T18:16:48","modified_gmt":"2024-11-20T17:16:48","slug":"calzuro-classics-mit-loechern","status":"publish","type":"product","link":"https:\/\/farmaciadellago.ch\/de\/prodotto\/calzuro-classics-mit-loechern\/","title":{"rendered":"Calzuro Classics mit L\u00f6chern"},"content":{"rendered":"<h2>CALZURO &#8218;CLASSIC&#8216; SANIT\u00c4RCLOGS MIT L\u00d6CHERN: DIE IDEALEN CLOGS F\u00dcR KRANKENSCHWESTERN, \u00c4RZTE UND PROFIS<\/h2>\n<ul>\n<li><strong>STARK UND HALTBAR<\/strong>. Eine spezielle Mischung von Technopolymeren erm\u00f6glicht eine <strong>hohe thermische und mechanische Leistung der<\/strong> Classic-Gummisockel; die einteilige Konstruktion garantiert eine lange Lebensdauer.<\/li>\n<li>BEQUEM UND SICHER. <strong>Antistatisch und rutschfest <\/strong>(SRC-zertifizierte Sohle), ihre anatomische Form und die Polster im Innenfu\u00dfbett <strong>f\u00f6rdern die Mikrozirkulation <\/strong>des Blutes und <strong>verringern die Erm\u00fcdung<\/strong>.<\/li>\n<li>VERSTOPFT DIE ABL\u00c4UFE F\u00dcR KRANKENSCHWESTERN, \u00c4RZTE UND FACHKR\u00c4FTE<\/li>\n<li><strong>AUTOCLAVABLE SOCKS <\/strong>bis zu 134\u00b0C. Ideal f\u00fcr Arbeiten, die <strong>sterilisierbare<\/strong> Sanit\u00e4rclogs erfordern. <strong>Maschinenwaschbar bis zu 90\u00b0C<\/strong>.<\/li>\n<li>100% MADE IN ITALY und latexfrei.<\/li>\n<li>Perforierte L\u00f6cher im Obermaterial und an den Seiten f\u00fcr eine <strong>gute Bel\u00fcftung<\/strong> des Fu\u00dfes.<\/li>\n<li>UMWELTFREUNDLICH UND FREI VON GRAUSAMKEITEN.<\/li>\n<\/ul>\n<div>Mit den Calzuro Classic Sanit\u00e4rclogs mit L\u00f6chern k\u00f6nnen Sie immer sicher sein, ein sicheres und langlebiges Produkt zu tragen!<\/div>\n","protected":false},"excerpt":{"rendered":"<h2>CALZURO &#8218;CLASSIC&#8216; SANIT\u00c4RCLOGS MIT L\u00d6CHERN: DIE IDEALEN CLOGS F\u00dcR KRANKENSCHWESTERN, \u00c4RZTE UND PROFIS<\/h2>\n<ul>\n<li><strong>WIDERSTANDSF\u00c4HIG UND DAUERHAFT<\/strong>. Eine spezielle Mischung von Technopolymeren erm\u00f6glicht eine <strong>hohe thermische und mechanische Leistung der<\/strong> Classic Gummisockel; die einteilige Konstruktion garantiert eine lange Lebensdauer. <\/li>\n<li>BEQUEM UND SICHER. <strong>Antistatisch und rutschfest <\/strong>(SRC-zertifizierte Sohle), ihre anatomische Form und die Polster im Innenfu\u00dfbett <strong>f\u00f6rdern die Mikrozirkulation <\/strong>des Blutes und <strong>verringern die Erm\u00fcdung<\/strong>.<\/li>\n<li>VERSTOPFT DIE ABL\u00c4UFE F\u00dcR KRANKENSCHWESTERN, \u00c4RZTE UND FACHKR\u00c4FTE<\/li>\n<li><strong>AUTOCLAVIERBARE SOCKEN <\/strong>bis zu 134\u00b0C. Ideal f\u00fcr Arbeiten, bei denen <strong>sterilisierbare<\/strong> Hygienesocken erforderlich sind. <strong>Maschinenwaschbar bis zu 90\u00b0C<\/strong>. <\/li>\n<li>100% MADE IN ITALY und latexfrei.<\/li>\n<li>Perforierte L\u00f6cher im Obermaterial und an den Seiten f\u00fcr eine <strong>bessere Bel\u00fcftung<\/strong> der F\u00fc\u00dfe.<\/li>\n<li>Weite Passform &#8211; eine halbe Gr\u00f6\u00dfe kleiner als Ihre eigene Gr\u00f6\u00dfe wird empfohlen.<\/li>\n<\/ul>\n<div><\/div>\n<div>Ideal f\u00fcr alle, die viele Stunden auf den Beinen sind, die ein Produkt ben\u00f6tigen, das bei hohen Temperaturen autoklaviert und sterilisiert werden kann, die unter R\u00fcckenschmerzen und m\u00fcden Beinen leiden und die eine optimale Unterst\u00fctzung f\u00fcr ihre Beine und ihren R\u00fccken suchen, sei es bei der Arbeit, zu Hause oder in ihrer Freizeit. Mit den Calzuro Classic Sanit\u00e4rclogs mit L\u00f6chern k\u00f6nnen Sie immer sicher sein, ein sicheres und langlebiges Produkt zu tragen!<\/div>\n","protected":false},"featured_media":7415,"comment_status":"open","ping_status":"open","template":"","meta":{"_acf_changed":false,"_seopress_robots_primary_cat":"none","_seopress_titles_title":"Calzuro Klassische Clogs mit L\u00f6chern - Farmacia del Lago","_seopress_titles_desc":"Calzuro Clogs mit L\u00f6chern erh\u00e4ltlich bei Farmacia del Lago, auch in unserem Online Shop. Widerstandsf\u00e4hig, bequem und sicher, ideal f\u00fcr Mitarbeiter im Gesundheitswesen. ","_seopress_robots_index":""},"product_brand":[],"product_cat":[365],"product_tag":[449],"class_list":{"0":"post-6796","1":"product","2":"type-product","3":"status-publish","4":"has-post-thumbnail","6":"product_cat-schuhe","7":"product_tag-calzuro-de","9":"first","10":"instock","11":"shipping-taxable","12":"purchasable","13":"product-type-variable"},"acf":[],"_links":{"self":[{"href":"https:\/\/farmaciadellago.ch\/de\/wp-json\/wp\/v2\/product\/6796","targetHints":{"allow":["GET"]}}],"collection":[{"href":"https:\/\/farmaciadellago.ch\/de\/wp-json\/wp\/v2\/product"}],"about":[{"href":"https:\/\/farmaciadellago.ch\/de\/wp-json\/wp\/v2\/types\/product"}],"replies":[{"embeddable":true,"href":"https:\/\/farmaciadellago.ch\/de\/wp-json\/wp\/v2\/comments?post=6796"}],"wp:featuredmedia":[{"embeddable":true,"href":"https:\/\/farmaciadellago.ch\/de\/wp-json\/wp\/v2\/media\/7415"}],"wp:attachment":[{"href":"https:\/\/farmaciadellago.ch\/de\/wp-json\/wp\/v2\/media?parent=6796"}],"wp:term":[{"taxonomy":"product_brand","embeddable":true,"href":"https:\/\/farmaciadellago.ch\/de\/wp-json\/wp\/v2\/product_brand?post=6796"},{"taxonomy":"product_cat","embeddable":true,"href":"https:\/\/farmaciadellago.ch\/de\/wp-json\/wp\/v2\/product_cat?post=6796"},{"taxonomy":"product_tag","embeddable":true,"href":"https:\/\/farmaciadellago.ch\/de\/wp-json\/wp\/v2\/product_tag?post=6796"}],"curies":[{"name":"wp","href":"https:\/\/api.w.org\/{rel}","templated":true}]}}