{"id":7039,"date":"2024-10-01T16:44:57","date_gmt":"2024-10-01T14:45:19","guid":{"rendered":"https:\/\/farmaciadellago.ch\/prodotto\/high-collagen-spritzen\/"},"modified":"2024-11-20T18:49:05","modified_gmt":"2024-11-20T17:49:05","slug":"high-collagen-spritzen","status":"publish","type":"product","link":"https:\/\/farmaciadellago.ch\/de\/prodotto\/high-collagen-spritzen\/","title":{"rendered":"HIGH COLLAGEN\u00ae Spritzen"},"content":{"rendered":"","protected":false},"excerpt":{"rendered":"<p>F\u00fcr sch\u00f6ne Haare und N\u00e4gel, ein straffes Bindegewebe und gesunde Gelenke, Sehnen und Knochen.<\/p>\n<ul>\n<li>Hohe Konzentration: 10 g Kollagenpeptide pro Tagesdosis<\/li>\n<li>Ausgezeichnetes Preis-Leistungs-Verh\u00e4ltnis<\/li>\n<li>Optimale Absorption: Dank der enzymatischen Hydrolyse werden die Kollagenpeptide, die normalerweise zu gro\u00df sind, um vom K\u00f6rper leicht aufgenommen zu werden, verkleinert, wodurch ihre Absorption erleichtert wird.<\/li>\n<li>Durch klinische Studien best\u00e4tigte Wirkungen auf Haut, Haare, N\u00e4gel, Bindegewebe, Muskeln, Faszien, Sehnen, B\u00e4nder und Knochen<\/li>\n<li>Hergestellt aus nat\u00fcrlichen Zutaten, zuckerfrei und ges\u00fc\u00dft mit Stevia und Honig<\/li>\n<li>Hochwertiges Kollagen tierischen Ursprungs von Rindern aus argentinischer Aufzucht, in Zusammenarbeit mit ausgew\u00e4hlten und zertifizierten Betrieben<\/li>\n<\/ul>\n<p>S<strong>chnelle Aufnahme<\/strong>: HIGH COLLAGEN\u00ae verwendet hochwertige, hochkonzentrierte Solugel\u00ae Kollagenpeptide. Diese Peptide sind reine Proteine, die dem K\u00f6rper sofort zur Verf\u00fcgung stehen. Bereits 15-30 Minuten nach der Einnahme sind die Kollagenpeptide im Blut nachweisbar. Sie erreichen ihre h\u00f6chste Konzentration innerhalb von 1-2 Stunden und bleiben bis zu 4-6 Stunden im Blutkreislauf.<br \/>\nZ <strong>utaten<\/strong>: Wasser, Kollagenhydrolysat 36% (EU-Rind), S\u00e4uerungsmittel: Apfels\u00e4ure, L-Ascorbins\u00e4ure, Rote-Bete-Saft, Konservierungsmittel: Natriumbenzoat, Kaliumsorbat, Kupfer, Biotin, S\u00fc\u00dfungsmittel: Bl\u00fctenhonig, Stevia, Aroma (Cassis &amp; Kirsche).<br \/>\nV <strong>erpackung<\/strong>: Eine Packung enth\u00e4lt 7 Shots f\u00fcr eine Woche.<br \/>\nV <strong>erzehrempfehlung<\/strong>: Nehmen Sie einen reinen Shot pro Tag ein. Es wird ein Behandlungszyklus von mindestens 3 Monaten empfohlen.  <\/p>\n","protected":false},"featured_media":7326,"comment_status":"open","ping_status":"open","template":"","meta":{"_acf_changed":false,"_seopress_robots_primary_cat":"none","_seopress_titles_title":"HIGH COLLAGEN\u00ae Spritzen","_seopress_titles_desc":"HIGH COLLAGEN\u00ae Shots ist ein hochdosiertes Kollagenpr\u00e4parat mit klinisch best\u00e4tigter Wirkung auf Haut, Haare, N\u00e4gel, Bindegewebe, Muskeln, Faszien, Sehnen, B\u00e4nder und Knochen","_seopress_robots_index":""},"product_brand":[],"product_cat":[367],"product_tag":[457],"class_list":{"0":"post-7039","1":"product","2":"type-product","3":"status-publish","4":"has-post-thumbnail","6":"product_cat-langlebige-produkte","7":"product_tag-kollagen","9":"first","10":"instock","11":"featured","12":"shipping-taxable","13":"purchasable","14":"product-type-simple"},"acf":[],"_links":{"self":[{"href":"https:\/\/farmaciadellago.ch\/de\/wp-json\/wp\/v2\/product\/7039","targetHints":{"allow":["GET"]}}],"collection":[{"href":"https:\/\/farmaciadellago.ch\/de\/wp-json\/wp\/v2\/product"}],"about":[{"href":"https:\/\/farmaciadellago.ch\/de\/wp-json\/wp\/v2\/types\/product"}],"replies":[{"embeddable":true,"href":"https:\/\/farmaciadellago.ch\/de\/wp-json\/wp\/v2\/comments?post=7039"}],"wp:featuredmedia":[{"embeddable":true,"href":"https:\/\/farmaciadellago.ch\/de\/wp-json\/wp\/v2\/media\/7326"}],"wp:attachment":[{"href":"https:\/\/farmaciadellago.ch\/de\/wp-json\/wp\/v2\/media?parent=7039"}],"wp:term":[{"taxonomy":"product_brand","embeddable":true,"href":"https:\/\/farmaciadellago.ch\/de\/wp-json\/wp\/v2\/product_brand?post=7039"},{"taxonomy":"product_cat","embeddable":true,"href":"https:\/\/farmaciadellago.ch\/de\/wp-json\/wp\/v2\/product_cat?post=7039"},{"taxonomy":"product_tag","embeddable":true,"href":"https:\/\/farmaciadellago.ch\/de\/wp-json\/wp\/v2\/product_tag?post=7039"}],"curies":[{"name":"wp","href":"https:\/\/api.w.org\/{rel}","templated":true}]}}