{"id":7048,"date":"2024-10-01T16:47:31","date_gmt":"2024-10-01T14:47:51","guid":{"rendered":"https:\/\/farmaciadellago.ch\/prodotto\/high-collagen-vegan-boost\/"},"modified":"2024-11-20T18:44:05","modified_gmt":"2024-11-20T17:44:05","slug":"high-collagen-vegan-boost","status":"publish","type":"product","link":"https:\/\/farmaciadellago.ch\/de\/prodotto\/high-collagen-vegan-boost\/","title":{"rendered":"HIGH COLLAGEN Vegan Boost"},"content":{"rendered":"","protected":false},"excerpt":{"rendered":"<p>Stimuliert die nat\u00fcrliche Kollagenproduktion. Ideal zur Verbesserung der Sch\u00f6nheit von Haut, Haaren und N\u00e4geln und zur St\u00e4rkung von Bindegewebe, Sehnen, Gelenken und Knochen. <\/p>\n<ul>\n<li>Stimuliert die nat\u00fcrliche Kollagenproduktion<\/li>\n<li>100% pflanzlich, vegan<\/li>\n<li>Innovative Formulierung<\/li>\n<li>Wirksamkeit durch klinische Studien best\u00e4tigt<\/li>\n<li>Enth\u00e4lt alle essentiellen und nicht-essentiellen Aminos\u00e4uren<\/li>\n<\/ul>\n<p>Mit zunehmendem Alter verlangsamt sich die k\u00f6rpereigene Produktion von Kollagen. Es ist wichtig, eine ausreichende Versorgung mit Aminos\u00e4uren sicherzustellen, um die Kollagen- und Proteinproduktion zu unterst\u00fctzen. <strong>HIGH COLLAGEN Vegan Boost\u00ae<\/strong> enth\u00e4lt eine Mischung aus Aminos\u00e4uren, die zusammen mit Aktivatoren wie Vitamin C, Centella Asiatica und Ginseng den K\u00f6rper anregen, Kollagen zu produzieren und zu verwerten. Dar\u00fcber hinaus wirkt Hyalurons\u00e4ure als nat\u00fcrlicher Feuchtigkeitsspender f\u00fcr die Haut, st\u00e4rkt die Hautbarriere und reduziert das Erscheinungsbild von Falten.<br \/>\nZ <strong>utaten<\/strong>: VeCollal\u00ae (essentielle Aminos\u00e4uren: L-Histidin, L-Isoleucin, L-Leucin, L-Lysin, L-Methionin und L-Cystein, Phenylalanin und L-Tyrosin, L-Threonin, L-Tryptophan, L-Valin, andere Aminos\u00e4uren: L-Glycin, L-Prolin, L-Alanin, L-Glutamins\u00e4ure, L-Arginin, L-Asparagins\u00e4ure, L-Serin, L-Threonin, L-Glutamin, L-Asparagin, sowie Centella Asiatica, Panax Ginseng und Ascorbins\u00e4ure), Hyalurons\u00e4ure, nat\u00fcrliche Aromen (Fruchtpulver aus Heidelbeeren, gemischten Beeren, sizilianischer Zitrone und Pfirsich), Zitronens\u00e4ure, resistentes Dextrin, Kalziumkarbonat, S\u00fc\u00dfstoff (Stevia und Erythrit), Pektin.<br \/>\nV <strong>erpackung<\/strong>: Packung mit 15 Beuteln f\u00fcr 2 Wochen.<br \/>\nV <strong>erzehrempfehlung<\/strong>: Nehmen Sie einen Beutel pro Tag in einem Glas kaltem Wasser aufgel\u00f6st oder in einem Liter Wasser verd\u00fcnnt zum Trinken ein. Es wird ein Zyklus von mindestens 3 Monaten empfohlen. <\/p>\n","protected":false},"featured_media":7322,"comment_status":"open","ping_status":"open","template":"","meta":{"_acf_changed":false,"_seopress_robots_primary_cat":"none","_seopress_titles_title":"HIGH COLLAGEN Vegan Boost\u00ae","_seopress_titles_desc":"HIGH COLLAGEN Vegan Boost\u00ae ist ein 100% veganes Erg\u00e4nzungsmittel, das die nat\u00fcrliche Kollagenproduktion anregt.\nUnterst\u00fctzt gesunde Haut, Haare, N\u00e4gel und Bindegewebe ","_seopress_robots_index":""},"product_brand":[],"product_cat":[367],"product_tag":[457],"class_list":{"0":"post-7048","1":"product","2":"type-product","3":"status-publish","4":"has-post-thumbnail","6":"product_cat-langlebige-produkte","7":"product_tag-kollagen","9":"first","10":"instock","11":"featured","12":"shipping-taxable","13":"purchasable","14":"product-type-simple"},"acf":[],"_links":{"self":[{"href":"https:\/\/farmaciadellago.ch\/de\/wp-json\/wp\/v2\/product\/7048","targetHints":{"allow":["GET"]}}],"collection":[{"href":"https:\/\/farmaciadellago.ch\/de\/wp-json\/wp\/v2\/product"}],"about":[{"href":"https:\/\/farmaciadellago.ch\/de\/wp-json\/wp\/v2\/types\/product"}],"replies":[{"embeddable":true,"href":"https:\/\/farmaciadellago.ch\/de\/wp-json\/wp\/v2\/comments?post=7048"}],"wp:featuredmedia":[{"embeddable":true,"href":"https:\/\/farmaciadellago.ch\/de\/wp-json\/wp\/v2\/media\/7322"}],"wp:attachment":[{"href":"https:\/\/farmaciadellago.ch\/de\/wp-json\/wp\/v2\/media?parent=7048"}],"wp:term":[{"taxonomy":"product_brand","embeddable":true,"href":"https:\/\/farmaciadellago.ch\/de\/wp-json\/wp\/v2\/product_brand?post=7048"},{"taxonomy":"product_cat","embeddable":true,"href":"https:\/\/farmaciadellago.ch\/de\/wp-json\/wp\/v2\/product_cat?post=7048"},{"taxonomy":"product_tag","embeddable":true,"href":"https:\/\/farmaciadellago.ch\/de\/wp-json\/wp\/v2\/product_tag?post=7048"}],"curies":[{"name":"wp","href":"https:\/\/api.w.org\/{rel}","templated":true}]}}