{"id":7058,"date":"2024-10-01T16:49:58","date_gmt":"2024-10-01T14:50:20","guid":{"rendered":"https:\/\/farmaciadellago.ch\/prodotto\/spermidinelife-boost\/"},"modified":"2024-11-20T18:44:07","modified_gmt":"2024-11-20T17:44:07","slug":"spermidinelife-boost","status":"publish","type":"product","link":"https:\/\/farmaciadellago.ch\/de\/prodotto\/spermidinelife-boost\/","title":{"rendered":"SpermidineLIFE\u00ae Boost+"},"content":{"rendered":"","protected":false},"excerpt":{"rendered":"<p>Ein Energieschub f\u00fcr gestresste Zellen.<\/p>\n<ul>\n<li>Packung mit 30 Beuteln f\u00fcr eine einmonatige Behandlung<\/li>\n<li>Enth\u00e4lt 3 mg nat\u00fcrliches Spermidin pro Tagesdosis<\/li>\n<li>Maximale Konzentration f\u00fcr langfristige Anwendung und Zellgesundheit<\/li>\n<\/ul>\n<p>In Zeiten von Stress oder mit zunehmendem Alter kann der K\u00f6rper mehr Unterst\u00fctzung ben\u00f6tigen. <strong>spermidineLIFE\u00ae Boost+<\/strong> liefert t\u00e4glich 3 mg nat\u00fcrliches Spermidin, zusammen mit Zink und Thiamin, die die Zellerneuerung f\u00f6rdern. Es ist ideal, um den Zellen die zus\u00e4tzliche Unterst\u00fctzung zu geben, die sie in den schwierigsten Zeiten ben\u00f6tigen.<br \/>\nZ <strong>utaten<\/strong>: Weizenkeimextrakt mit hohem Spermidingehalt, Apfelsaftpulver, Zitronensaftpulver, Trennmittel: Tricalciumphosphat, Farbstoff: Carotin, Zinkgluconat, S\u00e4uerungsmittel: Zitronens\u00e4ure, Thiaminhydrochlorid.<br \/>\nV <strong>erpackung<\/strong>: Eine Packung enth\u00e4lt 30 Portionsbeutel f\u00fcr einen Monat.<br \/>\nV <strong>erzehrempfehlung<\/strong>: Mischen Sie einen Beutel pro Tag in einem Glas Wasser und genie\u00dfen Sie ihn. <\/p>\n","protected":false},"featured_media":7318,"comment_status":"open","ping_status":"open","template":"","meta":{"_acf_changed":false,"_seopress_robots_primary_cat":"none","_seopress_titles_title":"SpermidineLIFE\u00ae Boost+","_seopress_titles_desc":"SpermidineLIFE\u00ae Boost+ ist ein Nahrungserg\u00e4nzungsmittel, das die Zellerneuerung f\u00f6rdert und den Organismus in Phasen von Stress oder altersbedingten Prozessen unterst\u00fctzt","_seopress_robots_index":""},"product_brand":[],"product_cat":[367],"product_tag":[445],"class_list":{"0":"post-7058","1":"product","2":"type-product","3":"status-publish","4":"has-post-thumbnail","6":"product_cat-langlebige-produkte","7":"product_tag-energie","9":"first","10":"instock","11":"featured","12":"shipping-taxable","13":"purchasable","14":"product-type-simple"},"acf":[],"_links":{"self":[{"href":"https:\/\/farmaciadellago.ch\/de\/wp-json\/wp\/v2\/product\/7058","targetHints":{"allow":["GET"]}}],"collection":[{"href":"https:\/\/farmaciadellago.ch\/de\/wp-json\/wp\/v2\/product"}],"about":[{"href":"https:\/\/farmaciadellago.ch\/de\/wp-json\/wp\/v2\/types\/product"}],"replies":[{"embeddable":true,"href":"https:\/\/farmaciadellago.ch\/de\/wp-json\/wp\/v2\/comments?post=7058"}],"wp:featuredmedia":[{"embeddable":true,"href":"https:\/\/farmaciadellago.ch\/de\/wp-json\/wp\/v2\/media\/7318"}],"wp:attachment":[{"href":"https:\/\/farmaciadellago.ch\/de\/wp-json\/wp\/v2\/media?parent=7058"}],"wp:term":[{"taxonomy":"product_brand","embeddable":true,"href":"https:\/\/farmaciadellago.ch\/de\/wp-json\/wp\/v2\/product_brand?post=7058"},{"taxonomy":"product_cat","embeddable":true,"href":"https:\/\/farmaciadellago.ch\/de\/wp-json\/wp\/v2\/product_cat?post=7058"},{"taxonomy":"product_tag","embeddable":true,"href":"https:\/\/farmaciadellago.ch\/de\/wp-json\/wp\/v2\/product_tag?post=7058"}],"curies":[{"name":"wp","href":"https:\/\/api.w.org\/{rel}","templated":true}]}}