{"id":7068,"date":"2024-10-01T16:51:37","date_gmt":"2024-10-01T14:51:59","guid":{"rendered":"https:\/\/farmaciadellago.ch\/prodotto\/nadlife-energie\/"},"modified":"2024-11-20T18:13:15","modified_gmt":"2024-11-20T17:13:15","slug":"nadlife-energie","status":"publish","type":"product","link":"https:\/\/farmaciadellago.ch\/de\/prodotto\/nadlife-energie\/","title":{"rendered":"nadLIFE\u00ae Energie+"},"content":{"rendered":"","protected":false},"excerpt":{"rendered":"<p>Energie f\u00fcr Ihre Zellen.<\/p>\n<ul>\n<li>30 Beutel f\u00fcr eine einmonatige Behandlung<\/li>\n<li>Innovative Kombination aus NAM (Niacin), Ribose, Spermidin und Zink<\/li>\n<li>Unterst\u00fctzt die Erneuerung der zellul\u00e4ren Energie<\/li>\n<\/ul>\n<p><strong>NAD+ (Nicotinamid-Adenin-Dinukleotid)<\/strong> ist ein essentielles Coenzym f\u00fcr alle lebenden Zellen. Es fungiert als Elektronentransporter in den Mitochondrien, der f\u00fcr die Produktion von ATP (Adenosintriphosphat), der Hauptenergiequelle f\u00fcr zahlreiche zellul\u00e4re Prozesse, unerl\u00e4sslich ist. <strong>nadLIFE\u00ae Energy+<\/strong> kombiniert NAM und Ribose, um den Energiestoffwechsel in den Zellen direkt zu unterst\u00fctzen, die Energiebilanz zu verbessern und dem K\u00f6rper Vitalit\u00e4t zu verleihen.<br \/>\nZ <strong>utaten<\/strong>: Weizenkeimextrakt mit hohem Spermidinanteil, Maisfasern, D-Ribose, Johannisbeersaftkonzentrat, Johannisbeersaftkonzentrat, Kartoffelst\u00e4rke, Ascorbins\u00e4ure, Nicotinamid, Trennmittel: Tricalciumphosphat, Zinkgluconat.<br \/>\nV <strong>erpackung<\/strong>: 1 Packung mit 30 Beuteln f\u00fcr einen Monat.<br \/>\nV <strong>erzehrempfehlung<\/strong>: L\u00f6sen Sie einen Beutel pro Tag in einem Glas Wasser auf und genie\u00dfen Sie ihn. <\/p>\n","protected":false},"featured_media":7314,"comment_status":"open","ping_status":"open","template":"","meta":{"_acf_changed":false,"_seopress_robots_primary_cat":"none","_seopress_titles_title":"nadLIFE\u00ae Energie+","_seopress_titles_desc":"nadLIFE\u00ae Energy+ ist ein Nahrungserg\u00e4nzungsmittel, das Nicotinamid (eine Form von Vitamin B3 oder Niacin) und Ribose kombiniert, um die Zellenergie zu erh\u00f6hen. Au\u00dferdem tr\u00e4gt es zur Zellerneuerung bei. ","_seopress_robots_index":""},"product_brand":[],"product_cat":[367],"product_tag":[445],"class_list":{"0":"post-7068","1":"product","2":"type-product","3":"status-publish","4":"has-post-thumbnail","6":"product_cat-langlebige-produkte","7":"product_tag-energie","9":"first","10":"instock","11":"featured","12":"shipping-taxable","13":"purchasable","14":"product-type-simple"},"acf":[],"_links":{"self":[{"href":"https:\/\/farmaciadellago.ch\/de\/wp-json\/wp\/v2\/product\/7068","targetHints":{"allow":["GET"]}}],"collection":[{"href":"https:\/\/farmaciadellago.ch\/de\/wp-json\/wp\/v2\/product"}],"about":[{"href":"https:\/\/farmaciadellago.ch\/de\/wp-json\/wp\/v2\/types\/product"}],"replies":[{"embeddable":true,"href":"https:\/\/farmaciadellago.ch\/de\/wp-json\/wp\/v2\/comments?post=7068"}],"wp:featuredmedia":[{"embeddable":true,"href":"https:\/\/farmaciadellago.ch\/de\/wp-json\/wp\/v2\/media\/7314"}],"wp:attachment":[{"href":"https:\/\/farmaciadellago.ch\/de\/wp-json\/wp\/v2\/media?parent=7068"}],"wp:term":[{"taxonomy":"product_brand","embeddable":true,"href":"https:\/\/farmaciadellago.ch\/de\/wp-json\/wp\/v2\/product_brand?post=7068"},{"taxonomy":"product_cat","embeddable":true,"href":"https:\/\/farmaciadellago.ch\/de\/wp-json\/wp\/v2\/product_cat?post=7068"},{"taxonomy":"product_tag","embeddable":true,"href":"https:\/\/farmaciadellago.ch\/de\/wp-json\/wp\/v2\/product_tag?post=7068"}],"curies":[{"name":"wp","href":"https:\/\/api.w.org\/{rel}","templated":true}]}}