{"id":4892,"date":"2021-10-26T10:51:03","date_gmt":"2021-10-26T08:51:03","guid":{"rendered":"https:\/\/farmaciadellago.ch\/produits\/"},"modified":"2021-10-26T10:51:05","modified_gmt":"2021-10-26T08:51:05","slug":"produits","status":"publish","type":"page","link":"https:\/\/farmaciadellago.ch\/fr\/produits\/","title":{"rendered":"Produits"},"content":{"rendered":"<h2>Produits<\/h2>\n<ul>\n<li>Phytoth\u00e9rapie<\/li>\n<li>Hom\u00e9opathie<\/li>\n<li>Produits de beaut\u00e9<\/li>\n<li>Fleurs de Bach<\/li>\n<li>Produits de gal\u00e9nique magistrale<\/li>\n<li>Teintures m\u00e8res<\/li>\n<li>Sels de Sch\u00fcssler<\/li>\n<li>Th\u00e9 vert du Japon : Bancha, Sencha, Yamanocha, Gyokuro<\/li>\n<\/ul>\n<ul>\n<li>Lunettes de lecture gradu\u00e9es et lunettes de soleil polaris\u00e9es<\/li>\n<li>Produits \u00e9trangers du monde entier<\/li>\n<li>Coussins Elsa et de diff\u00e9rents types<\/li>\n<li>Bas de contention gradu\u00e9e Sigvaris et Medi<\/li>\n<li>Sacs de Muralto<\/li>\n<li>Articles sanitaires (b\u00e9quilles, rollators, fauteuils roulants, &#8230;)<\/li>\n<li>D\u00e9tergents Ecolavo<\/li>\n<\/ul>\n<p>\t\t\t\t\t\t\t<a href=\"https:\/\/www.cholley.com\/\"><br \/>\n\t\t<\/a><br \/>\n\t\t\t\t\t\t\t<a href=\"https:\/\/www.bionike.it\/it\"><br \/>\n\t\t<\/a><br \/>\n\t\t\t\t\t\t\t<a href=\"https:\/\/www.trind.com\/\"><br \/>\n\t\t<\/a><br \/>\n\t\t\t\t\t\t\t<a href=\"https:\/\/www.vitry.com\/it\/\"><br \/>\n\t\t<\/a><br \/>\n\t\t\t\t\t\t\t<a href=\"https:\/\/www.vitry.com\/it\/\"><br \/>\n\t\t<\/a><br \/>\n\t\t\t\t\t\t\t<a href=\"http:\/\/www.similasan.swiss\/it.html\"><br \/>\n\t\t<\/a><br \/>\n\t\t\t\t\t\t\t<a href=\"https:\/\/www.ceresheilmittel.ch\/it\/home-it\/\"><br \/>\n\t\t<\/a><br \/>\n\t\t\t\t\t\t\t<a href=\"https:\/\/www.rausch.ch\/ch\/it\/\"><br \/>\n\t\t<\/a><br \/>\n\t\t\t\t\t\t\t<a href=\"https:\/\/www.daylong.ch\/\"><br \/>\n\t\t<\/a><br \/>\n\t\t\t\t\t\t\t<a href=\"http:\/\/www.schmidt-nagel.ch\/it\/\"><br \/>\n\t\t<\/a><br \/>\n\t\t\t\t\t\t\t<a href=\"https:\/\/www.boiron-swiss.ch\/it\/\"><br \/>\n\t\t<\/a><br \/>\n\t\t\t\t\t\t\t<a href=\"https:\/\/www.omida.ch\/produkte\/schuessler-salze\/\"><br \/>\n\t\t<\/a><br \/>\n\t\t\t\t\t\t\t<a href=\"https:\/\/casa-del-te.ch\/de\/home\/\"><br \/>\n\t\t<\/a><br \/>\n\t\t\t\t\t\t\t<a href=\"https:\/\/ferrol.ch\/\"><br \/>\n\t\t<\/a><br \/>\n\t\t\t\t\t\t\t<a href=\"http:\/\/smartysunglasses.com\/\"><br \/>\n\t\t<\/a><br \/>\n\t\t\t\t\t\t\t<a href=\"https:\/\/www.sigvaris.com\/it\/it\"><br \/>\n\t\t<\/a><br \/>\n\t\t\t\t\t\t\t<a href=\"https:\/\/www.medi-italia.it\/prodotti\/calze-compressive\/\"><br \/>\n\t\t<\/a><br \/>\n\t\t\t\t\t\t\t<a href=\"https:\/\/www.trudibaby.ch\/INFORMAZIONI-LINEA-TRUDI-BABY-CARE\"><br \/>\n\t\t<\/a><br \/>\n\t\t\t\t\t\t\t<a href=\"https:\/\/www.elsaschweiz.ch\/it\/cuscini\/cuscino-per-la-nuca.html\"><br \/>\n\t\t<\/a><br \/>\n\t\t\t\t\t\t\t<a href=\"https:\/\/www.cabassi-giuriati.it\/prodotti\/nutriva\/\"><br \/>\n\t\t<\/a><\/p>\n","protected":false},"excerpt":{"rendered":"<p>Produits Phytoth\u00e9rapie Hom\u00e9opathie Produits de beaut\u00e9 Fleurs de Bach Produits de gal\u00e9nique magistrale Teintures m\u00e8res Sels de Sch\u00fcssler Th\u00e9 vert du Japon : Bancha, Sencha, Yamanocha, Gyokuro Lunettes de lecture gradu\u00e9es et lunettes de soleil polaris\u00e9es Produits \u00e9trangers du monde entier Coussins Elsa et de diff\u00e9rents types Bas de contention gradu\u00e9e Sigvaris et Medi Sacs [&hellip;]<\/p>\n","protected":false},"author":127,"featured_media":0,"parent":0,"menu_order":0,"comment_status":"closed","ping_status":"closed","template":"","meta":{"_acf_changed":false,"_seopress_robots_primary_cat":"","_seopress_titles_title":"","_seopress_titles_desc":"","_seopress_robots_index":"","footnotes":""},"class_list":["post-4892","page","type-page","status-publish","hentry"],"acf":[],"_links":{"self":[{"href":"https:\/\/farmaciadellago.ch\/fr\/wp-json\/wp\/v2\/pages\/4892","targetHints":{"allow":["GET"]}}],"collection":[{"href":"https:\/\/farmaciadellago.ch\/fr\/wp-json\/wp\/v2\/pages"}],"about":[{"href":"https:\/\/farmaciadellago.ch\/fr\/wp-json\/wp\/v2\/types\/page"}],"author":[{"embeddable":true,"href":"https:\/\/farmaciadellago.ch\/fr\/wp-json\/wp\/v2\/users\/127"}],"replies":[{"embeddable":true,"href":"https:\/\/farmaciadellago.ch\/fr\/wp-json\/wp\/v2\/comments?post=4892"}],"version-history":[{"count":0,"href":"https:\/\/farmaciadellago.ch\/fr\/wp-json\/wp\/v2\/pages\/4892\/revisions"}],"wp:attachment":[{"href":"https:\/\/farmaciadellago.ch\/fr\/wp-json\/wp\/v2\/media?parent=4892"}],"curies":[{"name":"wp","href":"https:\/\/api.w.org\/{rel}","templated":true}]}}