{"id":4905,"date":"2021-10-26T10:51:10","date_gmt":"2021-10-26T08:51:10","guid":{"rendered":"https:\/\/farmaciadellago.ch\/conditions-generales-de-chargement-de-la-recette\/"},"modified":"2021-10-26T10:51:12","modified_gmt":"2021-10-26T08:51:12","slug":"conditions-generales-de-chargement-de-la-recette","status":"publish","type":"page","link":"https:\/\/farmaciadellago.ch\/fr\/conditions-generales-de-chargement-de-la-recette\/","title":{"rendered":"Conditions g\u00e9n\u00e9rales de chargement de la recette"},"content":{"rendered":"\t\t<div data-elementor-type=\"wp-page\" data-elementor-id=\"4905\" class=\"elementor elementor-4905 elementor-1361\" data-elementor-post-type=\"page\">\n\t\t\t\t\t\t<section class=\"elementor-section elementor-top-section elementor-element elementor-element-3b72ff5 elementor-section-boxed elementor-section-height-default elementor-section-height-default\" data-id=\"3b72ff5\" data-element_type=\"section\" data-e-type=\"section\">\n\t\t\t\t\t\t<div class=\"elementor-container elementor-column-gap-default\">\n\t\t\t\t\t<div class=\"elementor-column elementor-col-100 elementor-top-column elementor-element elementor-element-412b1d0f\" data-id=\"412b1d0f\" data-element_type=\"column\" data-e-type=\"column\">\n\t\t\t<div class=\"elementor-widget-wrap elementor-element-populated\">\n\t\t\t\t\t\t<div class=\"elementor-element elementor-element-c1c687a elementor-widget elementor-widget-text-editor\" data-id=\"c1c687a\" data-element_type=\"widget\" data-e-type=\"widget\" data-widget_type=\"text-editor.default\">\n\t\t\t\t<div class=\"elementor-widget-container\">\n\t\t\t\t\t\t\t\t\t<div class=\"modal-header\">\n<h3 id=\"purchaseLabel\" class=\"modal-title\" data-fontsize=\"18\" data-lineheight=\"28\">Conditions g\u00e9n\u00e9rales de chargement de la recette<\/h3>\n<\/div>\n<div class=\"modal-body\">\n<h4 data-fontsize=\"17\" data-lineheight=\"29\">1. Services<\/h4>\n<p>Le service de t\u00e9l\u00e9chargement de recettes n&rsquo;est possible qu&rsquo;en Suisse. La r\u00e9servation de produits n&rsquo;est autoris\u00e9e que si la finalit\u00e9 est votre usage personnel ou priv\u00e9. La r\u00e9servation est gratuite pour le client.<\/p>\n<h4 data-fontsize=\"17\" data-lineheight=\"29\">2. Stipulation du contrat<\/h4>\n<p>Le contrat d&rsquo;achat entre le client et la pharmacie ne devient valable qu&rsquo;apr\u00e8s que le pharmacien l&rsquo;a v\u00e9rifi\u00e9 et valid\u00e9<strong> la recette originale.<\/strong> La conclusion du contrat est soumise \u00e0 la disponibilit\u00e9 du produit aupr\u00e8s de nos fournisseurs ou du fabricant.<\/p>\n<h4 data-fontsize=\"17\" data-lineheight=\"29\">3. Protection des donn\u00e9es<\/h4>\n<p>FARMACIA DEL LAGO garantit un traitement strictement confidentiel des donn\u00e9es personnelles et prot\u00e8ge les donn\u00e9es personnelles contre l&rsquo;acc\u00e8s par des tiers. Les dispositions applicables de la loi f\u00e9d\u00e9rale sur la protection des donn\u00e9es sont constamment respect\u00e9es. Cependant, le client doit garder \u00e0 l&rsquo;esprit que les donn\u00e9es collect\u00e9es dans le cadre de la conclusion d&rsquo;un contrat d&rsquo;achat peuvent \u00eatre trait\u00e9es aux fins de son ex\u00e9cution.<\/p>\n<h4 data-fontsize=\"17\" data-lineheight=\"29\">5. Droit applicable et tribunal comp\u00e9tent<\/h4>\n<p>En cas de litiges d\u00e9coulant de cette relation contractuelle, le droit suisse s&rsquo;applique exclusivement. Le for juridique est Lugano.<\/p>\n<\/div>\n\t\t\t\t\t\t\t\t<\/div>\n\t\t\t\t<\/div>\n\t\t\t\t\t<\/div>\n\t\t<\/div>\n\t\t\t\t\t<\/div>\n\t\t<\/section>\n\t\t\t\t<\/div>\n\t\t","protected":false},"excerpt":{"rendered":"<p>Conditions g\u00e9n\u00e9rales de chargement de la recette 1. Services Le service de t\u00e9l\u00e9chargement de recettes n&rsquo;est possible qu&rsquo;en Suisse. La r\u00e9servation de produits n&rsquo;est autoris\u00e9e que si la finalit\u00e9 est votre usage personnel ou priv\u00e9. La r\u00e9servation est gratuite pour le client. 2. Stipulation du contrat Le contrat d&rsquo;achat entre le client et la pharmacie [&hellip;]<\/p>\n","protected":false},"author":127,"featured_media":0,"parent":0,"menu_order":0,"comment_status":"closed","ping_status":"open","template":"","meta":{"_acf_changed":false,"_seopress_robots_primary_cat":"","_seopress_titles_title":"","_seopress_titles_desc":"","_seopress_robots_index":"","footnotes":""},"class_list":["post-4905","page","type-page","status-publish","hentry"],"acf":[],"_links":{"self":[{"href":"https:\/\/farmaciadellago.ch\/fr\/wp-json\/wp\/v2\/pages\/4905","targetHints":{"allow":["GET"]}}],"collection":[{"href":"https:\/\/farmaciadellago.ch\/fr\/wp-json\/wp\/v2\/pages"}],"about":[{"href":"https:\/\/farmaciadellago.ch\/fr\/wp-json\/wp\/v2\/types\/page"}],"author":[{"embeddable":true,"href":"https:\/\/farmaciadellago.ch\/fr\/wp-json\/wp\/v2\/users\/127"}],"replies":[{"embeddable":true,"href":"https:\/\/farmaciadellago.ch\/fr\/wp-json\/wp\/v2\/comments?post=4905"}],"version-history":[{"count":0,"href":"https:\/\/farmaciadellago.ch\/fr\/wp-json\/wp\/v2\/pages\/4905\/revisions"}],"wp:attachment":[{"href":"https:\/\/farmaciadellago.ch\/fr\/wp-json\/wp\/v2\/media?parent=4905"}],"curies":[{"name":"wp","href":"https:\/\/api.w.org\/{rel}","templated":true}]}}