{"id":6194,"date":"2023-02-24T10:23:53","date_gmt":"2023-02-24T09:23:53","guid":{"rendered":"https:\/\/farmaciadellago.ch\/page-de-remerciement\/"},"modified":"2023-02-24T10:23:53","modified_gmt":"2023-02-24T09:23:53","slug":"page-de-remerciement","status":"publish","type":"page","link":"https:\/\/farmaciadellago.ch\/fr\/page-de-remerciement\/","title":{"rendered":"Page de remerciement"},"content":{"rendered":"\t\t<div data-elementor-type=\"wp-page\" data-elementor-id=\"6194\" class=\"elementor elementor-6194 elementor-6187\" data-elementor-post-type=\"page\">\n\t\t\t\t\t\t<section class=\"elementor-section elementor-top-section elementor-element elementor-element-48d0412 elementor-section-boxed elementor-section-height-default elementor-section-height-default\" data-id=\"48d0412\" data-element_type=\"section\" data-e-type=\"section\" data-settings=\"{&quot;background_background&quot;:&quot;classic&quot;}\">\n\t\t\t\t\t\t\t<div class=\"elementor-background-overlay\"><\/div>\n\t\t\t\t\t\t\t<div class=\"elementor-container elementor-column-gap-default\">\n\t\t\t\t\t<div class=\"elementor-column elementor-col-100 elementor-top-column elementor-element elementor-element-b63d576\" data-id=\"b63d576\" data-element_type=\"column\" data-e-type=\"column\" data-settings=\"{&quot;background_background&quot;:&quot;classic&quot;}\">\n\t\t\t<div class=\"elementor-widget-wrap elementor-element-populated\">\n\t\t\t\t\t\t<section class=\"elementor-section elementor-inner-section elementor-element elementor-element-c28d567 elementor-section-boxed elementor-section-height-default elementor-section-height-default\" data-id=\"c28d567\" data-element_type=\"section\" data-e-type=\"section\" data-settings=\"{&quot;background_background&quot;:&quot;classic&quot;}\">\n\t\t\t\t\t\t<div class=\"elementor-container elementor-column-gap-default\">\n\t\t\t\t\t<div class=\"elementor-column elementor-col-100 elementor-inner-column elementor-element elementor-element-477bc44\" data-id=\"477bc44\" data-element_type=\"column\" data-e-type=\"column\">\n\t\t\t<div class=\"elementor-widget-wrap elementor-element-populated\">\n\t\t\t\t\t\t<div class=\"elementor-element elementor-element-ce4e7cf elementor-widget elementor-widget-heading\" data-id=\"ce4e7cf\" data-element_type=\"widget\" data-e-type=\"widget\" data-widget_type=\"heading.default\">\n\t\t\t\t<div class=\"elementor-widget-container\">\n\t\t\t\t\t<h2 class=\"elementor-heading-title elementor-size-default\">Merci de nous avoir envoy\u00e9 votre formulaire !<\/h2>\t\t\t\t<\/div>\n\t\t\t\t<\/div>\n\t\t\t\t<div class=\"elementor-element elementor-element-d6a1b1c elementor-widget elementor-widget-text-editor\" data-id=\"d6a1b1c\" data-element_type=\"widget\" data-e-type=\"widget\" data-widget_type=\"text-editor.default\">\n\t\t\t\t<div class=\"elementor-widget-container\">\n\t\t\t\t\t\t\t\t\t<\/p>\n<p>Votre int\u00e9r\u00eat pour nos services est tr\u00e8s important pour nous et nous avons enregistr\u00e9 vos donn\u00e9es avec succ\u00e8s. Nous vous contacterons d\u00e8s que possible pour vous fournir de plus amples informations ou pour vous aider \u00e0 compl\u00e9ter votre demande.<\/p>\n<\/p>\n<p>En attendant, n&rsquo;h\u00e9sitez pas \u00e0 nous contacter si vous avez besoin d&rsquo;une assistance suppl\u00e9mentaire ou si vous avez des questions. Nous sommes toujours \u00e0 votre disposition.<\/p>\n<\/p>\n<p>Merci encore d&rsquo;avoir choisi de travailler avec nous. Nous sommes heureux d&rsquo;avoir pu vous aider.<\/p><\/p>\n\t\t\t\t\t\t\t\t<\/div>\n\t\t\t\t<\/div>\n\t\t\t\t\t<\/div>\n\t\t<\/div>\n\t\t\t\t\t<\/div>\n\t\t<\/section>\n\t\t\t\t\t<\/div>\n\t\t<\/div>\n\t\t\t\t\t<\/div>\n\t\t<\/section>\n\t\t\t\t<\/div>\n\t\t","protected":false},"excerpt":{"rendered":"<p>Merci de nous avoir envoy\u00e9 votre formulaire ! Votre int\u00e9r\u00eat pour nos services est tr\u00e8s important pour nous et nous avons enregistr\u00e9 vos donn\u00e9es avec succ\u00e8s. Nous vous contacterons d\u00e8s que possible pour vous fournir de plus amples informations ou pour vous aider \u00e0 compl\u00e9ter votre demande. En attendant, n&rsquo;h\u00e9sitez pas \u00e0 nous contacter si [&hellip;]<\/p>\n","protected":false},"author":2,"featured_media":0,"parent":0,"menu_order":0,"comment_status":"closed","ping_status":"open","template":"elementor_header_footer","meta":{"_acf_changed":false,"_seopress_robots_primary_cat":"","_seopress_titles_title":"","_seopress_titles_desc":"","_seopress_robots_index":"","footnotes":""},"class_list":["post-6194","page","type-page","status-publish","hentry"],"acf":[],"_links":{"self":[{"href":"https:\/\/farmaciadellago.ch\/fr\/wp-json\/wp\/v2\/pages\/6194","targetHints":{"allow":["GET"]}}],"collection":[{"href":"https:\/\/farmaciadellago.ch\/fr\/wp-json\/wp\/v2\/pages"}],"about":[{"href":"https:\/\/farmaciadellago.ch\/fr\/wp-json\/wp\/v2\/types\/page"}],"author":[{"embeddable":true,"href":"https:\/\/farmaciadellago.ch\/fr\/wp-json\/wp\/v2\/users\/2"}],"replies":[{"embeddable":true,"href":"https:\/\/farmaciadellago.ch\/fr\/wp-json\/wp\/v2\/comments?post=6194"}],"version-history":[{"count":0,"href":"https:\/\/farmaciadellago.ch\/fr\/wp-json\/wp\/v2\/pages\/6194\/revisions"}],"wp:attachment":[{"href":"https:\/\/farmaciadellago.ch\/fr\/wp-json\/wp\/v2\/media?parent=6194"}],"curies":[{"name":"wp","href":"https:\/\/api.w.org\/{rel}","templated":true}]}}