{"id":6593,"date":"2024-02-19T15:29:52","date_gmt":"2024-02-19T14:29:52","guid":{"rendered":"https:\/\/farmaciadellago.ch\/conseils\/"},"modified":"2024-10-01T11:45:34","modified_gmt":"2024-10-01T09:45:34","slug":"conseils","status":"publish","type":"page","link":"https:\/\/farmaciadellago.ch\/fr\/conseils\/","title":{"rendered":"Conseils"},"content":{"rendered":"\t\t<div data-elementor-type=\"wp-page\" data-elementor-id=\"6593\" class=\"elementor elementor-6593 elementor-6590\" data-elementor-post-type=\"page\">\n\t\t\t\t<div class=\"elementor-element elementor-element-a433e9b e-flex e-con-boxed e-con e-parent\" data-id=\"a433e9b\" data-element_type=\"container\" data-e-type=\"container\" data-settings=\"{&quot;background_background&quot;:&quot;classic&quot;}\">\n\t\t\t\t\t<div class=\"e-con-inner\">\n\t\t<div class=\"elementor-element elementor-element-76b821c e-con-full e-flex e-con e-child\" data-id=\"76b821c\" data-element_type=\"container\" data-e-type=\"container\">\n\t\t\t\t<\/div>\n\t\t\t\t\t<\/div>\n\t\t\t\t<\/div>\n\t\t<div class=\"elementor-element elementor-element-949848b e-flex e-con-boxed e-con e-parent\" data-id=\"949848b\" data-element_type=\"container\" data-e-type=\"container\" data-settings=\"{&quot;background_background&quot;:&quot;classic&quot;}\">\n\t\t\t\t\t<div class=\"e-con-inner\">\n\t\t<div class=\"elementor-element elementor-element-7223e2c e-con-full e-flex e-con e-child\" data-id=\"7223e2c\" data-element_type=\"container\" data-e-type=\"container\">\n\t\t\t\t<div class=\"elementor-element elementor-element-44c1cc9 elementor-invisible elementor-widget elementor-widget-heading\" data-id=\"44c1cc9\" data-element_type=\"widget\" data-e-type=\"widget\" data-settings=\"{&quot;_animation&quot;:&quot;fadeInUp&quot;}\" data-widget_type=\"heading.default\">\n\t\t\t\t<div class=\"elementor-widget-container\">\n\t\t\t\t\t<h2 class=\"elementor-heading-title elementor-size-default\">Conseils pour votre sant\u00e9<\/h2>\t\t\t\t<\/div>\n\t\t\t\t<\/div>\n\t\t\t\t<div class=\"elementor-element elementor-element-6bcd5d7 elementor-widget elementor-widget-heading\" data-id=\"6bcd5d7\" data-element_type=\"widget\" data-e-type=\"widget\" data-widget_type=\"heading.default\">\n\t\t\t\t<div class=\"elementor-widget-container\">\n\t\t\t\t\t<div class=\"elementor-heading-title elementor-size-default\">Buvez de l'eau, faites de l'exercice r\u00e9guli\u00e8rement et dormez suffisamment. Maintenir une alimentation \u00e9quilibr\u00e9e et limiter le stress. Consultez r\u00e9guli\u00e8rement votre m\u00e9decin pour la pr\u00e9vention<\/div>\t\t\t\t<\/div>\n\t\t\t\t<\/div>\n\t\t\t\t<div class=\"elementor-element elementor-element-49da6ac imgcard elementor-grid-3 elementor-grid-tablet-2 elementor-grid-mobile-1 elementor-posts--thumbnail-top elementor-posts__hover-gradient elementor-invisible elementor-widget elementor-widget-posts\" data-id=\"49da6ac\" data-element_type=\"widget\" data-e-type=\"widget\" data-settings=\"{&quot;pagination_type&quot;:&quot;numbers_and_prev_next&quot;,&quot;_animation&quot;:&quot;fadeIn&quot;,&quot;cards_row_gap&quot;:{&quot;unit&quot;:&quot;px&quot;,&quot;size&quot;:2,&quot;sizes&quot;:[]},&quot;cards_columns&quot;:&quot;3&quot;,&quot;cards_columns_tablet&quot;:&quot;2&quot;,&quot;cards_columns_mobile&quot;:&quot;1&quot;,&quot;cards_row_gap_tablet&quot;:{&quot;unit&quot;:&quot;px&quot;,&quot;size&quot;:&quot;&quot;,&quot;sizes&quot;:[]},&quot;cards_row_gap_mobile&quot;:{&quot;unit&quot;:&quot;px&quot;,&quot;size&quot;:&quot;&quot;,&quot;sizes&quot;:[]}}\" data-widget_type=\"posts.cards\">\n\t\t\t\t<div class=\"elementor-widget-container\">\n\t\t\t\t\t\t\t<div class=\"elementor-posts-container elementor-posts elementor-posts--skin-cards elementor-grid\" role=\"list\">\n\t\t\t\t<article class=\"elementor-post elementor-grid-item post-11311 post type-post status-publish format-standard has-post-thumbnail hentry category-complements-alimentaires tag-anti-age tag-energie-cellulaire tag-soutien-immunitaire\" role=\"listitem\">\n\t\t\t<div class=\"elementor-post__card\">\n\t\t\t\t<a class=\"elementor-post__thumbnail__link\" href=\"https:\/\/farmaciadellago.ch\/fr\/nadlife-energy-de-lenergie-pour-vos-cellules\/\" tabindex=\"-1\" ><div class=\"elementor-post__thumbnail\"><img fetchpriority=\"high\" decoding=\"async\" width=\"400\" height=\"400\" src=\"https:\/\/farmaciadellago.ch\/wp-content\/uploads\/sites\/5\/2025\/02\/nad-life-integratore-alimentare-400x400.png\" class=\"attachment-medium size-medium wp-image-8974\" alt=\"integratore alimentare nad per\" srcset=\"https:\/\/farmaciadellago.ch\/wp-content\/uploads\/sites\/5\/2025\/02\/nad-life-integratore-alimentare-400x400.png 400w, https:\/\/farmaciadellago.ch\/wp-content\/uploads\/sites\/5\/2025\/02\/nad-life-integratore-alimentare-1078x1080.png 1078w, https:\/\/farmaciadellago.ch\/wp-content\/uploads\/sites\/5\/2025\/02\/nad-life-integratore-alimentare-250x250.png 250w, https:\/\/farmaciadellago.ch\/wp-content\/uploads\/sites\/5\/2025\/02\/nad-life-integratore-alimentare-768x769.png 768w, https:\/\/farmaciadellago.ch\/wp-content\/uploads\/sites\/5\/2025\/02\/nad-life-integratore-alimentare-500x501.png 500w, https:\/\/farmaciadellago.ch\/wp-content\/uploads\/sites\/5\/2025\/02\/nad-life-integratore-alimentare-700x701.png 700w, https:\/\/farmaciadellago.ch\/wp-content\/uploads\/sites\/5\/2025\/02\/nad-life-integratore-alimentare-100x100.png 100w, https:\/\/farmaciadellago.ch\/wp-content\/uploads\/sites\/5\/2025\/02\/nad-life-integratore-alimentare.png 1120w\" sizes=\"(max-width: 400px) 100vw, 400px\" \/><\/div><\/a>\n\t\t\t\t<div class=\"elementor-post__badge\">Compl\u00e9ments alimentaires<\/div>\n\t\t\t\t<div class=\"elementor-post__text\">\n\t\t\t\t<h3 class=\"elementor-post__title\">\n\t\t\t<a href=\"https:\/\/farmaciadellago.ch\/fr\/nadlife-energy-de-lenergie-pour-vos-cellules\/\" >\n\t\t\t\tNADLife Energy+ : De l&rsquo;\u00e9nergie pour vos cellules\t\t\t<\/a>\n\t\t<\/h3>\n\t\t\t\t<div class=\"elementor-post__excerpt\">\n\t\t\t<p>Un soutien essentiel au m\u00e9tabolisme \u00e9nerg\u00e9tique L&rsquo;\u00e9nergie est essentielle pour notre corps et nos fonctions quotidiennes. NADLife Energy+ est un<\/p>\n\t\t<\/div>\n\t\t\n\t\t<a class=\"elementor-post__read-more\" href=\"https:\/\/farmaciadellago.ch\/fr\/nadlife-energy-de-lenergie-pour-vos-cellules\/\" aria-label=\"En savoir plus sur NADLife Energy+ : De l&rsquo;\u00e9nergie pour vos cellules\" tabindex=\"-1\" >\n\t\t\tLire plus\"\t\t<\/a>\n\n\t\t\t\t<\/div>\n\t\t\t\t\t<\/div>\n\t\t<\/article>\n\t\t\t\t<article class=\"elementor-post elementor-grid-item post-8512 post type-post status-publish format-standard has-post-thumbnail hentry category-non-classifiee tag-anti-age-fr tag-anti-age tag-celergen-fr tag-les-secrets-de-la-longevite tag-longevite tag-produits-anti-age\" role=\"listitem\">\n\t\t\t<div class=\"elementor-post__card\">\n\t\t\t\t<a class=\"elementor-post__thumbnail__link\" href=\"https:\/\/farmaciadellago.ch\/fr\/les-ingredients-de-celergen\/\" tabindex=\"-1\" ><div class=\"elementor-post__thumbnail\"><img decoding=\"async\" width=\"400\" height=\"233\" src=\"https:\/\/farmaciadellago.ch\/wp-content\/uploads\/sites\/5\/2025\/01\/celergen-ingredienti--400x233.png\" class=\"attachment-medium size-medium wp-image-8381\" alt=\"celergen capsule anti invecchiamento ingredienti\" srcset=\"https:\/\/farmaciadellago.ch\/wp-content\/uploads\/sites\/5\/2025\/01\/celergen-ingredienti--400x233.png 400w, https:\/\/farmaciadellago.ch\/wp-content\/uploads\/sites\/5\/2025\/01\/celergen-ingredienti--768x448.png 768w, https:\/\/farmaciadellago.ch\/wp-content\/uploads\/sites\/5\/2025\/01\/celergen-ingredienti--500x292.png 500w, https:\/\/farmaciadellago.ch\/wp-content\/uploads\/sites\/5\/2025\/01\/celergen-ingredienti--700x408.png 700w, https:\/\/farmaciadellago.ch\/wp-content\/uploads\/sites\/5\/2025\/01\/celergen-ingredienti-.png 1200w\" sizes=\"(max-width: 400px) 100vw, 400px\" \/><\/div><\/a>\n\t\t\t\t<div class=\"elementor-post__badge\">Non classifi\u00e9(e)<\/div>\n\t\t\t\t<div class=\"elementor-post__text\">\n\t\t\t\t<h3 class=\"elementor-post__title\">\n\t\t\t<a href=\"https:\/\/farmaciadellago.ch\/fr\/les-ingredients-de-celergen\/\" >\n\t\t\t\tLes ingr\u00e9dients de Celergen\t\t\t<\/a>\n\t\t<\/h3>\n\t\t\t\t<div class=\"elementor-post__excerpt\">\n\t\t\t<p>La force de Celergen r\u00e9side dans sa formulation unique, qui associe des ingr\u00e9dients naturels et une technologie de pointe pour<\/p>\n\t\t<\/div>\n\t\t\n\t\t<a class=\"elementor-post__read-more\" href=\"https:\/\/farmaciadellago.ch\/fr\/les-ingredients-de-celergen\/\" aria-label=\"En savoir plus sur Les ingr\u00e9dients de Celergen\" tabindex=\"-1\" >\n\t\t\tLire plus\"\t\t<\/a>\n\n\t\t\t\t<\/div>\n\t\t\t\t\t<\/div>\n\t\t<\/article>\n\t\t\t\t<article class=\"elementor-post elementor-grid-item post-8413 post type-post status-publish format-standard has-post-thumbnail hentry category-non-classifiee tag-anti-age tag-anti-age-fr tag-celergen-fr tag-longevite tag-produits-anti-age\" role=\"listitem\">\n\t\t\t<div class=\"elementor-post__card\">\n\t\t\t\t<a class=\"elementor-post__thumbnail__link\" href=\"https:\/\/farmaciadellago.ch\/fr\/les-avantages-de-celergen-capsules\/\" tabindex=\"-1\" ><div class=\"elementor-post__thumbnail\"><img decoding=\"async\" width=\"400\" height=\"267\" src=\"https:\/\/farmaciadellago.ch\/wp-content\/uploads\/sites\/5\/2025\/01\/celergen-cover-per-articolo-benefici-400x267.png\" class=\"attachment-medium size-medium wp-image-8375\" alt=\"celergen capsule anti aging\" srcset=\"https:\/\/farmaciadellago.ch\/wp-content\/uploads\/sites\/5\/2025\/01\/celergen-cover-per-articolo-benefici-400x267.png 400w, https:\/\/farmaciadellago.ch\/wp-content\/uploads\/sites\/5\/2025\/01\/celergen-cover-per-articolo-benefici-768x512.png 768w, https:\/\/farmaciadellago.ch\/wp-content\/uploads\/sites\/5\/2025\/01\/celergen-cover-per-articolo-benefici-500x333.png 500w, https:\/\/farmaciadellago.ch\/wp-content\/uploads\/sites\/5\/2025\/01\/celergen-cover-per-articolo-benefici-700x467.png 700w, https:\/\/farmaciadellago.ch\/wp-content\/uploads\/sites\/5\/2025\/01\/celergen-cover-per-articolo-benefici.png 1200w\" sizes=\"(max-width: 400px) 100vw, 400px\" \/><\/div><\/a>\n\t\t\t\t<div class=\"elementor-post__badge\">Non classifi\u00e9(e)<\/div>\n\t\t\t\t<div class=\"elementor-post__text\">\n\t\t\t\t<h3 class=\"elementor-post__title\">\n\t\t\t<a href=\"https:\/\/farmaciadellago.ch\/fr\/les-avantages-de-celergen-capsules\/\" >\n\t\t\t\tLes avantages de Celergen Capsules\t\t\t<\/a>\n\t\t<\/h3>\n\t\t\t\t<div class=\"elementor-post__excerpt\">\n\t\t\t<p>Celergen est plus qu&rsquo;un simple compl\u00e9ment : c&rsquo;est un alli\u00e9 puissant contre les signes du vieillissement, con\u00e7u pour am\u00e9liorer la<\/p>\n\t\t<\/div>\n\t\t\n\t\t<a class=\"elementor-post__read-more\" href=\"https:\/\/farmaciadellago.ch\/fr\/les-avantages-de-celergen-capsules\/\" aria-label=\"En savoir plus sur Les avantages de Celergen Capsules\" tabindex=\"-1\" >\n\t\t\tLire plus\"\t\t<\/a>\n\n\t\t\t\t<\/div>\n\t\t\t\t\t<\/div>\n\t\t<\/article>\n\t\t\t\t<article class=\"elementor-post elementor-grid-item post-8405 post type-post status-publish format-standard has-post-thumbnail hentry category-non-classifiee tag-alimentation-saine tag-des-conseils-en-matiere-de-nutrition\" role=\"listitem\">\n\t\t\t<div class=\"elementor-post__card\">\n\t\t\t\t<a class=\"elementor-post__thumbnail__link\" href=\"https:\/\/farmaciadellago.ch\/fr\/le-role-de-la-nutrition-dans-la-sante-et-le-bien-etre\/\" tabindex=\"-1\" ><div class=\"elementor-post__thumbnail\"><img loading=\"lazy\" decoding=\"async\" width=\"400\" height=\"267\" src=\"https:\/\/farmaciadellago.ch\/wp-content\/uploads\/sites\/5\/2025\/01\/il-ruolo-della-nutrizione-400x267.jpg\" class=\"attachment-medium size-medium wp-image-8366\" alt=\"nutrizione sana per mantenere la salute\" srcset=\"https:\/\/farmaciadellago.ch\/wp-content\/uploads\/sites\/5\/2025\/01\/il-ruolo-della-nutrizione-400x267.jpg 400w, https:\/\/farmaciadellago.ch\/wp-content\/uploads\/sites\/5\/2025\/01\/il-ruolo-della-nutrizione-1619x1080.jpg 1619w, https:\/\/farmaciadellago.ch\/wp-content\/uploads\/sites\/5\/2025\/01\/il-ruolo-della-nutrizione-768x512.jpg 768w, https:\/\/farmaciadellago.ch\/wp-content\/uploads\/sites\/5\/2025\/01\/il-ruolo-della-nutrizione-1536x1025.jpg 1536w, https:\/\/farmaciadellago.ch\/wp-content\/uploads\/sites\/5\/2025\/01\/il-ruolo-della-nutrizione-1320x881.jpg 1320w, https:\/\/farmaciadellago.ch\/wp-content\/uploads\/sites\/5\/2025\/01\/il-ruolo-della-nutrizione-500x334.jpg 500w, https:\/\/farmaciadellago.ch\/wp-content\/uploads\/sites\/5\/2025\/01\/il-ruolo-della-nutrizione-700x467.jpg 700w, https:\/\/farmaciadellago.ch\/wp-content\/uploads\/sites\/5\/2025\/01\/il-ruolo-della-nutrizione.jpg 1920w\" sizes=\"(max-width: 400px) 100vw, 400px\" \/><\/div><\/a>\n\t\t\t\t<div class=\"elementor-post__badge\">Non classifi\u00e9(e)<\/div>\n\t\t\t\t<div class=\"elementor-post__text\">\n\t\t\t\t<h3 class=\"elementor-post__title\">\n\t\t\t<a href=\"https:\/\/farmaciadellago.ch\/fr\/le-role-de-la-nutrition-dans-la-sante-et-le-bien-etre\/\" >\n\t\t\t\tLe r\u00f4le de la nutrition dans la sant\u00e9 et le bien-\u00eatre\t\t\t<\/a>\n\t\t<\/h3>\n\t\t\t\t<div class=\"elementor-post__excerpt\">\n\t\t\t<p>La nutrition joue un r\u00f4le cl\u00e9 dans la sant\u00e9 de l&rsquo;organisme. Une alimentation \u00e9quilibr\u00e9e fournit \u00e0 notre corps les nutriments<\/p>\n\t\t<\/div>\n\t\t\n\t\t<a class=\"elementor-post__read-more\" href=\"https:\/\/farmaciadellago.ch\/fr\/le-role-de-la-nutrition-dans-la-sante-et-le-bien-etre\/\" aria-label=\"En savoir plus sur Le r\u00f4le de la nutrition dans la sant\u00e9 et le bien-\u00eatre\" tabindex=\"-1\" >\n\t\t\tLire plus\"\t\t<\/a>\n\n\t\t\t\t<\/div>\n\t\t\t\t\t<\/div>\n\t\t<\/article>\n\t\t\t\t<article class=\"elementor-post elementor-grid-item post-8352 post type-post status-publish format-standard has-post-thumbnail hentry category-non-classifiee tag-anti-age-fr tag-celergen-fr tag-les-secrets-de-la-longevite tag-longevite tag-produits-anti-age\" role=\"listitem\">\n\t\t\t<div class=\"elementor-post__card\">\n\t\t\t\t<a class=\"elementor-post__thumbnail__link\" href=\"https:\/\/farmaciadellago.ch\/fr\/produits-anti-age-et-longevite-le-role-des-supplements\/\" tabindex=\"-1\" ><div class=\"elementor-post__thumbnail\"><img loading=\"lazy\" decoding=\"async\" width=\"400\" height=\"272\" src=\"https:\/\/farmaciadellago.ch\/wp-content\/uploads\/sites\/5\/2025\/01\/prodotti-anti-aging-e-longevita-400x272.jpg\" class=\"attachment-medium size-medium wp-image-8349\" alt=\"prodotti per la longevit\u00e0\" srcset=\"https:\/\/farmaciadellago.ch\/wp-content\/uploads\/sites\/5\/2025\/01\/prodotti-anti-aging-e-longevita-400x272.jpg 400w, https:\/\/farmaciadellago.ch\/wp-content\/uploads\/sites\/5\/2025\/01\/prodotti-anti-aging-e-longevita-1590x1080.jpg 1590w, https:\/\/farmaciadellago.ch\/wp-content\/uploads\/sites\/5\/2025\/01\/prodotti-anti-aging-e-longevita-768x522.jpg 768w, https:\/\/farmaciadellago.ch\/wp-content\/uploads\/sites\/5\/2025\/01\/prodotti-anti-aging-e-longevita-1536x1043.jpg 1536w, https:\/\/farmaciadellago.ch\/wp-content\/uploads\/sites\/5\/2025\/01\/prodotti-anti-aging-e-longevita-1320x897.jpg 1320w, https:\/\/farmaciadellago.ch\/wp-content\/uploads\/sites\/5\/2025\/01\/prodotti-anti-aging-e-longevita-500x340.jpg 500w, https:\/\/farmaciadellago.ch\/wp-content\/uploads\/sites\/5\/2025\/01\/prodotti-anti-aging-e-longevita-700x475.jpg 700w, https:\/\/farmaciadellago.ch\/wp-content\/uploads\/sites\/5\/2025\/01\/prodotti-anti-aging-e-longevita.jpg 1920w\" sizes=\"(max-width: 400px) 100vw, 400px\" \/><\/div><\/a>\n\t\t\t\t<div class=\"elementor-post__badge\">Non classifi\u00e9(e)<\/div>\n\t\t\t\t<div class=\"elementor-post__text\">\n\t\t\t\t<h3 class=\"elementor-post__title\">\n\t\t\t<a href=\"https:\/\/farmaciadellago.ch\/fr\/produits-anti-age-et-longevite-le-role-des-supplements\/\" >\n\t\t\t\tProduits anti-\u00e2ge et long\u00e9vit\u00e9 : Le r\u00f4le des suppl\u00e9ments\t\t\t<\/a>\n\t\t<\/h3>\n\t\t\t\t<div class=\"elementor-post__excerpt\">\n\t\t\t<p>Le vieillissement est un processus naturel qui affecte tout organisme vivant. Il se manifeste au niveau cellulaire par une diminution<\/p>\n\t\t<\/div>\n\t\t\n\t\t<a class=\"elementor-post__read-more\" href=\"https:\/\/farmaciadellago.ch\/fr\/produits-anti-age-et-longevite-le-role-des-supplements\/\" aria-label=\"En savoir plus sur Produits anti-\u00e2ge et long\u00e9vit\u00e9 : Le r\u00f4le des suppl\u00e9ments\" tabindex=\"-1\" >\n\t\t\tLire plus\"\t\t<\/a>\n\n\t\t\t\t<\/div>\n\t\t\t\t\t<\/div>\n\t\t<\/article>\n\t\t\t\t<article class=\"elementor-post elementor-grid-item post-6686 post type-post status-publish format-standard has-post-thumbnail hentry category-nouvelles tag-boutons tag-cholley tag-cholley-bioclean tag-creme-pour-le-visage-contre-lacne tag-remedes-contre-les-boutons\" role=\"listitem\">\n\t\t\t<div class=\"elementor-post__card\">\n\t\t\t\t<a class=\"elementor-post__thumbnail__link\" href=\"https:\/\/farmaciadellago.ch\/fr\/decouvrez-cholley-bioclean-la-solution-ultime-contre-les-boutons-et-les-points-noirs\/\" tabindex=\"-1\" ><div class=\"elementor-post__thumbnail\"><img loading=\"lazy\" decoding=\"async\" width=\"400\" height=\"400\" src=\"https:\/\/farmaciadellago.ch\/wp-content\/uploads\/sites\/5\/2024\/02\/farmacia-400x400.png\" class=\"attachment-medium size-medium wp-image-6681\" alt=\"cholley bioclean stop imperfections crema per brufoli\" srcset=\"https:\/\/farmaciadellago.ch\/wp-content\/uploads\/sites\/5\/2024\/02\/farmacia-400x400.png 400w, https:\/\/farmaciadellago.ch\/wp-content\/uploads\/sites\/5\/2024\/02\/farmacia-250x250.png 250w, https:\/\/farmaciadellago.ch\/wp-content\/uploads\/sites\/5\/2024\/02\/farmacia-768x768.png 768w, https:\/\/farmaciadellago.ch\/wp-content\/uploads\/sites\/5\/2024\/02\/farmacia-500x500.png 500w, https:\/\/farmaciadellago.ch\/wp-content\/uploads\/sites\/5\/2024\/02\/farmacia-700x700.png 700w, https:\/\/farmaciadellago.ch\/wp-content\/uploads\/sites\/5\/2024\/02\/farmacia-100x100.png 100w, https:\/\/farmaciadellago.ch\/wp-content\/uploads\/sites\/5\/2024\/02\/farmacia-50x50.png 50w, https:\/\/farmaciadellago.ch\/wp-content\/uploads\/sites\/5\/2024\/02\/farmacia.png 800w\" sizes=\"(max-width: 400px) 100vw, 400px\" \/><\/div><\/a>\n\t\t\t\t<div class=\"elementor-post__badge\">Nouvelles<\/div>\n\t\t\t\t<div class=\"elementor-post__text\">\n\t\t\t\t<h3 class=\"elementor-post__title\">\n\t\t\t<a href=\"https:\/\/farmaciadellago.ch\/fr\/decouvrez-cholley-bioclean-la-solution-ultime-contre-les-boutons-et-les-points-noirs\/\" >\n\t\t\t\tLa solution ultime pour les boutons et les points noirs\t\t\t<\/a>\n\t\t<\/h3>\n\t\t\t\t<div class=\"elementor-post__excerpt\">\n\t\t\t<p>D\u00e9couvrez CHOLLEY BioClean Dans le monde des soins de la peau, peu de probl\u00e8mes sont aussi fr\u00e9quents et frustrants que<\/p>\n\t\t<\/div>\n\t\t\n\t\t<a class=\"elementor-post__read-more\" href=\"https:\/\/farmaciadellago.ch\/fr\/decouvrez-cholley-bioclean-la-solution-ultime-contre-les-boutons-et-les-points-noirs\/\" aria-label=\"En savoir plus sur La solution ultime pour les boutons et les points noirs\" tabindex=\"-1\" >\n\t\t\tLire plus\"\t\t<\/a>\n\n\t\t\t\t<\/div>\n\t\t\t\t\t<\/div>\n\t\t<\/article>\n\t\t\t\t<\/div>\n\t\t\n\t\t\t\t<div class=\"e-load-more-anchor\" data-page=\"1\" data-max-page=\"2\" data-next-page=\"https:\/\/farmaciadellago.ch\/fr\/wp-json\/wp\/v2\/pages\/6593\/page\/2\/\"><\/div>\n\t\t\t\t<nav class=\"elementor-pagination\" aria-label=\"Pagination\">\n\t\t\t<span class=\"page-numbers prev\">\"  <\/span>\n<span aria-current=\"page\" class=\"page-numbers current\"><span class=\"elementor-screen-only\">Page<\/span>1<\/span>\n<a class=\"page-numbers\" href=\"https:\/\/farmaciadellago.ch\/fr\/wp-json\/wp\/v2\/pages\/6593\/page\/2\/\"><span class=\"elementor-screen-only\">Page<\/span>2<\/a>\n<a class=\"page-numbers next\" href=\"https:\/\/farmaciadellago.ch\/fr\/wp-json\/wp\/v2\/pages\/6593\/page\/2\/\">  \"<\/a>\t\t<\/nav>\n\t\t\t\t\t\t<\/div>\n\t\t\t\t<\/div>\n\t\t\t\t<\/div>\n\t\t\t\t\t<\/div>\n\t\t\t\t<\/div>\n\t\t\t\t<\/div>\n\t\t","protected":false},"excerpt":{"rendered":"<p>Conseils pour votre sant\u00e9 Buvez de l&rsquo;eau, faites de l&rsquo;exercice r\u00e9guli\u00e8rement et dormez suffisamment. Maintenir une alimentation \u00e9quilibr\u00e9e et limiter le stress. Consultez r\u00e9guli\u00e8rement votre m\u00e9decin pour la pr\u00e9vention<\/p>\n","protected":false},"author":2,"featured_media":0,"parent":0,"menu_order":0,"comment_status":"closed","ping_status":"open","template":"elementor_header_footer","meta":{"_acf_changed":false,"_seopress_robots_primary_cat":"","_seopress_titles_title":"","_seopress_titles_desc":"","_seopress_robots_index":"","footnotes":""},"class_list":["post-6593","page","type-page","status-publish","hentry"],"acf":[],"_links":{"self":[{"href":"https:\/\/farmaciadellago.ch\/fr\/wp-json\/wp\/v2\/pages\/6593","targetHints":{"allow":["GET"]}}],"collection":[{"href":"https:\/\/farmaciadellago.ch\/fr\/wp-json\/wp\/v2\/pages"}],"about":[{"href":"https:\/\/farmaciadellago.ch\/fr\/wp-json\/wp\/v2\/types\/page"}],"author":[{"embeddable":true,"href":"https:\/\/farmaciadellago.ch\/fr\/wp-json\/wp\/v2\/users\/2"}],"replies":[{"embeddable":true,"href":"https:\/\/farmaciadellago.ch\/fr\/wp-json\/wp\/v2\/comments?post=6593"}],"version-history":[{"count":0,"href":"https:\/\/farmaciadellago.ch\/fr\/wp-json\/wp\/v2\/pages\/6593\/revisions"}],"wp:attachment":[{"href":"https:\/\/farmaciadellago.ch\/fr\/wp-json\/wp\/v2\/media?parent=6593"}],"curies":[{"name":"wp","href":"https:\/\/api.w.org\/{rel}","templated":true}]}}