{"id":4662,"date":"2021-10-01T10:41:08","date_gmt":"2021-10-26T08:50:15","guid":{"rendered":"https:\/\/farmaciadellago.ch\/prodotto\/cholley-alpine-solar-defense-spf-50\/"},"modified":"2024-11-20T16:48:13","modified_gmt":"2024-11-20T15:48:13","slug":"cholley-alpine-solar-defense-spf-50","status":"publish","type":"product","link":"https:\/\/farmaciadellago.ch\/fr\/prodotto\/cholley-alpine-solar-defense-spf-50\/","title":{"rendered":"Antioxydant pour la protection contre les radiations"},"content":{"rendered":"","protected":false},"excerpt":{"rendered":"<div class=\"page\" title=\"Page 6\">\n<div class=\"layoutArea\">\n<div class=\"column\">\n<h3>CHOLLEY Alpine Solar Defense SPF 50 &#8211; Ref. 730V<\/h3>\n<p>CHOLLEY Alpine Solar Defense &#8211; SPF 50 est une \u00e9mulsion antioxydante tr\u00e8s efficace pour une protection maximale de la peau contre les rayons du soleil. Il utilise une nouvelle technologie pour cr\u00e9er une \u00e9mulsion l\u00e9g\u00e8re et tr\u00e8s agr\u00e9able malgr\u00e9 une forte concentration de filtres UVA et UVB.<\/p>\n<p>AVANTAGES:<\/p>\n<ul>\n<li>Protection UVA\/UVB test\u00e9e cliniquement et dermatologiquement (SPF50)<\/li>\n<li>Action antioxydante<\/li>\n<li>Aide \u00e0 pr\u00e9venir les rougeurs et les irritations caus\u00e9es par le soleil.<\/li>\n<li>Favorise un bronzage naturel et dor\u00e9 et am\u00e9liore la texture de la peau.<\/li>\n<li>Emollient, hydratant et conditionnant pour la peau<\/li>\n<\/ul>\n<\/div>\n<\/div>\n<\/div>\n","protected":false},"featured_media":7530,"comment_status":"open","ping_status":"open","template":"","meta":{"_acf_changed":false,"_seopress_robots_primary_cat":"none","_seopress_titles_title":"CHOLLEY Alpine Solar Defense SPF 50 - protection maximale de la peau contre les rayons du soleil","_seopress_titles_desc":"Une \u00e9mulsion antioxydante tr\u00e8s efficace qui utilise une nouvelle technologie pour cr\u00e9er une \u00e9mulsion l\u00e9g\u00e8re et tr\u00e8s agr\u00e9able malgr\u00e9 une forte concentration de filtres UVA et UVB.","_seopress_robots_index":""},"product_brand":[],"product_cat":[178,152],"product_tag":[],"class_list":{"0":"post-4662","1":"product","2":"type-product","3":"status-publish","4":"has-post-thumbnail","6":"product_cat-cholley-fr","7":"product_cat-produits-de-beaute","8":"pa_contenuto-50-ml-fr","10":"first","11":"instock","12":"shipping-taxable","13":"purchasable","14":"product-type-simple"},"acf":[],"_links":{"self":[{"href":"https:\/\/farmaciadellago.ch\/fr\/wp-json\/wp\/v2\/product\/4662","targetHints":{"allow":["GET"]}}],"collection":[{"href":"https:\/\/farmaciadellago.ch\/fr\/wp-json\/wp\/v2\/product"}],"about":[{"href":"https:\/\/farmaciadellago.ch\/fr\/wp-json\/wp\/v2\/types\/product"}],"replies":[{"embeddable":true,"href":"https:\/\/farmaciadellago.ch\/fr\/wp-json\/wp\/v2\/comments?post=4662"}],"wp:featuredmedia":[{"embeddable":true,"href":"https:\/\/farmaciadellago.ch\/fr\/wp-json\/wp\/v2\/media\/7530"}],"wp:attachment":[{"href":"https:\/\/farmaciadellago.ch\/fr\/wp-json\/wp\/v2\/media?parent=4662"}],"wp:term":[{"taxonomy":"product_brand","embeddable":true,"href":"https:\/\/farmaciadellago.ch\/fr\/wp-json\/wp\/v2\/product_brand?post=4662"},{"taxonomy":"product_cat","embeddable":true,"href":"https:\/\/farmaciadellago.ch\/fr\/wp-json\/wp\/v2\/product_cat?post=4662"},{"taxonomy":"product_tag","embeddable":true,"href":"https:\/\/farmaciadellago.ch\/fr\/wp-json\/wp\/v2\/product_tag?post=4662"}],"curies":[{"name":"wp","href":"https:\/\/api.w.org\/{rel}","templated":true}]}}