{"id":4669,"date":"2021-10-01T11:02:35","date_gmt":"2021-10-26T08:50:16","guid":{"rendered":"https:\/\/farmaciadellago.ch\/prodotto\/programme-contour-des-yeux-cholley\/"},"modified":"2023-05-26T15:37:29","modified_gmt":"2023-05-26T13:37:29","slug":"cholley-eye-contour-programme","status":"publish","type":"product","link":"https:\/\/farmaciadellago.ch\/fr\/prodotto\/cholley-eye-contour-programme\/","title":{"rendered":"Programme intensif pour le contour des yeux"},"content":{"rendered":"","protected":false},"excerpt":{"rendered":"<div class=\"page\" title=\"Page 6\">\n<div class=\"layoutArea\">\n<div class=\"column\">\n<h3>Programme contour des yeux CHOLLEY &#8211; R\u00e9f. 732V<\/h3>\n<p>Le programme CHOLLEY pour le contour des yeux a \u00e9t\u00e9 sp\u00e9cialement con\u00e7u comme un traitement intensif et localis\u00e9, avec trois objectifs principaux :<\/p>\n<ul>\n<li>R\u00e9duction des rides et ridules<\/li>\n<li>Att\u00e9nuer les cernes<\/li>\n<li>Soulager les gonflements et la congestion<\/li>\n<\/ul>\n<p>&nbsp;<\/p>\n<p>AVANTAGES:<\/p>\n<ul>\n<li>Action liftante anti-rides intense<\/li>\n<li>Action \u00e9claircissante et harmonisante de la peau pour r\u00e9duire les cernes sous les yeux.<\/li>\n<li>Action \u00e9lastifiante, fortifiante et hydratante.<\/li>\n<\/ul>\n<p>&nbsp;<\/p>\n<p>Le programme CHOLLEY Contour des yeux offre d&rsquo;excellents r\u00e9sultats. Il est facile \u00e0 utiliser et efficace sur les peaux masculines et f\u00e9minines de tous \u00e2ges.<\/p>\n<p>Contient des extraits de pamplemousse.<\/p>\n<\/div>\n<\/div>\n<\/div>\n","protected":false},"featured_media":4579,"comment_status":"closed","ping_status":"open","template":"","meta":{"_acf_changed":false,"_seopress_robots_primary_cat":"none","_seopress_titles_title":"Le programme CHOLLEY Eye Contour est sp\u00e9cialement con\u00e7u comme un traitement localis\u00e9 intensif ayant trois objectifs principaux","_seopress_titles_desc":"R\u00e9duire les rides et les ridules,\nAtt\u00e9nuer les cernes et\nSoulager les gonflements et la congestion","_seopress_robots_index":""},"product_brand":[],"product_cat":[178,152],"product_tag":[],"class_list":{"0":"post-4669","1":"product","2":"type-product","3":"status-publish","4":"has-post-thumbnail","6":"product_cat-cholley-fr","7":"product_cat-produits-de-beaute","8":"pa_contenuto-kit-fr-2","10":"first","11":"instock","12":"featured","13":"shipping-taxable","14":"purchasable","15":"product-type-simple"},"acf":[],"_links":{"self":[{"href":"https:\/\/farmaciadellago.ch\/fr\/wp-json\/wp\/v2\/product\/4669","targetHints":{"allow":["GET"]}}],"collection":[{"href":"https:\/\/farmaciadellago.ch\/fr\/wp-json\/wp\/v2\/product"}],"about":[{"href":"https:\/\/farmaciadellago.ch\/fr\/wp-json\/wp\/v2\/types\/product"}],"replies":[{"embeddable":true,"href":"https:\/\/farmaciadellago.ch\/fr\/wp-json\/wp\/v2\/comments?post=4669"}],"wp:featuredmedia":[{"embeddable":true,"href":"https:\/\/farmaciadellago.ch\/fr\/wp-json\/wp\/v2\/media\/4579"}],"wp:attachment":[{"href":"https:\/\/farmaciadellago.ch\/fr\/wp-json\/wp\/v2\/media?parent=4669"}],"wp:term":[{"taxonomy":"product_brand","embeddable":true,"href":"https:\/\/farmaciadellago.ch\/fr\/wp-json\/wp\/v2\/product_brand?post=4669"},{"taxonomy":"product_cat","embeddable":true,"href":"https:\/\/farmaciadellago.ch\/fr\/wp-json\/wp\/v2\/product_cat?post=4669"},{"taxonomy":"product_tag","embeddable":true,"href":"https:\/\/farmaciadellago.ch\/fr\/wp-json\/wp\/v2\/product_tag?post=4669"}],"curies":[{"name":"wp","href":"https:\/\/api.w.org\/{rel}","templated":true}]}}