{"id":4684,"date":"2021-10-01T10:35:11","date_gmt":"2021-10-26T08:50:17","guid":{"rendered":"https:\/\/farmaciadellago.ch\/prodotto\/cholley-edelweiss-creme-spf20\/"},"modified":"2023-05-26T16:01:30","modified_gmt":"2023-05-26T14:01:30","slug":"cholley-edelweiss-creme-spf20","status":"publish","type":"product","link":"https:\/\/farmaciadellago.ch\/fr\/prodotto\/cholley-edelweiss-creme-spf20\/","title":{"rendered":"Cr\u00e8me de protection solaire pour le visage et le cou"},"content":{"rendered":"","protected":false},"excerpt":{"rendered":"<div class=\"page\" title=\"Page 5\">\n<div class=\"section\">\n<div class=\"layoutArea\">\n<div class=\"column\">\n<h3>CHOLLEY Cr\u00e8me Edelweiss &#8211; Ref. 725V<\/h3>\n<p>Cr\u00e8me exclusive issue de la recherche suisse la plus avanc\u00e9e dans le domaine de la dermocosm\u00e9tique, \u00e0 la texture douce et au parfum s\u00e9duisant, indispensable pour bien commencer la journ\u00e9e. Il prot\u00e8ge la peau des rayons UVA et UVB et exerce une action anti-\u00e2ge et antioxydante contre les polluants et les radicaux libres.<\/p>\n<p>AVANTAGES:<\/p>\n<ul>\n<li>Protection UVA et UVB<em> test\u00e9e<\/em> cliniquement<em> et dermatologiquement <\/em>(SPF 20)<\/li>\n<li>Action antioxydante et anti-\u00e2ge<\/li>\n<li>Aide \u00e0 r\u00e9duire les rides et les signes du vieillissement.<\/li>\n<li>Action hydratante et \u00e9molliente pour pr\u00e9server l&rsquo;\u00e9quilibre hydrolipidique de la peau.<\/li>\n<\/ul>\n<\/div>\n<\/div>\n<\/div>\n<\/div>\n","protected":false},"featured_media":4563,"comment_status":"open","ping_status":"open","template":"","meta":{"_acf_changed":false,"_seopress_robots_primary_cat":"none","_seopress_titles_title":"CHOLLEY Edelweiss Cream - Ref, avec sa texture douce et son parfum s\u00e9duisant, indispensable pour commencer la journ\u00e9e.","_seopress_titles_desc":"Il prot\u00e8ge la peau des rayons UVA et UVB et exerce une action anti-\u00e2ge et antioxydante contre les polluants et les radicaux libres.","_seopress_robots_index":""},"product_brand":[],"product_cat":[178,152],"product_tag":[],"class_list":{"0":"post-4684","1":"product","2":"type-product","3":"status-publish","4":"has-post-thumbnail","6":"product_cat-cholley-fr","7":"product_cat-produits-de-beaute","8":"pa_contenuto-50-ml-fr","10":"first","11":"instock","12":"shipping-taxable","13":"purchasable","14":"product-type-simple"},"acf":[],"_links":{"self":[{"href":"https:\/\/farmaciadellago.ch\/fr\/wp-json\/wp\/v2\/product\/4684","targetHints":{"allow":["GET"]}}],"collection":[{"href":"https:\/\/farmaciadellago.ch\/fr\/wp-json\/wp\/v2\/product"}],"about":[{"href":"https:\/\/farmaciadellago.ch\/fr\/wp-json\/wp\/v2\/types\/product"}],"replies":[{"embeddable":true,"href":"https:\/\/farmaciadellago.ch\/fr\/wp-json\/wp\/v2\/comments?post=4684"}],"wp:featuredmedia":[{"embeddable":true,"href":"https:\/\/farmaciadellago.ch\/fr\/wp-json\/wp\/v2\/media\/4563"}],"wp:attachment":[{"href":"https:\/\/farmaciadellago.ch\/fr\/wp-json\/wp\/v2\/media?parent=4684"}],"wp:term":[{"taxonomy":"product_brand","embeddable":true,"href":"https:\/\/farmaciadellago.ch\/fr\/wp-json\/wp\/v2\/product_brand?post=4684"},{"taxonomy":"product_cat","embeddable":true,"href":"https:\/\/farmaciadellago.ch\/fr\/wp-json\/wp\/v2\/product_cat?post=4684"},{"taxonomy":"product_tag","embeddable":true,"href":"https:\/\/farmaciadellago.ch\/fr\/wp-json\/wp\/v2\/product_tag?post=4684"}],"curies":[{"name":"wp","href":"https:\/\/api.w.org\/{rel}","templated":true}]}}