{"id":4685,"date":"2021-10-01T11:07:49","date_gmt":"2021-10-26T08:50:17","guid":{"rendered":"https:\/\/farmaciadellago.ch\/prodotto\/cholley-prime-anti-age\/"},"modified":"2022-11-22T16:13:57","modified_gmt":"2022-11-22T15:13:57","slug":"cholley-prime-anti-age","status":"publish","type":"product","link":"https:\/\/farmaciadellago.ch\/fr\/prodotto\/cholley-prime-anti-age\/","title":{"rendered":"Masque r\u00e9parateur pour les peaux stress\u00e9es"},"content":{"rendered":"","protected":false},"excerpt":{"rendered":"<div class=\"wpb_text_column wpb_content_element \">\n<div class=\"wpb_wrapper\">\n<h3>Masque r\u00e9parateur pour la peau de CHOLLEY &#8211; Ref. 735V<\/h3>\n<p>Un excellent masque apaisant, normalisant, hydratant et anti-\u00e2ge pour le visage, le cou et le d\u00e9collet\u00e9. CHOLLEY Skin Repair Mask soulage les rougeurs et l&rsquo;inconfort de l&rsquo;exposition au soleil et aide \u00e0 acc\u00e9l\u00e9rer le processus de gu\u00e9rison. C&rsquo;est une cr\u00e8me protectrice id\u00e9ale de jour et de nuit, ainsi qu&rsquo;un masque anti-\u00e2ge pour le traitement professionnel des peaux stress\u00e9es ou ab\u00eem\u00e9es. Vous pouvez \u00e9galement en savoir plus sur nos autres cr\u00e8mes r\u00e9paratrices pour la peau.<\/p>\n<p>AVANTAGES:<\/p>\n<ul>\n<li>Action apaisante, d\u00e9congestionnante et normalisante pour soulager les irritations\/rougeurs.<\/li>\n<li>Action anti-rides et antioxydante<\/li>\n<li>Action \u00e9molliente et hydratante<\/li>\n<li>Conservation sans paraben<\/li>\n<\/ul>\n<\/div><\/div>\n<div class=\"wpb_accordion wpb_content_element not-column-inherit\" data-collapsible=\"\" data-vc-disable-keydown=\"false\" data-active-tab=\"1\">\n<div class=\"wpb_wrapper wpb_accordion_wrapper ui-accordion ui-widget ui-helper-reset\" role=\"tablist\">\n<div class=\"wpb_accordion_section group\">\n<h3 id=\"ui-id-1\" class=\"wpb_accordion_header ui-accordion-header ui-corner-top ui-state-default ui-accordion-header-active ui-state-active ui-accordion-icons\" role=\"tab\"><\/h3>\n<\/p><\/div>\n<\/p><\/div>\n<\/p><\/div>\n","protected":false},"featured_media":4583,"comment_status":"open","ping_status":"open","template":"","meta":{"_acf_changed":false,"_seopress_robots_primary_cat":"none","_seopress_titles_title":"","_seopress_titles_desc":"","_seopress_robots_index":""},"product_brand":[],"product_cat":[178,152],"product_tag":[],"class_list":{"0":"post-4685","1":"product","2":"type-product","3":"status-publish","4":"has-post-thumbnail","6":"product_cat-cholley-fr","7":"product_cat-produits-de-beaute","8":"pa_contenuto-50-ml-fr","10":"first","11":"instock","12":"shipping-taxable","13":"purchasable","14":"product-type-simple"},"acf":[],"_links":{"self":[{"href":"https:\/\/farmaciadellago.ch\/fr\/wp-json\/wp\/v2\/product\/4685","targetHints":{"allow":["GET"]}}],"collection":[{"href":"https:\/\/farmaciadellago.ch\/fr\/wp-json\/wp\/v2\/product"}],"about":[{"href":"https:\/\/farmaciadellago.ch\/fr\/wp-json\/wp\/v2\/types\/product"}],"replies":[{"embeddable":true,"href":"https:\/\/farmaciadellago.ch\/fr\/wp-json\/wp\/v2\/comments?post=4685"}],"wp:featuredmedia":[{"embeddable":true,"href":"https:\/\/farmaciadellago.ch\/fr\/wp-json\/wp\/v2\/media\/4583"}],"wp:attachment":[{"href":"https:\/\/farmaciadellago.ch\/fr\/wp-json\/wp\/v2\/media?parent=4685"}],"wp:term":[{"taxonomy":"product_brand","embeddable":true,"href":"https:\/\/farmaciadellago.ch\/fr\/wp-json\/wp\/v2\/product_brand?post=4685"},{"taxonomy":"product_cat","embeddable":true,"href":"https:\/\/farmaciadellago.ch\/fr\/wp-json\/wp\/v2\/product_cat?post=4685"},{"taxonomy":"product_tag","embeddable":true,"href":"https:\/\/farmaciadellago.ch\/fr\/wp-json\/wp\/v2\/product_tag?post=4685"}],"curies":[{"name":"wp","href":"https:\/\/api.w.org\/{rel}","templated":true}]}}