{"id":4690,"date":"2021-10-01T10:32:27","date_gmt":"2021-10-26T08:50:20","guid":{"rendered":"https:\/\/farmaciadellago.ch\/prodotto\/exfoliant-phyto-peeling-cholley\/"},"modified":"2023-05-26T16:04:56","modified_gmt":"2023-05-26T14:04:56","slug":"718v","status":"publish","type":"product","link":"https:\/\/farmaciadellago.ch\/fr\/prodotto\/718v\/","title":{"rendered":"Masque pour le visage exfoliant et purifiant"},"content":{"rendered":"","protected":false},"excerpt":{"rendered":"<h3>CHOLLEY Phyto-Exfoliant Suractiv\u00e9 &#8211; Ref. 718V<\/h3>\n<p>CHOLLEY Phyto-Exfoliant Suractiv\u00e9e est un masque visage exfoliant nettoyant en profondeur, \u00e0 l&rsquo;action purifiante d&rsquo;une microdermabrasion. Il utilise la synergie de min\u00e9raux micro-sph\u00e9riques et de phytoextraits s\u00e9lectionn\u00e9s, pour purifier intens\u00e9ment et profond\u00e9ment la peau et pr\u00e9venir l&rsquo;oxydation caus\u00e9e par les radicaux libres.<\/p>\n<p>AVANTAGES:<\/p>\n<ul>\n<li>Action exfoliante et harmonisante intense sur la peau<\/li>\n<li>Action purifiante et antioxydante pour nettoyer en profondeur les pores et les follicules pileux.<\/li>\n<li>Action conditionnante et \u00e9molliente sur la peau<\/li>\n<li>Action hydratante et \u00e9molliente<\/li>\n<\/ul>\n","protected":false},"featured_media":4555,"comment_status":"closed","ping_status":"open","template":"","meta":{"_acf_changed":false,"_seopress_robots_primary_cat":"none","_seopress_titles_title":"CHOLLEY Phyto-Exfoliant Suractiv\u00e9e est un masque exfoliant pour le visage qui nettoie en profondeur.","_seopress_titles_desc":"Il utilise la synergie de min\u00e9raux micro-sph\u00e9riques et de phytoextraits s\u00e9lectionn\u00e9s, pour purifier intens\u00e9ment et profond\u00e9ment la peau et pr\u00e9venir l'oxydation caus\u00e9e par les radicaux libres.","_seopress_robots_index":""},"product_brand":[],"product_cat":[178,152],"product_tag":[],"class_list":{"0":"post-4690","1":"product","2":"type-product","3":"status-publish","4":"has-post-thumbnail","6":"product_cat-cholley-fr","7":"product_cat-produits-de-beaute","9":"first","10":"instock","11":"shipping-taxable","12":"purchasable","13":"product-type-simple"},"acf":[],"_links":{"self":[{"href":"https:\/\/farmaciadellago.ch\/fr\/wp-json\/wp\/v2\/product\/4690","targetHints":{"allow":["GET"]}}],"collection":[{"href":"https:\/\/farmaciadellago.ch\/fr\/wp-json\/wp\/v2\/product"}],"about":[{"href":"https:\/\/farmaciadellago.ch\/fr\/wp-json\/wp\/v2\/types\/product"}],"replies":[{"embeddable":true,"href":"https:\/\/farmaciadellago.ch\/fr\/wp-json\/wp\/v2\/comments?post=4690"}],"wp:featuredmedia":[{"embeddable":true,"href":"https:\/\/farmaciadellago.ch\/fr\/wp-json\/wp\/v2\/media\/4555"}],"wp:attachment":[{"href":"https:\/\/farmaciadellago.ch\/fr\/wp-json\/wp\/v2\/media?parent=4690"}],"wp:term":[{"taxonomy":"product_brand","embeddable":true,"href":"https:\/\/farmaciadellago.ch\/fr\/wp-json\/wp\/v2\/product_brand?post=4690"},{"taxonomy":"product_cat","embeddable":true,"href":"https:\/\/farmaciadellago.ch\/fr\/wp-json\/wp\/v2\/product_cat?post=4690"},{"taxonomy":"product_tag","embeddable":true,"href":"https:\/\/farmaciadellago.ch\/fr\/wp-json\/wp\/v2\/product_tag?post=4690"}],"curies":[{"name":"wp","href":"https:\/\/api.w.org\/{rel}","templated":true}]}}