{"id":4712,"date":"2021-10-01T10:21:01","date_gmt":"2021-10-26T08:50:28","guid":{"rendered":"https:\/\/farmaciadellago.ch\/prodotto\/cholley-creme-ultra-concentree\/"},"modified":"2022-11-22T16:14:32","modified_gmt":"2022-11-22T15:14:32","slug":"cholley-cream-ultra-concentree","status":"publish","type":"product","link":"https:\/\/farmaciadellago.ch\/fr\/prodotto\/cholley-cream-ultra-concentree\/","title":{"rendered":"Cr\u00e8me visage super hydratante \u00e0 l&rsquo;acide hyaluronique"},"content":{"rendered":"","protected":false},"excerpt":{"rendered":"<div class=\"page\" title=\"Page 4\">\n<div class=\"section\">\n<div class=\"layoutArea\">\n<div class=\"column\">\n<h3>CHOLLEY Cr\u00e8me Ultra Concentr\u00e9e &#8211; R\u00e9f. 704V<\/h3>\n<p>Au fur et \u00e0 mesure que la peau m\u00fbrit, sa capacit\u00e9 \u00e0 retenir l&rsquo;humidit\u00e9 diminue progressivement, et elle a besoin de plus en plus d&rsquo;hydratation et d&rsquo;\u00e9mollients pour conserver sa souplesse et retarder la formation des rides.<\/p>\n<p>Il est \u00e9galement essentiel de nourrir efficacement les cellules fibroblastes pour assurer un niveau ad\u00e9quat de production de nouvelles fibres de collag\u00e8ne et d&rsquo;acide hyaluronique. Cette cr\u00e8me est sp\u00e9cialement formul\u00e9e pour ces besoins. Prot\u00e8ge, \u00e9nergise et rajeunit la peau.<\/p>\n<p>Cr\u00e8me anti-\u00e2ge double fonction, \u00e0 la texture riche et \u00e9l\u00e9gante pour les peaux extr\u00eamement s\u00e8ches. Fournit une fine barri\u00e8re protectrice contre le vent et le froid, retenant l&rsquo;humidit\u00e9.<\/p>\n<p>AVANTAGES:<\/p>\n<ul>\n<li>Action anti-\u00e2ge en ralentissant l&rsquo;affaiblissement des fibres de collag\u00e8ne<\/li>\n<li>Stimule la production de nouvelles cellules et de prot\u00e9ines utilis\u00e9es dans la construction de nouvelles fibres de collag\u00e8ne.<\/li>\n<li>Action hydratante-\u00e9molliente intense pour r\u00e9tablir l&rsquo;\u00e9quilibre hydrolipidique de l&rsquo;\u00e9piderme et soulager les tensions.<\/li>\n<li>Fournit une barri\u00e8re protectrice pour la peau contre le vent et le froid<\/li>\n<\/ul>\n<\/div><\/div>\n<\/p><\/div>\n<\/p><\/div>\n","protected":false},"featured_media":4531,"comment_status":"closed","ping_status":"open","template":"","meta":{"_acf_changed":false,"_seopress_robots_primary_cat":"none","_seopress_titles_title":"","_seopress_titles_desc":"","_seopress_robots_index":""},"product_brand":[],"product_cat":[178,152],"product_tag":[],"class_list":{"0":"post-4712","1":"product","2":"type-product","3":"status-publish","4":"has-post-thumbnail","6":"product_cat-cholley-fr","7":"product_cat-produits-de-beaute","8":"pa_contenuto-50-ml-fr","10":"first","11":"instock","12":"shipping-taxable","13":"purchasable","14":"product-type-simple"},"acf":[],"_links":{"self":[{"href":"https:\/\/farmaciadellago.ch\/fr\/wp-json\/wp\/v2\/product\/4712","targetHints":{"allow":["GET"]}}],"collection":[{"href":"https:\/\/farmaciadellago.ch\/fr\/wp-json\/wp\/v2\/product"}],"about":[{"href":"https:\/\/farmaciadellago.ch\/fr\/wp-json\/wp\/v2\/types\/product"}],"replies":[{"embeddable":true,"href":"https:\/\/farmaciadellago.ch\/fr\/wp-json\/wp\/v2\/comments?post=4712"}],"wp:featuredmedia":[{"embeddable":true,"href":"https:\/\/farmaciadellago.ch\/fr\/wp-json\/wp\/v2\/media\/4531"}],"wp:attachment":[{"href":"https:\/\/farmaciadellago.ch\/fr\/wp-json\/wp\/v2\/media?parent=4712"}],"wp:term":[{"taxonomy":"product_brand","embeddable":true,"href":"https:\/\/farmaciadellago.ch\/fr\/wp-json\/wp\/v2\/product_brand?post=4712"},{"taxonomy":"product_cat","embeddable":true,"href":"https:\/\/farmaciadellago.ch\/fr\/wp-json\/wp\/v2\/product_cat?post=4712"},{"taxonomy":"product_tag","embeddable":true,"href":"https:\/\/farmaciadellago.ch\/fr\/wp-json\/wp\/v2\/product_tag?post=4712"}],"curies":[{"name":"wp","href":"https:\/\/api.w.org\/{rel}","templated":true}]}}