{"id":4717,"date":"2021-10-01T10:25:07","date_gmt":"2021-10-01T08:25:07","guid":{"rendered":"https:\/\/farmaciadellago.ch\/prodotto\/cholley-nutrisysteme-24-heures\/"},"modified":"2022-11-22T16:14:21","modified_gmt":"2022-11-22T15:14:21","slug":"cholley-nutrisysteme-24-heures","status":"publish","type":"product","link":"https:\/\/farmaciadellago.ch\/fr\/prodotto\/cholley-nutrisysteme-24-heures\/","title":{"rendered":"Cr\u00e8me hydratante et nourrissante pour le visage"},"content":{"rendered":"","protected":false},"excerpt":{"rendered":"<div class=\"page\" title=\"Page 4\">\n<div class=\"section\">\n<div class=\"layoutArea\">\n<div class=\"column\">\n<h3>CHOLLEY Cr\u00e8me Nutrisyst\u00e8me 24 Heures &#8211; Ref. 709V<\/h3>\n<p>Si vous voulez une cr\u00e8me jour-nuit unique, la voici ! Enrichi en micronutriments et en agents hydratants qui agissent 24h\/24, ce produit garantit un niveau constant d&rsquo;hydratation et d&rsquo;\u00e9nergie pour toutes les fonctions m\u00e9taboliques et r\u00e9g\u00e9n\u00e9ratrices de l&rsquo;\u00e9piderme. Il apporte juste la bonne quantit\u00e9 d&rsquo;\u00e9mollients pour rendre la peau douce.<\/p>\n<p>AVANTAGES:<\/p>\n<ul>\n<li>Action \u00e9molliente et hydratante intense pour am\u00e9liorer la texture et l&rsquo;\u00e9quilibre hydrolipidique de la peau.<\/li>\n<li>Donne \u00e0 la peau une sensation douce et velout\u00e9e.<\/li>\n<li>Action anti-rides et antioxydante<\/li>\n<li>Action tonifiante et revigorante pour augmenter la vitalit\u00e9 et la fermet\u00e9 de la peau.<\/li>\n<li>Fournit une base mate et lisse, id\u00e9ale pour l&rsquo;application du maquillage.<\/li>\n<\/ul>\n<\/div><\/div>\n<\/p><\/div>\n<\/p><\/div>\n","protected":false},"featured_media":4539,"comment_status":"closed","ping_status":"closed","template":"","meta":{"_acf_changed":false,"_seopress_robots_primary_cat":"none","_seopress_titles_title":"","_seopress_titles_desc":"","_seopress_robots_index":""},"product_brand":[],"product_cat":[178,152],"product_tag":[],"class_list":{"0":"post-4717","1":"product","2":"type-product","3":"status-publish","4":"has-post-thumbnail","6":"product_cat-cholley-fr","7":"product_cat-produits-de-beaute","8":"pa_contenuto-50-ml-fr","10":"first","11":"instock","12":"shipping-taxable","13":"purchasable","14":"product-type-simple"},"acf":[],"_links":{"self":[{"href":"https:\/\/farmaciadellago.ch\/fr\/wp-json\/wp\/v2\/product\/4717","targetHints":{"allow":["GET"]}}],"collection":[{"href":"https:\/\/farmaciadellago.ch\/fr\/wp-json\/wp\/v2\/product"}],"about":[{"href":"https:\/\/farmaciadellago.ch\/fr\/wp-json\/wp\/v2\/types\/product"}],"replies":[{"embeddable":true,"href":"https:\/\/farmaciadellago.ch\/fr\/wp-json\/wp\/v2\/comments?post=4717"}],"wp:featuredmedia":[{"embeddable":true,"href":"https:\/\/farmaciadellago.ch\/fr\/wp-json\/wp\/v2\/media\/4539"}],"wp:attachment":[{"href":"https:\/\/farmaciadellago.ch\/fr\/wp-json\/wp\/v2\/media?parent=4717"}],"wp:term":[{"taxonomy":"product_brand","embeddable":true,"href":"https:\/\/farmaciadellago.ch\/fr\/wp-json\/wp\/v2\/product_brand?post=4717"},{"taxonomy":"product_cat","embeddable":true,"href":"https:\/\/farmaciadellago.ch\/fr\/wp-json\/wp\/v2\/product_cat?post=4717"},{"taxonomy":"product_tag","embeddable":true,"href":"https:\/\/farmaciadellago.ch\/fr\/wp-json\/wp\/v2\/product_tag?post=4717"}],"curies":[{"name":"wp","href":"https:\/\/api.w.org\/{rel}","templated":true}]}}