{"id":4732,"date":"2021-10-01T10:15:52","date_gmt":"2021-10-26T08:50:30","guid":{"rendered":"https:\/\/farmaciadellago.ch\/prodotto\/emulsion-phyto-cholley\/"},"modified":"2024-11-20T16:58:35","modified_gmt":"2024-11-20T15:58:35","slug":"cholley-phyto-emulsion","status":"publish","type":"product","link":"https:\/\/farmaciadellago.ch\/fr\/prodotto\/cholley-phyto-emulsion\/","title":{"rendered":"Cr\u00e8me anti-\u00e2ge et \u00e9claircissante pour les peaux grasses"},"content":{"rendered":"","protected":false},"excerpt":{"rendered":"<div class=\"page\" title=\"Page 4\">\n<div class=\"section\">\n<div class=\"layoutArea\">\n<div class=\"column\">\n<p>Cr\u00e8me fluide \u00e9molliente intens\u00e9ment hydratante \u00e0 effet \u00e9claircissant qui adoucit la peau et renouvelle son \u00e9clat et son \u00e9nergie. Il augmente la r\u00e9sistance naturelle de la peau et renforce son effet barri\u00e8re contre l&rsquo;oxydation provoqu\u00e9e par les radicaux libres. Il peut \u00eatre utilis\u00e9 quotidiennement pour ralentir le processus de vieillissement et pr\u00e9venir la perte de fermet\u00e9 et d&rsquo;\u00e9lasticit\u00e9.<\/p>\n<p>AVANTAGES:<\/p>\n<ul>\n<li>Action intens\u00e9ment \u00e9molliente et hydratante pour une peau douce, lisse et souple.<\/li>\n<li>Action astringente pour am\u00e9liorer la fermet\u00e9 et le compactage des tissus<\/li>\n<li>Apaise la peau et stimule la production de nouvelles fibres de collag\u00e8ne.<\/li>\n<\/ul>\n<\/div>\n<\/div>\n<\/div>\n<\/div>\n","protected":false},"featured_media":7526,"comment_status":"open","ping_status":"open","template":"","meta":{"_acf_changed":false,"_seopress_robots_primary_cat":"none","_seopress_titles_title":"Cr\u00e8me anti-\u00e2ge et \u00e9claircissante pour les peaux grasses","_seopress_titles_desc":"Cr\u00e8me fluide \u00e9molliente intens\u00e9ment hydratante \u00e0 effet \u00e9claircissant qui adoucit la peau et renouvelle son \u00e9clat et son \u00e9nergie.","_seopress_robots_index":""},"product_brand":[],"product_cat":[178,152],"product_tag":[],"class_list":{"0":"post-4732","1":"product","2":"type-product","3":"status-publish","4":"has-post-thumbnail","6":"product_cat-cholley-fr","7":"product_cat-produits-de-beaute","8":"pa_contenuto-125-ml-fr","10":"first","11":"instock","12":"shipping-taxable","13":"purchasable","14":"product-type-simple"},"acf":[],"_links":{"self":[{"href":"https:\/\/farmaciadellago.ch\/fr\/wp-json\/wp\/v2\/product\/4732","targetHints":{"allow":["GET"]}}],"collection":[{"href":"https:\/\/farmaciadellago.ch\/fr\/wp-json\/wp\/v2\/product"}],"about":[{"href":"https:\/\/farmaciadellago.ch\/fr\/wp-json\/wp\/v2\/types\/product"}],"replies":[{"embeddable":true,"href":"https:\/\/farmaciadellago.ch\/fr\/wp-json\/wp\/v2\/comments?post=4732"}],"wp:featuredmedia":[{"embeddable":true,"href":"https:\/\/farmaciadellago.ch\/fr\/wp-json\/wp\/v2\/media\/7526"}],"wp:attachment":[{"href":"https:\/\/farmaciadellago.ch\/fr\/wp-json\/wp\/v2\/media?parent=4732"}],"wp:term":[{"taxonomy":"product_brand","embeddable":true,"href":"https:\/\/farmaciadellago.ch\/fr\/wp-json\/wp\/v2\/product_brand?post=4732"},{"taxonomy":"product_cat","embeddable":true,"href":"https:\/\/farmaciadellago.ch\/fr\/wp-json\/wp\/v2\/product_cat?post=4732"},{"taxonomy":"product_tag","embeddable":true,"href":"https:\/\/farmaciadellago.ch\/fr\/wp-json\/wp\/v2\/product_tag?post=4732"}],"curies":[{"name":"wp","href":"https:\/\/api.w.org\/{rel}","templated":true}]}}