{"id":4748,"date":"2021-10-01T09:31:06","date_gmt":"2021-10-26T08:50:39","guid":{"rendered":"https:\/\/farmaciadellago.ch\/prodotto\/bioclean-stop-imperfections\/"},"modified":"2022-11-18T16:07:47","modified_gmt":"2022-11-18T15:07:47","slug":"bioclean-stop-imperfections","status":"publish","type":"product","link":"https:\/\/farmaciadellago.ch\/fr\/prodotto\/bioclean-stop-imperfections\/","title":{"rendered":"Cr\u00e8me pour le traitement des boutons et des points noirs"},"content":{"rendered":"","protected":false},"excerpt":{"rendered":"<div class=\"page\" title=\"Page 7\">\n<div class=\"layoutArea\">\n<div class=\"column\">\n<p>Cr\u00e8me intens\u00e9ment purifiante pour le traitement local des boutons et points noirs. Il purifie les pores et les follicules pileux en minimisant la pr\u00e9sence de bact\u00e9ries et d&rsquo;impuret\u00e9s pouvant conduire \u00e0 la formation d&rsquo;acn\u00e9. Il apaise la peau et aide \u00e0 ass\u00e9cher le pus ou les autres s\u00e9cr\u00e9tions qui provoquent des inflammations et des rougeurs.<\/p>\n<\/div>\n<p>AVANTAGES:<\/p>\n<ul>\n<li><span>Action antiseptique et purifiante pour minimiser la pr\u00e9sence bact\u00e9rienne<\/span><\/li>\n<li><span>Dessiccants pour s\u00e9cher le pus et les impuret\u00e9s<\/span><\/li>\n<li><span>Agents apaisants et anti-inflammatoires pour soulager les rougeurs et les irritations.<\/span><\/li>\n<li><span>Action adoucissante pour la peau<\/span><\/li>\n<\/ul>\n<\/div><\/div>\n","protected":false},"featured_media":4483,"comment_status":"open","ping_status":"open","template":"","meta":{"_acf_changed":false,"_seopress_robots_primary_cat":"none","_seopress_titles_title":"","_seopress_titles_desc":"","_seopress_robots_index":""},"product_brand":[],"product_cat":[179,152],"product_tag":[],"class_list":{"0":"post-4748","1":"product","2":"type-product","3":"status-publish","4":"has-post-thumbnail","6":"product_cat-bioclean-fr","7":"product_cat-produits-de-beaute","8":"pa_contenuto-15-ml-fr","10":"first","11":"instock","12":"featured","13":"shipping-taxable","14":"purchasable","15":"product-type-simple"},"acf":[],"_links":{"self":[{"href":"https:\/\/farmaciadellago.ch\/fr\/wp-json\/wp\/v2\/product\/4748","targetHints":{"allow":["GET"]}}],"collection":[{"href":"https:\/\/farmaciadellago.ch\/fr\/wp-json\/wp\/v2\/product"}],"about":[{"href":"https:\/\/farmaciadellago.ch\/fr\/wp-json\/wp\/v2\/types\/product"}],"replies":[{"embeddable":true,"href":"https:\/\/farmaciadellago.ch\/fr\/wp-json\/wp\/v2\/comments?post=4748"}],"wp:featuredmedia":[{"embeddable":true,"href":"https:\/\/farmaciadellago.ch\/fr\/wp-json\/wp\/v2\/media\/4483"}],"wp:attachment":[{"href":"https:\/\/farmaciadellago.ch\/fr\/wp-json\/wp\/v2\/media?parent=4748"}],"wp:term":[{"taxonomy":"product_brand","embeddable":true,"href":"https:\/\/farmaciadellago.ch\/fr\/wp-json\/wp\/v2\/product_brand?post=4748"},{"taxonomy":"product_cat","embeddable":true,"href":"https:\/\/farmaciadellago.ch\/fr\/wp-json\/wp\/v2\/product_cat?post=4748"},{"taxonomy":"product_tag","embeddable":true,"href":"https:\/\/farmaciadellago.ch\/fr\/wp-json\/wp\/v2\/product_tag?post=4748"}],"curies":[{"name":"wp","href":"https:\/\/api.w.org\/{rel}","templated":true}]}}