{"id":4758,"date":"2021-10-25T15:03:18","date_gmt":"2021-10-26T08:50:40","guid":{"rendered":"https:\/\/farmaciadellago.ch\/prodotto\/chariot-serum-blanchiment-intense-puissant-anti-taches\/"},"modified":"2023-05-26T15:19:54","modified_gmt":"2023-05-26T13:19:54","slug":"cholley-intense-blanchissant-puissant-serum-anti-taches-de-vieillissement","status":"publish","type":"product","link":"https:\/\/farmaciadellago.ch\/fr\/prodotto\/cholley-intense-blanchissant-puissant-serum-anti-taches-de-vieillissement\/","title":{"rendered":"Bo\u00eete de blanchiment suisse"},"content":{"rendered":"","protected":false},"excerpt":{"rendered":"<h3><span style=\"color: #000000;\">  CHOLLEY Bo\u00eete suisse pour blanchir la peau &#8211; Ref. 1000C2V<\/span><\/h3>\n<p>Un coffret CHOLLEY Swiss Whitening exclusif qui comprend le S\u00e9rum CHOLLEY Phytocell Whitintense, le S\u00e9rum Super Premium \u00e0 l&rsquo;action \u00e9claircissante intense pour la peau du visage, du cou et du d\u00e9collet\u00e9 et l&rsquo;Harmoniseur Phytocell CHOLLEY, le S\u00e9rum Super Premium \u00e0 l&rsquo;action blanchissante puissante sur les taches de vieillesse et taches brunes localis\u00e9es.<br \/>\nTest\u00e9 dermatologiquement et cliniquement.<\/p>\n<p>AVANTAGES:<\/p>\n<ul>\n<li>Action de blanchiment intense de la peau obtenue en emp\u00eachant la maturation de la m\u00e9lanine.<\/li>\n<li>Entrave la production de m\u00e9lanine en bloquant l&rsquo;hormone MSH.<\/li>\n<li>Stimule le m\u00e9tabolisme cellulaire<\/li>\n<li>Action antioxydante protectrice<\/li>\n<li>Action harmonisante, hydratante et \u00e9molliente.<\/li>\n<li>Action r\u00e9g\u00e9n\u00e9rante, conditionnante et r\u00e9paratrice de la peau<\/li>\n<li>Ralentit le processus de photovieillissement en augmentant la r\u00e9sistance de la peau au stress oxydatif des UV.<\/li>\n<\/ul>\n<p>&nbsp;<\/p>\n<p>Pour combattre l&rsquo;hyperpigmentation (taches de vieillesse, taches fonc\u00e9es ou m\u00e9lasma), appliquez le Phytocell Harmoniser de CHOLLEY sur les zones hyperpigment\u00e9es localis\u00e9es du visage, du cou et du d\u00e9collet\u00e9, matin et soir, apr\u00e8s un nettoyage complet <em>.<\/em><\/p>\n","protected":false},"featured_media":4611,"comment_status":"open","ping_status":"open","template":"","meta":{"_acf_changed":false,"_seopress_robots_primary_cat":"none","_seopress_titles_title":"CHOLLEY Swiss Whitening Box comprenant CHOLLEY Phytocell Whitintense Serum","_seopress_titles_desc":"le S\u00e9rum Super Premium \u00e0 l'action blanchissante intense pour la peau du visage, du cou et du d\u00e9collet\u00e9 et CHOLLEY Phytocell Harmonizer, le S\u00e9rum Super Premium \u00e0 l'action blanchissante puissante sur les taches de vieillesse et les taches sombres localis\u00e9es.","_seopress_robots_index":""},"product_brand":[],"product_cat":[159,152],"product_tag":[],"class_list":{"0":"post-4758","1":"product","2":"type-product","3":"status-publish","4":"has-post-thumbnail","6":"product_cat-phytocellule","7":"product_cat-produits-de-beaute","9":"first","10":"instock","11":"shipping-taxable","12":"purchasable","13":"product-type-simple"},"acf":[],"_links":{"self":[{"href":"https:\/\/farmaciadellago.ch\/fr\/wp-json\/wp\/v2\/product\/4758","targetHints":{"allow":["GET"]}}],"collection":[{"href":"https:\/\/farmaciadellago.ch\/fr\/wp-json\/wp\/v2\/product"}],"about":[{"href":"https:\/\/farmaciadellago.ch\/fr\/wp-json\/wp\/v2\/types\/product"}],"replies":[{"embeddable":true,"href":"https:\/\/farmaciadellago.ch\/fr\/wp-json\/wp\/v2\/comments?post=4758"}],"wp:featuredmedia":[{"embeddable":true,"href":"https:\/\/farmaciadellago.ch\/fr\/wp-json\/wp\/v2\/media\/4611"}],"wp:attachment":[{"href":"https:\/\/farmaciadellago.ch\/fr\/wp-json\/wp\/v2\/media?parent=4758"}],"wp:term":[{"taxonomy":"product_brand","embeddable":true,"href":"https:\/\/farmaciadellago.ch\/fr\/wp-json\/wp\/v2\/product_brand?post=4758"},{"taxonomy":"product_cat","embeddable":true,"href":"https:\/\/farmaciadellago.ch\/fr\/wp-json\/wp\/v2\/product_cat?post=4758"},{"taxonomy":"product_tag","embeddable":true,"href":"https:\/\/farmaciadellago.ch\/fr\/wp-json\/wp\/v2\/product_tag?post=4758"}],"curies":[{"name":"wp","href":"https:\/\/api.w.org\/{rel}","templated":true}]}}