{"id":4762,"date":"2021-10-01T09:48:12","date_gmt":"2021-10-26T08:50:40","guid":{"rendered":"https:\/\/farmaciadellago.ch\/prodotto\/sinuston-creme-pour-les-seins\/"},"modified":"2022-11-18T16:07:46","modified_gmt":"2022-11-18T15:07:46","slug":"sinuston-creme-pour-les-seins","status":"publish","type":"product","link":"https:\/\/farmaciadellago.ch\/fr\/prodotto\/sinuston-creme-pour-les-seins\/","title":{"rendered":"Cr\u00e8me mammaire tonifiante, raffermissante et hydratante"},"content":{"rendered":"","protected":false},"excerpt":{"rendered":"<div class=\"page\" title=\"Page 13\">\n<div class=\"section\">\n<div class=\"layoutArea\">\n<div class=\"column\">\n<p>Cr\u00e8me tr\u00e8s d\u00e9licate sp\u00e9cialement con\u00e7ue pour raffermir, hydrater et tonifier les seins. Les r\u00e9sultats visibles et surprenants de ce produit sont dus \u00e0 l&rsquo;action r\u00e9g\u00e9n\u00e9rante et aux propri\u00e9t\u00e9s antioxydantes des phytoextraits s\u00e9lectionn\u00e9s produits exclusivement dans nos Laboratoires CHOLLEY.<\/p>\n<p>AVANTAGES:<\/p>\n<ul>\n<li><span>Action astringente pour une peau plus tendue et plus ferme afin d&rsquo;\u00e9viter le rel\u00e2chement des seins.<\/span><\/li>\n<li><span>Action antioxydante pour inhiber les dommages caus\u00e9s par les radicaux libres.<\/span><\/li>\n<li><span>Stimule la r\u00e9g\u00e9n\u00e9ration cellulaire pour plus de soutien et de fermet\u00e9<\/span><\/li>\n<li><span>Action hydratante et \u00e9molliente en profondeur pour augmenter l&rsquo;\u00e9lasticit\u00e9 de la peau et pr\u00e9venir les vergetures.<\/span><\/li>\n<\/ul>\n<\/div><\/div>\n<\/p><\/div>\n<\/p><\/div>\n","protected":false},"featured_media":4495,"comment_status":"open","ping_status":"open","template":"","meta":{"_acf_changed":false,"_seopress_robots_primary_cat":"none","_seopress_titles_title":"","_seopress_titles_desc":"","_seopress_robots_index":""},"product_brand":[],"product_cat":[152,192],"product_tag":[],"class_list":{"0":"post-4762","1":"product","2":"type-product","3":"status-publish","4":"has-post-thumbnail","6":"product_cat-produits-de-beaute","7":"product_cat-sinuston-fr","8":"pa_contenuto-50-ml-fr","10":"first","11":"instock","12":"featured","13":"shipping-taxable","14":"purchasable","15":"product-type-simple"},"acf":[],"_links":{"self":[{"href":"https:\/\/farmaciadellago.ch\/fr\/wp-json\/wp\/v2\/product\/4762","targetHints":{"allow":["GET"]}}],"collection":[{"href":"https:\/\/farmaciadellago.ch\/fr\/wp-json\/wp\/v2\/product"}],"about":[{"href":"https:\/\/farmaciadellago.ch\/fr\/wp-json\/wp\/v2\/types\/product"}],"replies":[{"embeddable":true,"href":"https:\/\/farmaciadellago.ch\/fr\/wp-json\/wp\/v2\/comments?post=4762"}],"wp:featuredmedia":[{"embeddable":true,"href":"https:\/\/farmaciadellago.ch\/fr\/wp-json\/wp\/v2\/media\/4495"}],"wp:attachment":[{"href":"https:\/\/farmaciadellago.ch\/fr\/wp-json\/wp\/v2\/media?parent=4762"}],"wp:term":[{"taxonomy":"product_brand","embeddable":true,"href":"https:\/\/farmaciadellago.ch\/fr\/wp-json\/wp\/v2\/product_brand?post=4762"},{"taxonomy":"product_cat","embeddable":true,"href":"https:\/\/farmaciadellago.ch\/fr\/wp-json\/wp\/v2\/product_cat?post=4762"},{"taxonomy":"product_tag","embeddable":true,"href":"https:\/\/farmaciadellago.ch\/fr\/wp-json\/wp\/v2\/product_tag?post=4762"}],"curies":[{"name":"wp","href":"https:\/\/api.w.org\/{rel}","templated":true}]}}