{"id":4763,"date":"2021-10-25T15:06:59","date_gmt":"2021-10-26T08:50:40","guid":{"rendered":"https:\/\/farmaciadellago.ch\/prodotto\/chariot-serum-concentre-anti-rides-lifting\/"},"modified":"2023-05-26T15:17:48","modified_gmt":"2023-05-26T13:17:48","slug":"cholley-concentrate-serum-lifting-anti-rides","status":"publish","type":"product","link":"https:\/\/farmaciadellago.ch\/fr\/prodotto\/cholley-concentrate-serum-lifting-anti-rides\/","title":{"rendered":"S\u00e9rum anti-\u00e2ge pour la peau"},"content":{"rendered":"","protected":false},"excerpt":{"rendered":"<div class=\"wpb_text_column wpb_content_element \">\n<div class=\"wpb_wrapper\">\n<h3>CHOLLEY Phytocell Booster &#8211; Ref. 1002V<\/h3>\n<p>S\u00e9rum liftant puissant et tr\u00e8s efficace avec une action anti-\u00e2ge intense et instantan\u00e9e. B\u00e9n\u00e9ficiez des derni\u00e8res innovations en bio-ing\u00e9nierie avec un effet anti-\u00e2ge instantan\u00e9 et longue dur\u00e9e, imm\u00e9diatement visible dans une apparence plus jeune, plus fra\u00eeche et plus d\u00e9tendue. Profitez de l&rsquo;effet anti-rides des cellules souches d&rsquo;Uttwiler Sp\u00e4utlauber en les combinant avec la technologie exclusive IC-RAMP\u00ae avec d&rsquo;autres ingr\u00e9dients actifs anti-\u00e2ge sp\u00e9cifiques pour le traitement de la peau.<\/p>\n<p>AVANTAGES:<\/p>\n<ul>\n<li>Action flash anti-rides intense<\/li>\n<li>Effet lifting puissant qui pr\u00e9serve l&rsquo;ovale du visage.<\/li>\n<li>Excellent produit de comblement pour le visage et le contour des l\u00e8vres<\/li>\n<\/ul>\n<p>&nbsp;<\/p>\n<\/div>\n<\/div>\n<p>Pour de meilleurs r\u00e9sultats, matin et soir, apr\u00e8s avoir soigneusement nettoy\u00e9 le visage, le cou et le d\u00e9collet\u00e9, versez quelques gouttes de CHOLLEY Phytocell Booster dans la paume de vos mains.<\/p>\n<div class=\"wpb_text_column wpb_content_element \">\n<div class=\"wpb_wrapper\">\n<p>&nbsp;<\/p>\n<\/div>\n<\/div>\n","protected":false},"featured_media":4619,"comment_status":"open","ping_status":"open","template":"","meta":{"_acf_changed":false,"_seopress_robots_primary_cat":"none","_seopress_titles_title":"CHOLLEY Phytocell Booster - Ref, Un s\u00e9rum liftant tr\u00e8s efficace avec une action anti-\u00e2ge intense et instantan\u00e9e.","_seopress_titles_desc":"B\u00e9n\u00e9ficiez des derni\u00e8res innovations en bio-ing\u00e9nierie avec un effet anti-\u00e2ge instantan\u00e9 et longue dur\u00e9e, imm\u00e9diatement visible dans une apparence plus jeune, plus fra\u00eeche et plus d\u00e9tendue.","_seopress_robots_index":""},"product_brand":[],"product_cat":[159,152],"product_tag":[],"class_list":{"0":"post-4763","1":"product","2":"type-product","3":"status-publish","4":"has-post-thumbnail","6":"product_cat-phytocellule","7":"product_cat-produits-de-beaute","8":"pa_contenuto-30-ml-fr","10":"first","11":"instock","12":"shipping-taxable","13":"purchasable","14":"product-type-simple"},"acf":[],"_links":{"self":[{"href":"https:\/\/farmaciadellago.ch\/fr\/wp-json\/wp\/v2\/product\/4763","targetHints":{"allow":["GET"]}}],"collection":[{"href":"https:\/\/farmaciadellago.ch\/fr\/wp-json\/wp\/v2\/product"}],"about":[{"href":"https:\/\/farmaciadellago.ch\/fr\/wp-json\/wp\/v2\/types\/product"}],"replies":[{"embeddable":true,"href":"https:\/\/farmaciadellago.ch\/fr\/wp-json\/wp\/v2\/comments?post=4763"}],"wp:featuredmedia":[{"embeddable":true,"href":"https:\/\/farmaciadellago.ch\/fr\/wp-json\/wp\/v2\/media\/4619"}],"wp:attachment":[{"href":"https:\/\/farmaciadellago.ch\/fr\/wp-json\/wp\/v2\/media?parent=4763"}],"wp:term":[{"taxonomy":"product_brand","embeddable":true,"href":"https:\/\/farmaciadellago.ch\/fr\/wp-json\/wp\/v2\/product_brand?post=4763"},{"taxonomy":"product_cat","embeddable":true,"href":"https:\/\/farmaciadellago.ch\/fr\/wp-json\/wp\/v2\/product_cat?post=4763"},{"taxonomy":"product_tag","embeddable":true,"href":"https:\/\/farmaciadellago.ch\/fr\/wp-json\/wp\/v2\/product_tag?post=4763"}],"curies":[{"name":"wp","href":"https:\/\/api.w.org\/{rel}","templated":true}]}}