{"id":4774,"date":"2021-09-30T16:13:15","date_gmt":"2021-10-26T08:50:41","guid":{"rendered":"https:\/\/farmaciadellago.ch\/prodotto\/bioregene-huile-apaisante-pv\/"},"modified":"2024-11-20T18:23:42","modified_gmt":"2024-11-20T17:23:42","slug":"bioregene-apaisant-huile-pv","status":"publish","type":"product","link":"https:\/\/farmaciadellago.ch\/fr\/prodotto\/bioregene-apaisant-huile-pv\/","title":{"rendered":"M\u00e9lange d&rsquo;huiles pour les rougeurs"},"content":{"rendered":"","protected":false},"excerpt":{"rendered":"<div class=\"page\" title=\"Page 8\">\n<div class=\"section\">\n<div class=\"layoutArea\">\n<div class=\"column\">\n<p>Pr\u00e9cieux m\u00e9lange d&rsquo;huiles de jojoba, de melaleuca (arbre \u00e0 th\u00e9), d&rsquo;olive et de germe de bl\u00e9 de haute qualit\u00e9 \u00e0 effet apaisant, anti-rougeur et antiseptique imm\u00e9diat pour un soulagement rapide de l&rsquo;\u00e9piderme. Il est particuli\u00e8rement recommand\u00e9 en cas de rosac\u00e9e, de rougeurs ou d&rsquo;inconfort caus\u00e9 par les coups de soleil.<\/p>\n<p>AVANTAGES:<\/p>\n<ul>\n<li>Action d\u00e9congestionnante, anti-rougeurs et antiseptique.<\/li>\n<li>Action \u00e9molliente intense pour une peau merveilleusement douce, souple et \u00e9lastique.<\/li>\n<li>Stimule la production de nouvelles fibres de collag\u00e8ne pour retarder la formation des rides.<\/li>\n<li>Riche en nutriments pour stimuler le m\u00e9tabolisme et les d\u00e9fenses naturelles de la peau.<\/li>\n<\/ul>\n<\/div>\n<\/div>\n<\/div>\n<\/div>\n","protected":false},"featured_media":7559,"comment_status":"open","ping_status":"open","template":"","meta":{"_acf_changed":false,"_seopress_robots_primary_cat":"none","_seopress_titles_title":"","_seopress_titles_desc":"Pr\u00e9cieux m\u00e9lange d'huiles de haute qualit\u00e9 \u00e0 effet apaisant, anti-rougeurs et antiseptique imm\u00e9diat pour un soulagement rapide.","_seopress_robots_index":""},"product_brand":[],"product_cat":[195,152],"product_tag":[],"class_list":{"0":"post-4774","1":"product","2":"type-product","3":"status-publish","4":"has-post-thumbnail","6":"product_cat-bioregeneration","7":"product_cat-produits-de-beaute","8":"pa_contenuto-30-ml-fr","10":"first","11":"instock","12":"shipping-taxable","13":"purchasable","14":"product-type-simple"},"acf":[],"_links":{"self":[{"href":"https:\/\/farmaciadellago.ch\/fr\/wp-json\/wp\/v2\/product\/4774","targetHints":{"allow":["GET"]}}],"collection":[{"href":"https:\/\/farmaciadellago.ch\/fr\/wp-json\/wp\/v2\/product"}],"about":[{"href":"https:\/\/farmaciadellago.ch\/fr\/wp-json\/wp\/v2\/types\/product"}],"replies":[{"embeddable":true,"href":"https:\/\/farmaciadellago.ch\/fr\/wp-json\/wp\/v2\/comments?post=4774"}],"wp:featuredmedia":[{"embeddable":true,"href":"https:\/\/farmaciadellago.ch\/fr\/wp-json\/wp\/v2\/media\/7559"}],"wp:attachment":[{"href":"https:\/\/farmaciadellago.ch\/fr\/wp-json\/wp\/v2\/media?parent=4774"}],"wp:term":[{"taxonomy":"product_brand","embeddable":true,"href":"https:\/\/farmaciadellago.ch\/fr\/wp-json\/wp\/v2\/product_brand?post=4774"},{"taxonomy":"product_cat","embeddable":true,"href":"https:\/\/farmaciadellago.ch\/fr\/wp-json\/wp\/v2\/product_cat?post=4774"},{"taxonomy":"product_tag","embeddable":true,"href":"https:\/\/farmaciadellago.ch\/fr\/wp-json\/wp\/v2\/product_tag?post=4774"}],"curies":[{"name":"wp","href":"https:\/\/api.w.org\/{rel}","templated":true}]}}