{"id":4781,"date":"2021-10-25T15:02:27","date_gmt":"2021-10-26T08:50:42","guid":{"rendered":"https:\/\/farmaciadellago.ch\/prodotto\/chariot-super-anti-age-creme-serum-lifting\/"},"modified":"2023-05-26T15:22:00","modified_gmt":"2023-05-26T13:22:00","slug":"cholley-super-anti-vieillissement-creme-lifting-serum","status":"publish","type":"product","link":"https:\/\/farmaciadellago.ch\/fr\/prodotto\/cholley-super-anti-vieillissement-creme-lifting-serum\/","title":{"rendered":"Coffret Cr\u00e8me &amp; Booster Phytocell"},"content":{"rendered":"","protected":false},"excerpt":{"rendered":"<div class=\"wpb_text_column wpb_content_element \">\n<div class=\"wpb_wrapper\">\n<h3>CHOLLEY Phytocell Cream &amp; Booster Box &#8211; Ref. 1000C1V<\/h3>\n<p>L\u00e9g\u00e8re et \u00e0 la texture luxueuse, la cr\u00e8me Phytocell CHOLLEY p\u00e9n\u00e8tre instantan\u00e9ment et augmente l&rsquo;\u00e9nergie de la peau pour un aspect radieux et une r\u00e9cup\u00e9ration rapide de l&rsquo;oxydation caus\u00e9e par les radicaux libres. CHOLLEY Phytocell Booster utilise les derni\u00e8res avanc\u00e9es en mati\u00e8re de bio-ing\u00e9nierie pour un maximum d&rsquo;avantages anti-\u00e2ge imm\u00e9diats et \u00e0 long terme, r\u00e9sultant en une apparence plus jeune, plus fra\u00eeche et plus lift\u00e9e.<br \/>\nTest\u00e9 dermatologiquement et cliniquement.<\/p>\n<p>AVANTAGES:<\/p>\n<ul>\n<li>Acc\u00e9l\u00e8re la r\u00e9g\u00e9n\u00e9ration de l&rsquo;\u00e9piderme pour une peau plus forte et plus r\u00e9sistante.<\/li>\n<li>R\u00e9duit la profondeur et la taille des rides en restaurant l&rsquo;int\u00e9grit\u00e9 structurelle tridimensionnelle de l&rsquo;\u00e9piderme.<\/li>\n<li>Renforce la fonction de barri\u00e8re de la peau contre le stress environnemental et l&rsquo;oxydation caus\u00e9e par les radicaux libres.<\/li>\n<li>Donne \u00e0 la peau un aspect frais et radieux.<\/li>\n<li>Pr\u00e9vient le rel\u00e2chement de la peau et pr\u00e9serve l&rsquo;ovale du visage.<\/li>\n<\/ul>\n<\/div>\n<\/div>\n","protected":false},"featured_media":4607,"comment_status":"open","ping_status":"open","template":"","meta":{"_acf_changed":false,"_seopress_robots_primary_cat":"none","_seopress_titles_title":"CHOLLEY Phytocell Cream & Booster Box - Ref, Texture l\u00e9g\u00e8re et luxueuse","_seopress_titles_desc":"La cr\u00e8me p\u00e9n\u00e8tre instantan\u00e9ment et stimule l'\u00e9nergie de la peau pour une apparence radieuse et une r\u00e9cup\u00e9ration rapide de l'oxydation caus\u00e9e par les radicaux libres.","_seopress_robots_index":""},"product_brand":[],"product_cat":[159,152],"product_tag":[],"class_list":{"0":"post-4781","1":"product","2":"type-product","3":"status-publish","4":"has-post-thumbnail","6":"product_cat-phytocellule","7":"product_cat-produits-de-beaute","9":"first","10":"instock","11":"shipping-taxable","12":"purchasable","13":"product-type-simple"},"acf":[],"_links":{"self":[{"href":"https:\/\/farmaciadellago.ch\/fr\/wp-json\/wp\/v2\/product\/4781","targetHints":{"allow":["GET"]}}],"collection":[{"href":"https:\/\/farmaciadellago.ch\/fr\/wp-json\/wp\/v2\/product"}],"about":[{"href":"https:\/\/farmaciadellago.ch\/fr\/wp-json\/wp\/v2\/types\/product"}],"replies":[{"embeddable":true,"href":"https:\/\/farmaciadellago.ch\/fr\/wp-json\/wp\/v2\/comments?post=4781"}],"wp:featuredmedia":[{"embeddable":true,"href":"https:\/\/farmaciadellago.ch\/fr\/wp-json\/wp\/v2\/media\/4607"}],"wp:attachment":[{"href":"https:\/\/farmaciadellago.ch\/fr\/wp-json\/wp\/v2\/media?parent=4781"}],"wp:term":[{"taxonomy":"product_brand","embeddable":true,"href":"https:\/\/farmaciadellago.ch\/fr\/wp-json\/wp\/v2\/product_brand?post=4781"},{"taxonomy":"product_cat","embeddable":true,"href":"https:\/\/farmaciadellago.ch\/fr\/wp-json\/wp\/v2\/product_cat?post=4781"},{"taxonomy":"product_tag","embeddable":true,"href":"https:\/\/farmaciadellago.ch\/fr\/wp-json\/wp\/v2\/product_tag?post=4781"}],"curies":[{"name":"wp","href":"https:\/\/api.w.org\/{rel}","templated":true}]}}